{"id":31035,"date":"2025-03-30T10:14:49","date_gmt":"2025-03-30T10:14:49","guid":{"rendered":"https:\/\/elu.com.tn\/?post_type=product&#038;p=31035"},"modified":"2025-03-30T10:17:01","modified_gmt":"2025-03-30T10:17:01","slug":"sac-papillon-fantaisie-style-unique-et-ludique","status":"publish","type":"product","link":"https:\/\/elu.com.tn\/index.php\/produit\/sac-papillon-fantaisie-style-unique-et-ludique\/","title":{"rendered":"Sac Papillon Fantaisie \u2013 Style Unique et Ludique"},"content":{"rendered":"<p class=\"\" data-start=\"64\" data-end=\"364\">Ajoutez une touche d\u2019originalit\u00e9 \u00e0 votre tenue avec ce sac en forme de papillon, orn\u00e9 de motifs color\u00e9s, de d\u00e9tails dor\u00e9s et d\u2019un fermoir en forme de lapin scintillant. Ce sac tendance est parfait pour celles qui aiment se d\u00e9marquer avec un accessoire \u00e0 la fois chic et amusant.<\/p>\n<p class=\"\" data-start=\"366\" data-end=\"583\">\ud83d\udc5c <strong data-start=\"369\" data-end=\"391\">Caract\u00e9ristiques :<\/strong><br data-start=\"391\" data-end=\"394\" \/>\u2714 Forme papillon avec finitions soign\u00e9es<br data-start=\"434\" data-end=\"437\" \/>\u2714 Motifs fun et d\u00e9tails dor\u00e9s<br data-start=\"466\" data-end=\"469\" data-is-only-node=\"\" \/>\u2714 Fermeture s\u00e9curis\u00e9e et bandouli\u00e8re ajustable<br data-start=\"515\" data-end=\"518\" \/>\u2714 Id\u00e9al pour une tenue d\u00e9contract\u00e9e ou une touche d\u2019originalit\u00e9<\/p>\n","protected":false},"excerpt":{"rendered":"<p>Ajoutez une touche d\u2019originalit\u00e9 \u00e0 votre tenue avec ce sac en forme de papillon, orn\u00e9 de motifs color\u00e9s, de d\u00e9tails<\/p>\n","protected":false},"featured_media":31043,"comment_status":"open","ping_status":"closed","template":"","meta":[],"product_brand":[],"product_cat":[107],"product_tag":[],"class_list":{"0":"post-31035","1":"product","2":"type-product","3":"status-publish","4":"has-post-thumbnail","6":"product_cat-accessoires","8":"first","9":"instock","10":"shipping-taxable","11":"purchasable","12":"product-type-variable"},"yoast_head":"<!-- This site is optimized with the Yoast SEO Premium plugin v25.1 (Yoast SEO v26.6) - https:\/\/yoast.com\/wordpress\/plugins\/seo\/ -->\n<title>Sac Papillon Fantaisie \u2013 Style Unique et Ludique - Elu<\/title>\n<meta name=\"robots\" content=\"index, follow, max-snippet:-1, max-image-preview:large, max-video-preview:-1\" \/>\n<link rel=\"canonical\" href=\"https:\/\/elu.com.tn\/index.php\/produit\/sac-papillon-fantaisie-style-unique-et-ludique\/\" \/>\n<meta property=\"og:locale\" content=\"fr_FR\" \/>\n<meta property=\"og:type\" content=\"article\" \/>\n<meta property=\"og:title\" content=\"Sac Papillon Fantaisie \u2013 Style Unique et Ludique\" \/>\n<meta property=\"og:description\" content=\"Ajoutez une touche d\u2019originalit\u00e9 \u00e0 votre tenue avec ce sac en forme de papillon, orn\u00e9 de motifs color\u00e9s, de d\u00e9tails\" \/>\n<meta property=\"og:url\" content=\"https:\/\/elu.com.tn\/index.php\/produit\/sac-papillon-fantaisie-style-unique-et-ludique\/\" \/>\n<meta property=\"og:site_name\" content=\"Elu\" \/>\n<meta property=\"article:publisher\" content=\"https:\/\/www.facebook.com\/ELU.PRET.A.PORTER.ET.ACCESSOIRES\/?locale=fr_FR\" \/>\n<meta property=\"article:modified_time\" content=\"2025-03-30T10:17:01+00:00\" \/>\n<meta property=\"og:image\" content=\"https:\/\/elu.com.tn\/wp-content\/uploads\/2025\/03\/DSC08763.jpg\" \/>\n\t<meta property=\"og:image:width\" content=\"1280\" \/>\n\t<meta property=\"og:image:height\" content=\"1920\" \/>\n\t<meta property=\"og:image:type\" content=\"image\/jpeg\" \/>\n<meta name=\"twitter:card\" content=\"summary_large_image\" \/>\n<meta name=\"twitter:label1\" content=\"Disponibilit\u00e9\" \/>\n\t<meta name=\"twitter:data1\" content=\"En stock\" \/>\n<script type=\"application\/ld+json\" class=\"yoast-schema-graph\">{\"@context\":\"https:\/\/schema.org\",\"@graph\":[{\"@type\":\"WebPage\",\"@id\":\"https:\/\/elu.com.tn\/index.php\/produit\/sac-papillon-fantaisie-style-unique-et-ludique\/\",\"url\":\"https:\/\/elu.com.tn\/index.php\/produit\/sac-papillon-fantaisie-style-unique-et-ludique\/\",\"name\":\"Sac Papillon Fantaisie \u2013 Style Unique et Ludique - Elu\",\"isPartOf\":{\"@id\":\"https:\/\/elu.com.tn\/#website\"},\"primaryImageOfPage\":{\"@id\":\"https:\/\/elu.com.tn\/index.php\/produit\/sac-papillon-fantaisie-style-unique-et-ludique\/#primaryimage\"},\"image\":{\"@id\":\"https:\/\/elu.com.tn\/index.php\/produit\/sac-papillon-fantaisie-style-unique-et-ludique\/#primaryimage\"},\"thumbnailUrl\":\"https:\/\/elu.com.tn\/wp-content\/uploads\/2025\/03\/DSC08763.jpg\",\"datePublished\":\"2025-03-30T10:14:49+00:00\",\"dateModified\":\"2025-03-30T10:17:01+00:00\",\"breadcrumb\":{\"@id\":\"https:\/\/elu.com.tn\/index.php\/produit\/sac-papillon-fantaisie-style-unique-et-ludique\/#breadcrumb\"},\"inLanguage\":\"fr-FR\",\"potentialAction\":[{\"@type\":\"ReadAction\",\"target\":[\"https:\/\/elu.com.tn\/index.php\/produit\/sac-papillon-fantaisie-style-unique-et-ludique\/\"]}]},{\"@type\":\"ImageObject\",\"inLanguage\":\"fr-FR\",\"@id\":\"https:\/\/elu.com.tn\/index.php\/produit\/sac-papillon-fantaisie-style-unique-et-ludique\/#primaryimage\",\"url\":\"https:\/\/elu.com.tn\/wp-content\/uploads\/2025\/03\/DSC08763.jpg\",\"contentUrl\":\"https:\/\/elu.com.tn\/wp-content\/uploads\/2025\/03\/DSC08763.jpg\",\"width\":1280,\"height\":1920},{\"@type\":\"BreadcrumbList\",\"@id\":\"https:\/\/elu.com.tn\/index.php\/produit\/sac-papillon-fantaisie-style-unique-et-ludique\/#breadcrumb\",\"itemListElement\":[{\"@type\":\"ListItem\",\"position\":1,\"name\":\"Accueil\",\"item\":\"https:\/\/elu.com.tn\/\"},{\"@type\":\"ListItem\",\"position\":2,\"name\":\"Boutique\",\"item\":\"https:\/\/elu.com.tn\/index.php\/shop\/\"},{\"@type\":\"ListItem\",\"position\":3,\"name\":\"Sac Papillon Fantaisie \u2013 Style Unique et Ludique\"}]},{\"@type\":\"WebSite\",\"@id\":\"https:\/\/elu.com.tn\/#website\",\"url\":\"https:\/\/elu.com.tn\/\",\"name\":\"Elu\",\"description\":\"\",\"publisher\":{\"@id\":\"https:\/\/elu.com.tn\/#organization\"},\"potentialAction\":[{\"@type\":\"SearchAction\",\"target\":{\"@type\":\"EntryPoint\",\"urlTemplate\":\"https:\/\/elu.com.tn\/?s={search_term_string}\"},\"query-input\":{\"@type\":\"PropertyValueSpecification\",\"valueRequired\":true,\"valueName\":\"search_term_string\"}}],\"inLanguage\":\"fr-FR\"},{\"@type\":[\"Organization\",\"Place\"],\"@id\":\"https:\/\/elu.com.tn\/#organization\",\"name\":\"Elu\",\"url\":\"https:\/\/elu.com.tn\/\",\"logo\":{\"@type\":\"ImageObject\",\"inLanguage\":\"fr-FR\",\"@id\":\"https:\/\/elu.com.tn\/#\/schema\/logo\/image\/\",\"url\":\"https:\/\/elu.com.tn\/wp-content\/uploads\/2024\/12\/1-stores_default.png\",\"contentUrl\":\"https:\/\/elu.com.tn\/wp-content\/uploads\/2024\/12\/1-stores_default.png\",\"width\":170,\"height\":115,\"caption\":\"Elu\"},\"image\":{\"@id\":\"https:\/\/elu.com.tn\/#\/schema\/logo\/image\/\"},\"sameAs\":[\"https:\/\/www.facebook.com\/ELU.PRET.A.PORTER.ET.ACCESSOIRES\/?locale=fr_FR\",\"https:\/\/www.instagram.com\/elu_insta\/?hl=fr\"],\"mainEntityOfPage\":{\"@id\":\"https:\/\/elu.com.tn\/index.php\/produit\/sac-papillon-fantaisie-style-unique-et-ludique\/\"}}]}<\/script>\n<meta property=\"og:availability\" content=\"instock\" \/>\n<meta property=\"product:availability\" content=\"instock\" \/>\n<meta property=\"product:retailer_item_id\" content=\"ACSAC21025\" \/>\n<meta property=\"product:condition\" content=\"new\" \/>\n<meta name=\"geo.placename\" content=\"sousse\" \/>\n<meta name=\"geo.position\" content=\"35.831322690284125;10.633209332900613\" \/>\n<meta name=\"geo.region\" content=\"Tunisie\" \/>\n<!-- \/ Yoast SEO Premium plugin. -->","yoast_head_json":{"title":"Sac Papillon Fantaisie \u2013 Style Unique et Ludique - Elu","robots":{"index":"index","follow":"follow","max-snippet":"max-snippet:-1","max-image-preview":"max-image-preview:large","max-video-preview":"max-video-preview:-1"},"canonical":"https:\/\/elu.com.tn\/index.php\/produit\/sac-papillon-fantaisie-style-unique-et-ludique\/","og_locale":"fr_FR","og_type":"article","og_title":"Sac Papillon Fantaisie \u2013 Style Unique et Ludique","og_description":"Ajoutez une touche d\u2019originalit\u00e9 \u00e0 votre tenue avec ce sac en forme de papillon, orn\u00e9 de motifs color\u00e9s, de d\u00e9tails","og_url":"https:\/\/elu.com.tn\/index.php\/produit\/sac-papillon-fantaisie-style-unique-et-ludique\/","og_site_name":"Elu","article_publisher":"https:\/\/www.facebook.com\/ELU.PRET.A.PORTER.ET.ACCESSOIRES\/?locale=fr_FR","article_modified_time":"2025-03-30T10:17:01+00:00","og_image":[{"width":1280,"height":1920,"url":"https:\/\/elu.com.tn\/wp-content\/uploads\/2025\/03\/DSC08763.jpg","type":"image\/jpeg"}],"twitter_card":"summary_large_image","twitter_misc":{"Disponibilit\u00e9":"En stock"},"schema":{"@context":"https:\/\/schema.org","@graph":[{"@type":"WebPage","@id":"https:\/\/elu.com.tn\/index.php\/produit\/sac-papillon-fantaisie-style-unique-et-ludique\/","url":"https:\/\/elu.com.tn\/index.php\/produit\/sac-papillon-fantaisie-style-unique-et-ludique\/","name":"Sac Papillon Fantaisie \u2013 Style Unique et Ludique - Elu","isPartOf":{"@id":"https:\/\/elu.com.tn\/#website"},"primaryImageOfPage":{"@id":"https:\/\/elu.com.tn\/index.php\/produit\/sac-papillon-fantaisie-style-unique-et-ludique\/#primaryimage"},"image":{"@id":"https:\/\/elu.com.tn\/index.php\/produit\/sac-papillon-fantaisie-style-unique-et-ludique\/#primaryimage"},"thumbnailUrl":"https:\/\/elu.com.tn\/wp-content\/uploads\/2025\/03\/DSC08763.jpg","datePublished":"2025-03-30T10:14:49+00:00","dateModified":"2025-03-30T10:17:01+00:00","breadcrumb":{"@id":"https:\/\/elu.com.tn\/index.php\/produit\/sac-papillon-fantaisie-style-unique-et-ludique\/#breadcrumb"},"inLanguage":"fr-FR","potentialAction":[{"@type":"ReadAction","target":["https:\/\/elu.com.tn\/index.php\/produit\/sac-papillon-fantaisie-style-unique-et-ludique\/"]}]},{"@type":"ImageObject","inLanguage":"fr-FR","@id":"https:\/\/elu.com.tn\/index.php\/produit\/sac-papillon-fantaisie-style-unique-et-ludique\/#primaryimage","url":"https:\/\/elu.com.tn\/wp-content\/uploads\/2025\/03\/DSC08763.jpg","contentUrl":"https:\/\/elu.com.tn\/wp-content\/uploads\/2025\/03\/DSC08763.jpg","width":1280,"height":1920},{"@type":"BreadcrumbList","@id":"https:\/\/elu.com.tn\/index.php\/produit\/sac-papillon-fantaisie-style-unique-et-ludique\/#breadcrumb","itemListElement":[{"@type":"ListItem","position":1,"name":"Accueil","item":"https:\/\/elu.com.tn\/"},{"@type":"ListItem","position":2,"name":"Boutique","item":"https:\/\/elu.com.tn\/index.php\/shop\/"},{"@type":"ListItem","position":3,"name":"Sac Papillon Fantaisie \u2013 Style Unique et Ludique"}]},{"@type":"WebSite","@id":"https:\/\/elu.com.tn\/#website","url":"https:\/\/elu.com.tn\/","name":"Elu","description":"","publisher":{"@id":"https:\/\/elu.com.tn\/#organization"},"potentialAction":[{"@type":"SearchAction","target":{"@type":"EntryPoint","urlTemplate":"https:\/\/elu.com.tn\/?s={search_term_string}"},"query-input":{"@type":"PropertyValueSpecification","valueRequired":true,"valueName":"search_term_string"}}],"inLanguage":"fr-FR"},{"@type":["Organization","Place"],"@id":"https:\/\/elu.com.tn\/#organization","name":"Elu","url":"https:\/\/elu.com.tn\/","logo":{"@type":"ImageObject","inLanguage":"fr-FR","@id":"https:\/\/elu.com.tn\/#\/schema\/logo\/image\/","url":"https:\/\/elu.com.tn\/wp-content\/uploads\/2024\/12\/1-stores_default.png","contentUrl":"https:\/\/elu.com.tn\/wp-content\/uploads\/2024\/12\/1-stores_default.png","width":170,"height":115,"caption":"Elu"},"image":{"@id":"https:\/\/elu.com.tn\/#\/schema\/logo\/image\/"},"sameAs":["https:\/\/www.facebook.com\/ELU.PRET.A.PORTER.ET.ACCESSOIRES\/?locale=fr_FR","https:\/\/www.instagram.com\/elu_insta\/?hl=fr"],"mainEntityOfPage":{"@id":"https:\/\/elu.com.tn\/index.php\/produit\/sac-papillon-fantaisie-style-unique-et-ludique\/"}}]},"og_availability":"instock","product_availability":"instock","product_retailer_item_id":"ACSAC21025","product_condition":"new","geo.placename":"sousse","geo.position":{"lat":"35.831322690284125","long":"10.633209332900613"},"geo.region":"Tunisie"},"jetpack_sharing_enabled":true,"_links":{"self":[{"href":"https:\/\/elu.com.tn\/index.php\/wp-json\/wp\/v2\/product\/31035","targetHints":{"allow":["GET"]}}],"collection":[{"href":"https:\/\/elu.com.tn\/index.php\/wp-json\/wp\/v2\/product"}],"about":[{"href":"https:\/\/elu.com.tn\/index.php\/wp-json\/wp\/v2\/types\/product"}],"replies":[{"embeddable":true,"href":"https:\/\/elu.com.tn\/index.php\/wp-json\/wp\/v2\/comments?post=31035"}],"version-history":[{"count":0,"href":"https:\/\/elu.com.tn\/index.php\/wp-json\/wp\/v2\/product\/31035\/revisions"}],"wp:featuredmedia":[{"embeddable":true,"href":"https:\/\/elu.com.tn\/index.php\/wp-json\/wp\/v2\/media\/31043"}],"wp:attachment":[{"href":"https:\/\/elu.com.tn\/index.php\/wp-json\/wp\/v2\/media?parent=31035"}],"wp:term":[{"taxonomy":"product_brand","embeddable":true,"href":"https:\/\/elu.com.tn\/index.php\/wp-json\/wp\/v2\/product_brand?post=31035"},{"taxonomy":"product_cat","embeddable":true,"href":"https:\/\/elu.com.tn\/index.php\/wp-json\/wp\/v2\/product_cat?post=31035"},{"taxonomy":"product_tag","embeddable":true,"href":"https:\/\/elu.com.tn\/index.php\/wp-json\/wp\/v2\/product_tag?post=31035"}],"curies":[{"name":"wp","href":"https:\/\/api.w.org\/{rel}","templated":true}]}}