{"id":31087,"date":"2025-03-30T10:25:10","date_gmt":"2025-03-30T10:25:10","guid":{"rendered":"https:\/\/elu.com.tn\/?post_type=product&#038;p=31087"},"modified":"2025-04-02T13:33:46","modified_gmt":"2025-04-02T13:33:46","slug":"sac-bandouliere-rond-design-ludique","status":"publish","type":"product","link":"https:\/\/elu.com.tn\/index.php\/produit\/sac-bandouliere-rond-design-ludique\/","title":{"rendered":"Sac bandouli\u00e8re rond design ludique"},"content":{"rendered":"<p>pportez une touche d\u2019originalit\u00e9 \u00e0 votre style avec ce sac rond tendance aux motifs fun et color\u00e9s. Dot\u00e9 d\u2019une fermeture m\u00e9tallique d\u00e9corative en forme de visage et d\u2019une sangle ajustable en cuir synth\u00e9tique, il allie praticit\u00e9 et esth\u00e9tique. Id\u00e9al pour une tenue d\u00e9contract\u00e9e ou une sortie styl\u00e9e !<\/p>\n","protected":false},"excerpt":{"rendered":"<p>pportez une touche d\u2019originalit\u00e9 \u00e0 votre style avec ce sac rond tendance aux motifs fun et color\u00e9s. Dot\u00e9 d\u2019une fermeture<\/p>\n","protected":false},"featured_media":31075,"comment_status":"open","ping_status":"closed","template":"","meta":[],"product_brand":[],"product_cat":[107],"product_tag":[],"class_list":{"0":"post-31087","1":"product","2":"type-product","3":"status-publish","4":"has-post-thumbnail","6":"product_cat-accessoires","8":"first","9":"instock","10":"shipping-taxable","11":"purchasable","12":"product-type-variable","13":"has-default-attributes"},"yoast_head":"<!-- This site is optimized with the Yoast SEO Premium plugin v25.1 (Yoast SEO v26.6) - https:\/\/yoast.com\/wordpress\/plugins\/seo\/ -->\n<title>Sac bandouli\u00e8re rond design ludique - Elu<\/title>\n<meta name=\"robots\" content=\"index, follow, max-snippet:-1, max-image-preview:large, max-video-preview:-1\" \/>\n<link rel=\"canonical\" href=\"https:\/\/elu.com.tn\/index.php\/produit\/sac-bandouliere-rond-design-ludique\/\" \/>\n<meta property=\"og:locale\" content=\"fr_FR\" \/>\n<meta property=\"og:type\" content=\"article\" \/>\n<meta property=\"og:title\" content=\"Sac bandouli\u00e8re rond design ludique\" \/>\n<meta property=\"og:description\" content=\"pportez une touche d\u2019originalit\u00e9 \u00e0 votre style avec ce sac rond tendance aux motifs fun et color\u00e9s. Dot\u00e9 d\u2019une fermeture\" \/>\n<meta property=\"og:url\" content=\"https:\/\/elu.com.tn\/index.php\/produit\/sac-bandouliere-rond-design-ludique\/\" \/>\n<meta property=\"og:site_name\" content=\"Elu\" \/>\n<meta property=\"article:publisher\" content=\"https:\/\/www.facebook.com\/ELU.PRET.A.PORTER.ET.ACCESSOIRES\/?locale=fr_FR\" \/>\n<meta property=\"article:modified_time\" content=\"2025-04-02T13:33:46+00:00\" \/>\n<meta property=\"og:image\" content=\"https:\/\/elu.com.tn\/wp-content\/uploads\/2025\/03\/DSC08816.jpg\" \/>\n\t<meta property=\"og:image:width\" content=\"1280\" \/>\n\t<meta property=\"og:image:height\" content=\"1920\" \/>\n\t<meta property=\"og:image:type\" content=\"image\/jpeg\" \/>\n<meta name=\"twitter:card\" content=\"summary_large_image\" \/>\n<meta name=\"twitter:label1\" content=\"Disponibilit\u00e9\" \/>\n\t<meta name=\"twitter:data1\" content=\"En stock\" \/>\n<script type=\"application\/ld+json\" class=\"yoast-schema-graph\">{\"@context\":\"https:\/\/schema.org\",\"@graph\":[{\"@type\":\"WebPage\",\"@id\":\"https:\/\/elu.com.tn\/index.php\/produit\/sac-bandouliere-rond-design-ludique\/\",\"url\":\"https:\/\/elu.com.tn\/index.php\/produit\/sac-bandouliere-rond-design-ludique\/\",\"name\":\"Sac bandouli\u00e8re rond design ludique - Elu\",\"isPartOf\":{\"@id\":\"https:\/\/elu.com.tn\/#website\"},\"primaryImageOfPage\":{\"@id\":\"https:\/\/elu.com.tn\/index.php\/produit\/sac-bandouliere-rond-design-ludique\/#primaryimage\"},\"image\":{\"@id\":\"https:\/\/elu.com.tn\/index.php\/produit\/sac-bandouliere-rond-design-ludique\/#primaryimage\"},\"thumbnailUrl\":\"https:\/\/elu.com.tn\/wp-content\/uploads\/2025\/03\/DSC08816.jpg\",\"datePublished\":\"2025-03-30T10:25:10+00:00\",\"dateModified\":\"2025-04-02T13:33:46+00:00\",\"breadcrumb\":{\"@id\":\"https:\/\/elu.com.tn\/index.php\/produit\/sac-bandouliere-rond-design-ludique\/#breadcrumb\"},\"inLanguage\":\"fr-FR\",\"potentialAction\":[{\"@type\":\"ReadAction\",\"target\":[\"https:\/\/elu.com.tn\/index.php\/produit\/sac-bandouliere-rond-design-ludique\/\"]}]},{\"@type\":\"ImageObject\",\"inLanguage\":\"fr-FR\",\"@id\":\"https:\/\/elu.com.tn\/index.php\/produit\/sac-bandouliere-rond-design-ludique\/#primaryimage\",\"url\":\"https:\/\/elu.com.tn\/wp-content\/uploads\/2025\/03\/DSC08816.jpg\",\"contentUrl\":\"https:\/\/elu.com.tn\/wp-content\/uploads\/2025\/03\/DSC08816.jpg\",\"width\":1280,\"height\":1920},{\"@type\":\"BreadcrumbList\",\"@id\":\"https:\/\/elu.com.tn\/index.php\/produit\/sac-bandouliere-rond-design-ludique\/#breadcrumb\",\"itemListElement\":[{\"@type\":\"ListItem\",\"position\":1,\"name\":\"Accueil\",\"item\":\"https:\/\/elu.com.tn\/\"},{\"@type\":\"ListItem\",\"position\":2,\"name\":\"Boutique\",\"item\":\"https:\/\/elu.com.tn\/index.php\/shop\/\"},{\"@type\":\"ListItem\",\"position\":3,\"name\":\"Sac bandouli\u00e8re rond design ludique\"}]},{\"@type\":\"WebSite\",\"@id\":\"https:\/\/elu.com.tn\/#website\",\"url\":\"https:\/\/elu.com.tn\/\",\"name\":\"Elu\",\"description\":\"\",\"publisher\":{\"@id\":\"https:\/\/elu.com.tn\/#organization\"},\"potentialAction\":[{\"@type\":\"SearchAction\",\"target\":{\"@type\":\"EntryPoint\",\"urlTemplate\":\"https:\/\/elu.com.tn\/?s={search_term_string}\"},\"query-input\":{\"@type\":\"PropertyValueSpecification\",\"valueRequired\":true,\"valueName\":\"search_term_string\"}}],\"inLanguage\":\"fr-FR\"},{\"@type\":[\"Organization\",\"Place\"],\"@id\":\"https:\/\/elu.com.tn\/#organization\",\"name\":\"Elu\",\"url\":\"https:\/\/elu.com.tn\/\",\"logo\":{\"@type\":\"ImageObject\",\"inLanguage\":\"fr-FR\",\"@id\":\"https:\/\/elu.com.tn\/#\/schema\/logo\/image\/\",\"url\":\"https:\/\/elu.com.tn\/wp-content\/uploads\/2024\/12\/1-stores_default.png\",\"contentUrl\":\"https:\/\/elu.com.tn\/wp-content\/uploads\/2024\/12\/1-stores_default.png\",\"width\":170,\"height\":115,\"caption\":\"Elu\"},\"image\":{\"@id\":\"https:\/\/elu.com.tn\/#\/schema\/logo\/image\/\"},\"sameAs\":[\"https:\/\/www.facebook.com\/ELU.PRET.A.PORTER.ET.ACCESSOIRES\/?locale=fr_FR\",\"https:\/\/www.instagram.com\/elu_insta\/?hl=fr\"],\"mainEntityOfPage\":{\"@id\":\"https:\/\/elu.com.tn\/index.php\/produit\/sac-bandouliere-rond-design-ludique\/\"}}]}<\/script>\n<meta property=\"og:availability\" content=\"instock\" \/>\n<meta property=\"product:availability\" content=\"instock\" \/>\n<meta property=\"product:retailer_item_id\" content=\"ACSAC22425\" \/>\n<meta property=\"product:condition\" content=\"new\" \/>\n<meta name=\"geo.placename\" content=\"sousse\" \/>\n<meta name=\"geo.position\" content=\"35.831322690284125;10.633209332900613\" \/>\n<meta name=\"geo.region\" content=\"Tunisie\" \/>\n<!-- \/ Yoast SEO Premium plugin. -->","yoast_head_json":{"title":"Sac bandouli\u00e8re rond design ludique - Elu","robots":{"index":"index","follow":"follow","max-snippet":"max-snippet:-1","max-image-preview":"max-image-preview:large","max-video-preview":"max-video-preview:-1"},"canonical":"https:\/\/elu.com.tn\/index.php\/produit\/sac-bandouliere-rond-design-ludique\/","og_locale":"fr_FR","og_type":"article","og_title":"Sac bandouli\u00e8re rond design ludique","og_description":"pportez une touche d\u2019originalit\u00e9 \u00e0 votre style avec ce sac rond tendance aux motifs fun et color\u00e9s. Dot\u00e9 d\u2019une fermeture","og_url":"https:\/\/elu.com.tn\/index.php\/produit\/sac-bandouliere-rond-design-ludique\/","og_site_name":"Elu","article_publisher":"https:\/\/www.facebook.com\/ELU.PRET.A.PORTER.ET.ACCESSOIRES\/?locale=fr_FR","article_modified_time":"2025-04-02T13:33:46+00:00","og_image":[{"width":1280,"height":1920,"url":"https:\/\/elu.com.tn\/wp-content\/uploads\/2025\/03\/DSC08816.jpg","type":"image\/jpeg"}],"twitter_card":"summary_large_image","twitter_misc":{"Disponibilit\u00e9":"En stock"},"schema":{"@context":"https:\/\/schema.org","@graph":[{"@type":"WebPage","@id":"https:\/\/elu.com.tn\/index.php\/produit\/sac-bandouliere-rond-design-ludique\/","url":"https:\/\/elu.com.tn\/index.php\/produit\/sac-bandouliere-rond-design-ludique\/","name":"Sac bandouli\u00e8re rond design ludique - Elu","isPartOf":{"@id":"https:\/\/elu.com.tn\/#website"},"primaryImageOfPage":{"@id":"https:\/\/elu.com.tn\/index.php\/produit\/sac-bandouliere-rond-design-ludique\/#primaryimage"},"image":{"@id":"https:\/\/elu.com.tn\/index.php\/produit\/sac-bandouliere-rond-design-ludique\/#primaryimage"},"thumbnailUrl":"https:\/\/elu.com.tn\/wp-content\/uploads\/2025\/03\/DSC08816.jpg","datePublished":"2025-03-30T10:25:10+00:00","dateModified":"2025-04-02T13:33:46+00:00","breadcrumb":{"@id":"https:\/\/elu.com.tn\/index.php\/produit\/sac-bandouliere-rond-design-ludique\/#breadcrumb"},"inLanguage":"fr-FR","potentialAction":[{"@type":"ReadAction","target":["https:\/\/elu.com.tn\/index.php\/produit\/sac-bandouliere-rond-design-ludique\/"]}]},{"@type":"ImageObject","inLanguage":"fr-FR","@id":"https:\/\/elu.com.tn\/index.php\/produit\/sac-bandouliere-rond-design-ludique\/#primaryimage","url":"https:\/\/elu.com.tn\/wp-content\/uploads\/2025\/03\/DSC08816.jpg","contentUrl":"https:\/\/elu.com.tn\/wp-content\/uploads\/2025\/03\/DSC08816.jpg","width":1280,"height":1920},{"@type":"BreadcrumbList","@id":"https:\/\/elu.com.tn\/index.php\/produit\/sac-bandouliere-rond-design-ludique\/#breadcrumb","itemListElement":[{"@type":"ListItem","position":1,"name":"Accueil","item":"https:\/\/elu.com.tn\/"},{"@type":"ListItem","position":2,"name":"Boutique","item":"https:\/\/elu.com.tn\/index.php\/shop\/"},{"@type":"ListItem","position":3,"name":"Sac bandouli\u00e8re rond design ludique"}]},{"@type":"WebSite","@id":"https:\/\/elu.com.tn\/#website","url":"https:\/\/elu.com.tn\/","name":"Elu","description":"","publisher":{"@id":"https:\/\/elu.com.tn\/#organization"},"potentialAction":[{"@type":"SearchAction","target":{"@type":"EntryPoint","urlTemplate":"https:\/\/elu.com.tn\/?s={search_term_string}"},"query-input":{"@type":"PropertyValueSpecification","valueRequired":true,"valueName":"search_term_string"}}],"inLanguage":"fr-FR"},{"@type":["Organization","Place"],"@id":"https:\/\/elu.com.tn\/#organization","name":"Elu","url":"https:\/\/elu.com.tn\/","logo":{"@type":"ImageObject","inLanguage":"fr-FR","@id":"https:\/\/elu.com.tn\/#\/schema\/logo\/image\/","url":"https:\/\/elu.com.tn\/wp-content\/uploads\/2024\/12\/1-stores_default.png","contentUrl":"https:\/\/elu.com.tn\/wp-content\/uploads\/2024\/12\/1-stores_default.png","width":170,"height":115,"caption":"Elu"},"image":{"@id":"https:\/\/elu.com.tn\/#\/schema\/logo\/image\/"},"sameAs":["https:\/\/www.facebook.com\/ELU.PRET.A.PORTER.ET.ACCESSOIRES\/?locale=fr_FR","https:\/\/www.instagram.com\/elu_insta\/?hl=fr"],"mainEntityOfPage":{"@id":"https:\/\/elu.com.tn\/index.php\/produit\/sac-bandouliere-rond-design-ludique\/"}}]},"og_availability":"instock","product_availability":"instock","product_retailer_item_id":"ACSAC22425","product_condition":"new","geo.placename":"sousse","geo.position":{"lat":"35.831322690284125","long":"10.633209332900613"},"geo.region":"Tunisie"},"jetpack_sharing_enabled":true,"_links":{"self":[{"href":"https:\/\/elu.com.tn\/index.php\/wp-json\/wp\/v2\/product\/31087","targetHints":{"allow":["GET"]}}],"collection":[{"href":"https:\/\/elu.com.tn\/index.php\/wp-json\/wp\/v2\/product"}],"about":[{"href":"https:\/\/elu.com.tn\/index.php\/wp-json\/wp\/v2\/types\/product"}],"replies":[{"embeddable":true,"href":"https:\/\/elu.com.tn\/index.php\/wp-json\/wp\/v2\/comments?post=31087"}],"version-history":[{"count":0,"href":"https:\/\/elu.com.tn\/index.php\/wp-json\/wp\/v2\/product\/31087\/revisions"}],"wp:featuredmedia":[{"embeddable":true,"href":"https:\/\/elu.com.tn\/index.php\/wp-json\/wp\/v2\/media\/31075"}],"wp:attachment":[{"href":"https:\/\/elu.com.tn\/index.php\/wp-json\/wp\/v2\/media?parent=31087"}],"wp:term":[{"taxonomy":"product_brand","embeddable":true,"href":"https:\/\/elu.com.tn\/index.php\/wp-json\/wp\/v2\/product_brand?post=31087"},{"taxonomy":"product_cat","embeddable":true,"href":"https:\/\/elu.com.tn\/index.php\/wp-json\/wp\/v2\/product_cat?post=31087"},{"taxonomy":"product_tag","embeddable":true,"href":"https:\/\/elu.com.tn\/index.php\/wp-json\/wp\/v2\/product_tag?post=31087"}],"curies":[{"name":"wp","href":"https:\/\/api.w.org\/{rel}","templated":true}]}}