{"id":31329,"date":"2025-04-08T18:24:43","date_gmt":"2025-04-08T18:24:43","guid":{"rendered":"https:\/\/elu.com.tn\/?post_type=product&#038;p=31329"},"modified":"2025-04-08T18:28:50","modified_gmt":"2025-04-08T18:28:50","slug":"mini-sac-coffre-funny-eyes-bunny-eye-theme","status":"publish","type":"product","link":"https:\/\/elu.com.tn\/index.php\/produit\/mini-sac-coffre-funny-eyes-bunny-eye-theme\/","title":{"rendered":"Mini Sac Coffre \u201cFunny Eyes Bunny\u201d \u2013 EYE THEME"},"content":{"rendered":"<ul data-start=\"137\" data-end=\"1132\">\n<li class=\"\" data-start=\"137\" data-end=\"244\">\n<p class=\"\" data-start=\"139\" data-end=\"244\"><strong data-start=\"139\" data-end=\"148\">Style<\/strong> : Sac rigide fa\u00e7on coffre, ultra styl\u00e9 et d\u00e9cal\u00e9, parfait pour celles qui aiment se d\u00e9marquer !<\/p>\n<\/li>\n<li class=\"\" data-start=\"245\" data-end=\"524\">\n<p class=\"\" data-start=\"247\" data-end=\"268\"><strong data-start=\"247\" data-end=\"264\">Design unique<\/strong> :<\/p>\n<ul data-start=\"271\" data-end=\"524\">\n<li class=\"\" data-start=\"271\" data-end=\"382\">\n<p class=\"\" data-start=\"273\" data-end=\"382\">Visage expressif avec grands yeux ronds et motifs bande dessin\u00e9e (banane, fl\u00e8che, coccinelle, cerise, c\u0153ur\u2026).<\/p>\n<\/li>\n<li class=\"\" data-start=\"385\" data-end=\"524\">\n<p class=\"\" data-start=\"387\" data-end=\"524\">Fermeture bijou <strong data-start=\"403\" data-end=\"441\">dor\u00e9e en forme d\u2019oreilles de lapin<\/strong> avec strass incrust\u00e9s et deux petits yeux \u2013 une touche fun et luxueuse \u00e0 la fois !<\/p>\n<\/li>\n<\/ul>\n<\/li>\n<li class=\"\" data-start=\"525\" data-end=\"609\">\n<p class=\"\" data-start=\"527\" data-end=\"609\"><strong data-start=\"527\" data-end=\"538\">Coloris<\/strong> : Blanc dominant avec d\u00e9tails multicolores pour un rendu pop et frais.<\/p>\n<\/li>\n<li class=\"\" data-start=\"610\" data-end=\"676\">\n<p class=\"\" data-start=\"612\" data-end=\"676\"><strong data-start=\"612\" data-end=\"625\">Fermeture<\/strong> : Fermoir rotatif s\u00e9curis\u00e9, d\u00e9coratif et pratique.<\/p>\n<\/li>\n<li class=\"\" data-start=\"677\" data-end=\"807\">\n<p class=\"\" data-start=\"679\" data-end=\"690\"><strong data-start=\"679\" data-end=\"688\">Port\u00e9<\/strong> :<\/p>\n<ul data-start=\"693\" data-end=\"807\">\n<li class=\"\" data-start=\"693\" data-end=\"738\">\n<p class=\"\" data-start=\"695\" data-end=\"738\">Poign\u00e9e sup\u00e9rieure rigide pour un look chic<\/p>\n<\/li>\n<li class=\"\" data-start=\"741\" data-end=\"807\">\n<p class=\"\" data-start=\"743\" data-end=\"807\">Bandouli\u00e8re ajustable pour un port\u00e9 \u00e9paule ou crois\u00e9 (crossbody)<\/p>\n<\/li>\n<\/ul>\n<\/li>\n<li class=\"\" data-start=\"808\" data-end=\"988\">\n<p class=\"\" data-start=\"810\" data-end=\"823\"><strong data-start=\"810\" data-end=\"821\">D\u00e9tails<\/strong> :<\/p>\n<ul data-start=\"826\" data-end=\"988\">\n<li class=\"\" data-start=\"826\" data-end=\"890\">\n<p class=\"\" data-start=\"828\" data-end=\"890\">Coins renforc\u00e9s avec clous dor\u00e9s pour une meilleure durabilit\u00e9<\/p>\n<\/li>\n<li class=\"\" data-start=\"893\" data-end=\"922\">\n<p class=\"\" data-start=\"895\" data-end=\"922\">Finitions dor\u00e9es brillantes<\/p>\n<\/li>\n<li class=\"\" data-start=\"925\" data-end=\"988\">\n<p class=\"\" data-start=\"927\" data-end=\"988\">Int\u00e9rieur compact mais fonctionnel, id\u00e9al pour vos essentiels<\/p>\n<\/li>\n<\/ul>\n<\/li>\n<li class=\"\" data-start=\"989\" data-end=\"1046\">\n<p class=\"\" data-start=\"991\" data-end=\"1046\"><strong data-start=\"991\" data-end=\"1002\">Mati\u00e8re<\/strong> : Simili cuir textur\u00e9, r\u00e9sistant et \u00e9l\u00e9gant<\/p>\n<\/li>\n<li class=\"\" data-start=\"1047\" data-end=\"1132\">\n<p class=\"\" data-start=\"1049\" data-end=\"1132\"><strong data-start=\"1049\" data-end=\"1063\">Dimensions<\/strong> : Parfait pour contenir t\u00e9l\u00e9phone, cl\u00e9s, porte-cartes, mini make-up\u2026<\/p>\n<\/li>\n<\/ul>\n<p class=\"\" data-start=\"1134\" data-end=\"1247\">\ud83d\udcab <strong data-start=\"1137\" data-end=\"1247\">Un sac adorable, p\u00e9tillant, et plein de personnalit\u00e9 pour apporter une touche de fantaisie \u00e0 votre tenue !<\/strong><\/p>\n","protected":false},"excerpt":{"rendered":"<p>Style : Sac rigide fa\u00e7on coffre, ultra styl\u00e9 et d\u00e9cal\u00e9, parfait pour celles qui aiment se d\u00e9marquer ! Design unique<\/p>\n","protected":false},"featured_media":31297,"comment_status":"open","ping_status":"closed","template":"","meta":[],"product_brand":[],"product_cat":[107],"product_tag":[],"class_list":{"0":"post-31329","1":"product","2":"type-product","3":"status-publish","4":"has-post-thumbnail","6":"product_cat-accessoires","8":"first","9":"instock","10":"shipping-taxable","11":"purchasable","12":"product-type-variable","13":"has-default-attributes"},"yoast_head":"<!-- This site is optimized with the Yoast SEO Premium plugin v25.1 (Yoast SEO v26.6) - https:\/\/yoast.com\/wordpress\/plugins\/seo\/ -->\n<title>Mini Sac Coffre \u201cFunny Eyes Bunny\u201d \u2013 EYE THEME - Elu<\/title>\n<meta name=\"robots\" content=\"index, follow, max-snippet:-1, max-image-preview:large, max-video-preview:-1\" \/>\n<link rel=\"canonical\" href=\"https:\/\/elu.com.tn\/index.php\/produit\/mini-sac-coffre-funny-eyes-bunny-eye-theme\/\" \/>\n<meta property=\"og:locale\" content=\"fr_FR\" \/>\n<meta property=\"og:type\" content=\"article\" \/>\n<meta property=\"og:title\" content=\"Mini Sac Coffre \u201cFunny Eyes Bunny\u201d \u2013 EYE THEME\" \/>\n<meta property=\"og:description\" content=\"Style : Sac rigide fa\u00e7on coffre, ultra styl\u00e9 et d\u00e9cal\u00e9, parfait pour celles qui aiment se d\u00e9marquer ! Design unique\" \/>\n<meta property=\"og:url\" content=\"https:\/\/elu.com.tn\/index.php\/produit\/mini-sac-coffre-funny-eyes-bunny-eye-theme\/\" \/>\n<meta property=\"og:site_name\" content=\"Elu\" \/>\n<meta property=\"article:publisher\" content=\"https:\/\/www.facebook.com\/ELU.PRET.A.PORTER.ET.ACCESSOIRES\/?locale=fr_FR\" \/>\n<meta property=\"article:modified_time\" content=\"2025-04-08T18:28:50+00:00\" \/>\n<meta property=\"og:image\" content=\"https:\/\/elu.com.tn\/wp-content\/uploads\/2025\/04\/DSC08810.jpg\" \/>\n\t<meta property=\"og:image:width\" content=\"1371\" \/>\n\t<meta property=\"og:image:height\" content=\"1920\" \/>\n\t<meta property=\"og:image:type\" content=\"image\/jpeg\" \/>\n<meta name=\"twitter:card\" content=\"summary_large_image\" \/>\n<meta name=\"twitter:label1\" content=\"Disponibilit\u00e9\" \/>\n\t<meta name=\"twitter:data1\" content=\"En stock\" \/>\n<script type=\"application\/ld+json\" class=\"yoast-schema-graph\">{\"@context\":\"https:\/\/schema.org\",\"@graph\":[{\"@type\":\"WebPage\",\"@id\":\"https:\/\/elu.com.tn\/index.php\/produit\/mini-sac-coffre-funny-eyes-bunny-eye-theme\/\",\"url\":\"https:\/\/elu.com.tn\/index.php\/produit\/mini-sac-coffre-funny-eyes-bunny-eye-theme\/\",\"name\":\"Mini Sac Coffre \u201cFunny Eyes Bunny\u201d \u2013 EYE THEME - Elu\",\"isPartOf\":{\"@id\":\"https:\/\/elu.com.tn\/#website\"},\"primaryImageOfPage\":{\"@id\":\"https:\/\/elu.com.tn\/index.php\/produit\/mini-sac-coffre-funny-eyes-bunny-eye-theme\/#primaryimage\"},\"image\":{\"@id\":\"https:\/\/elu.com.tn\/index.php\/produit\/mini-sac-coffre-funny-eyes-bunny-eye-theme\/#primaryimage\"},\"thumbnailUrl\":\"https:\/\/elu.com.tn\/wp-content\/uploads\/2025\/04\/DSC08810.jpg\",\"datePublished\":\"2025-04-08T18:24:43+00:00\",\"dateModified\":\"2025-04-08T18:28:50+00:00\",\"breadcrumb\":{\"@id\":\"https:\/\/elu.com.tn\/index.php\/produit\/mini-sac-coffre-funny-eyes-bunny-eye-theme\/#breadcrumb\"},\"inLanguage\":\"fr-FR\",\"potentialAction\":[{\"@type\":\"ReadAction\",\"target\":[\"https:\/\/elu.com.tn\/index.php\/produit\/mini-sac-coffre-funny-eyes-bunny-eye-theme\/\"]}]},{\"@type\":\"ImageObject\",\"inLanguage\":\"fr-FR\",\"@id\":\"https:\/\/elu.com.tn\/index.php\/produit\/mini-sac-coffre-funny-eyes-bunny-eye-theme\/#primaryimage\",\"url\":\"https:\/\/elu.com.tn\/wp-content\/uploads\/2025\/04\/DSC08810.jpg\",\"contentUrl\":\"https:\/\/elu.com.tn\/wp-content\/uploads\/2025\/04\/DSC08810.jpg\",\"width\":1371,\"height\":1920},{\"@type\":\"BreadcrumbList\",\"@id\":\"https:\/\/elu.com.tn\/index.php\/produit\/mini-sac-coffre-funny-eyes-bunny-eye-theme\/#breadcrumb\",\"itemListElement\":[{\"@type\":\"ListItem\",\"position\":1,\"name\":\"Accueil\",\"item\":\"https:\/\/elu.com.tn\/\"},{\"@type\":\"ListItem\",\"position\":2,\"name\":\"Boutique\",\"item\":\"https:\/\/elu.com.tn\/index.php\/shop\/\"},{\"@type\":\"ListItem\",\"position\":3,\"name\":\"Mini Sac Coffre \u201cFunny Eyes Bunny\u201d \u2013 EYE THEME\"}]},{\"@type\":\"WebSite\",\"@id\":\"https:\/\/elu.com.tn\/#website\",\"url\":\"https:\/\/elu.com.tn\/\",\"name\":\"Elu\",\"description\":\"\",\"publisher\":{\"@id\":\"https:\/\/elu.com.tn\/#organization\"},\"potentialAction\":[{\"@type\":\"SearchAction\",\"target\":{\"@type\":\"EntryPoint\",\"urlTemplate\":\"https:\/\/elu.com.tn\/?s={search_term_string}\"},\"query-input\":{\"@type\":\"PropertyValueSpecification\",\"valueRequired\":true,\"valueName\":\"search_term_string\"}}],\"inLanguage\":\"fr-FR\"},{\"@type\":[\"Organization\",\"Place\"],\"@id\":\"https:\/\/elu.com.tn\/#organization\",\"name\":\"Elu\",\"url\":\"https:\/\/elu.com.tn\/\",\"logo\":{\"@type\":\"ImageObject\",\"inLanguage\":\"fr-FR\",\"@id\":\"https:\/\/elu.com.tn\/#\/schema\/logo\/image\/\",\"url\":\"https:\/\/elu.com.tn\/wp-content\/uploads\/2024\/12\/1-stores_default.png\",\"contentUrl\":\"https:\/\/elu.com.tn\/wp-content\/uploads\/2024\/12\/1-stores_default.png\",\"width\":170,\"height\":115,\"caption\":\"Elu\"},\"image\":{\"@id\":\"https:\/\/elu.com.tn\/#\/schema\/logo\/image\/\"},\"sameAs\":[\"https:\/\/www.facebook.com\/ELU.PRET.A.PORTER.ET.ACCESSOIRES\/?locale=fr_FR\",\"https:\/\/www.instagram.com\/elu_insta\/?hl=fr\"],\"mainEntityOfPage\":{\"@id\":\"https:\/\/elu.com.tn\/index.php\/produit\/mini-sac-coffre-funny-eyes-bunny-eye-theme\/\"}}]}<\/script>\n<meta property=\"og:availability\" content=\"instock\" \/>\n<meta property=\"product:availability\" content=\"instock\" \/>\n<meta property=\"product:retailer_item_id\" content=\"ACSCA19025\" \/>\n<meta property=\"product:condition\" content=\"new\" \/>\n<meta name=\"geo.placename\" content=\"sousse\" \/>\n<meta name=\"geo.position\" content=\"35.831322690284125;10.633209332900613\" \/>\n<meta name=\"geo.region\" content=\"Tunisie\" \/>\n<!-- \/ Yoast SEO Premium plugin. -->","yoast_head_json":{"title":"Mini Sac Coffre \u201cFunny Eyes Bunny\u201d \u2013 EYE THEME - Elu","robots":{"index":"index","follow":"follow","max-snippet":"max-snippet:-1","max-image-preview":"max-image-preview:large","max-video-preview":"max-video-preview:-1"},"canonical":"https:\/\/elu.com.tn\/index.php\/produit\/mini-sac-coffre-funny-eyes-bunny-eye-theme\/","og_locale":"fr_FR","og_type":"article","og_title":"Mini Sac Coffre \u201cFunny Eyes Bunny\u201d \u2013 EYE THEME","og_description":"Style : Sac rigide fa\u00e7on coffre, ultra styl\u00e9 et d\u00e9cal\u00e9, parfait pour celles qui aiment se d\u00e9marquer ! Design unique","og_url":"https:\/\/elu.com.tn\/index.php\/produit\/mini-sac-coffre-funny-eyes-bunny-eye-theme\/","og_site_name":"Elu","article_publisher":"https:\/\/www.facebook.com\/ELU.PRET.A.PORTER.ET.ACCESSOIRES\/?locale=fr_FR","article_modified_time":"2025-04-08T18:28:50+00:00","og_image":[{"width":1371,"height":1920,"url":"https:\/\/elu.com.tn\/wp-content\/uploads\/2025\/04\/DSC08810.jpg","type":"image\/jpeg"}],"twitter_card":"summary_large_image","twitter_misc":{"Disponibilit\u00e9":"En stock"},"schema":{"@context":"https:\/\/schema.org","@graph":[{"@type":"WebPage","@id":"https:\/\/elu.com.tn\/index.php\/produit\/mini-sac-coffre-funny-eyes-bunny-eye-theme\/","url":"https:\/\/elu.com.tn\/index.php\/produit\/mini-sac-coffre-funny-eyes-bunny-eye-theme\/","name":"Mini Sac Coffre \u201cFunny Eyes Bunny\u201d \u2013 EYE THEME - Elu","isPartOf":{"@id":"https:\/\/elu.com.tn\/#website"},"primaryImageOfPage":{"@id":"https:\/\/elu.com.tn\/index.php\/produit\/mini-sac-coffre-funny-eyes-bunny-eye-theme\/#primaryimage"},"image":{"@id":"https:\/\/elu.com.tn\/index.php\/produit\/mini-sac-coffre-funny-eyes-bunny-eye-theme\/#primaryimage"},"thumbnailUrl":"https:\/\/elu.com.tn\/wp-content\/uploads\/2025\/04\/DSC08810.jpg","datePublished":"2025-04-08T18:24:43+00:00","dateModified":"2025-04-08T18:28:50+00:00","breadcrumb":{"@id":"https:\/\/elu.com.tn\/index.php\/produit\/mini-sac-coffre-funny-eyes-bunny-eye-theme\/#breadcrumb"},"inLanguage":"fr-FR","potentialAction":[{"@type":"ReadAction","target":["https:\/\/elu.com.tn\/index.php\/produit\/mini-sac-coffre-funny-eyes-bunny-eye-theme\/"]}]},{"@type":"ImageObject","inLanguage":"fr-FR","@id":"https:\/\/elu.com.tn\/index.php\/produit\/mini-sac-coffre-funny-eyes-bunny-eye-theme\/#primaryimage","url":"https:\/\/elu.com.tn\/wp-content\/uploads\/2025\/04\/DSC08810.jpg","contentUrl":"https:\/\/elu.com.tn\/wp-content\/uploads\/2025\/04\/DSC08810.jpg","width":1371,"height":1920},{"@type":"BreadcrumbList","@id":"https:\/\/elu.com.tn\/index.php\/produit\/mini-sac-coffre-funny-eyes-bunny-eye-theme\/#breadcrumb","itemListElement":[{"@type":"ListItem","position":1,"name":"Accueil","item":"https:\/\/elu.com.tn\/"},{"@type":"ListItem","position":2,"name":"Boutique","item":"https:\/\/elu.com.tn\/index.php\/shop\/"},{"@type":"ListItem","position":3,"name":"Mini Sac Coffre \u201cFunny Eyes Bunny\u201d \u2013 EYE THEME"}]},{"@type":"WebSite","@id":"https:\/\/elu.com.tn\/#website","url":"https:\/\/elu.com.tn\/","name":"Elu","description":"","publisher":{"@id":"https:\/\/elu.com.tn\/#organization"},"potentialAction":[{"@type":"SearchAction","target":{"@type":"EntryPoint","urlTemplate":"https:\/\/elu.com.tn\/?s={search_term_string}"},"query-input":{"@type":"PropertyValueSpecification","valueRequired":true,"valueName":"search_term_string"}}],"inLanguage":"fr-FR"},{"@type":["Organization","Place"],"@id":"https:\/\/elu.com.tn\/#organization","name":"Elu","url":"https:\/\/elu.com.tn\/","logo":{"@type":"ImageObject","inLanguage":"fr-FR","@id":"https:\/\/elu.com.tn\/#\/schema\/logo\/image\/","url":"https:\/\/elu.com.tn\/wp-content\/uploads\/2024\/12\/1-stores_default.png","contentUrl":"https:\/\/elu.com.tn\/wp-content\/uploads\/2024\/12\/1-stores_default.png","width":170,"height":115,"caption":"Elu"},"image":{"@id":"https:\/\/elu.com.tn\/#\/schema\/logo\/image\/"},"sameAs":["https:\/\/www.facebook.com\/ELU.PRET.A.PORTER.ET.ACCESSOIRES\/?locale=fr_FR","https:\/\/www.instagram.com\/elu_insta\/?hl=fr"],"mainEntityOfPage":{"@id":"https:\/\/elu.com.tn\/index.php\/produit\/mini-sac-coffre-funny-eyes-bunny-eye-theme\/"}}]},"og_availability":"instock","product_availability":"instock","product_retailer_item_id":"ACSCA19025","product_condition":"new","geo.placename":"sousse","geo.position":{"lat":"35.831322690284125","long":"10.633209332900613"},"geo.region":"Tunisie"},"jetpack_sharing_enabled":true,"_links":{"self":[{"href":"https:\/\/elu.com.tn\/index.php\/wp-json\/wp\/v2\/product\/31329","targetHints":{"allow":["GET"]}}],"collection":[{"href":"https:\/\/elu.com.tn\/index.php\/wp-json\/wp\/v2\/product"}],"about":[{"href":"https:\/\/elu.com.tn\/index.php\/wp-json\/wp\/v2\/types\/product"}],"replies":[{"embeddable":true,"href":"https:\/\/elu.com.tn\/index.php\/wp-json\/wp\/v2\/comments?post=31329"}],"version-history":[{"count":0,"href":"https:\/\/elu.com.tn\/index.php\/wp-json\/wp\/v2\/product\/31329\/revisions"}],"wp:featuredmedia":[{"embeddable":true,"href":"https:\/\/elu.com.tn\/index.php\/wp-json\/wp\/v2\/media\/31297"}],"wp:attachment":[{"href":"https:\/\/elu.com.tn\/index.php\/wp-json\/wp\/v2\/media?parent=31329"}],"wp:term":[{"taxonomy":"product_brand","embeddable":true,"href":"https:\/\/elu.com.tn\/index.php\/wp-json\/wp\/v2\/product_brand?post=31329"},{"taxonomy":"product_cat","embeddable":true,"href":"https:\/\/elu.com.tn\/index.php\/wp-json\/wp\/v2\/product_cat?post=31329"},{"taxonomy":"product_tag","embeddable":true,"href":"https:\/\/elu.com.tn\/index.php\/wp-json\/wp\/v2\/product_tag?post=31329"}],"curies":[{"name":"wp","href":"https:\/\/api.w.org\/{rel}","templated":true}]}}