{"id":32121,"date":"2025-06-13T17:33:44","date_gmt":"2025-06-13T17:33:44","guid":{"rendered":"https:\/\/elu.com.tn\/?post_type=product&#038;p=32121"},"modified":"2025-08-18T07:35:59","modified_gmt":"2025-08-18T07:35:59","slug":"jean-urban-sport-lallure-decontractee-au-quotidien","status":"publish","type":"product","link":"https:\/\/elu.com.tn\/index.php\/produit\/jean-urban-sport-lallure-decontractee-au-quotidien\/","title":{"rendered":"Jean Urban Sport \u2013 L\u2019allure d\u00e9contract\u00e9e au quotidien !"},"content":{"rendered":"<p>Jean bleu coupe droite au style sportif, orn\u00e9 de bandes lat\u00e9rales blanches fa\u00e7on \u00ab\u00a0training\u00a0\u00bb, pour un look urbain et dynamique. Ce mod\u00e8le allie le confort du denim classique \u00e0 une touche athleisure moderne, parfait pour un style casual tendance.<\/p>\n","protected":false},"excerpt":{"rendered":"<p>Jean bleu coupe droite au style sportif, orn\u00e9 de bandes lat\u00e9rales blanches fa\u00e7on \u00ab\u00a0training\u00a0\u00bb, pour un look urbain et dynamique.<\/p>\n","protected":false},"featured_media":32130,"comment_status":"open","ping_status":"closed","template":"","meta":[],"product_brand":[],"product_cat":[104,144,109],"product_tag":[],"class_list":{"0":"post-32121","1":"product","2":"type-product","3":"status-publish","4":"has-post-thumbnail","6":"product_cat-femmes","7":"product_cat-pantalon","8":"product_cat-vetements","10":"first","11":"instock","12":"shipping-taxable","13":"purchasable","14":"product-type-variable","15":"has-default-attributes"},"yoast_head":"<!-- This site is optimized with the Yoast SEO Premium plugin v25.1 (Yoast SEO v26.6) - https:\/\/yoast.com\/wordpress\/plugins\/seo\/ -->\n<title>Jean Urban Sport \u2013 L\u2019allure d\u00e9contract\u00e9e au quotidien ! - Elu<\/title>\n<meta name=\"robots\" content=\"index, follow, max-snippet:-1, max-image-preview:large, max-video-preview:-1\" \/>\n<link rel=\"canonical\" href=\"https:\/\/elu.com.tn\/index.php\/produit\/jean-urban-sport-lallure-decontractee-au-quotidien\/\" \/>\n<meta property=\"og:locale\" content=\"fr_FR\" \/>\n<meta property=\"og:type\" content=\"article\" \/>\n<meta property=\"og:title\" content=\"Jean Urban Sport \u2013 L\u2019allure d\u00e9contract\u00e9e au quotidien !\" \/>\n<meta property=\"og:description\" content=\"Jean bleu coupe droite au style sportif, orn\u00e9 de bandes lat\u00e9rales blanches fa\u00e7on \u00ab\u00a0training\u00a0\u00bb, pour un look urbain et dynamique.\" \/>\n<meta property=\"og:url\" content=\"https:\/\/elu.com.tn\/index.php\/produit\/jean-urban-sport-lallure-decontractee-au-quotidien\/\" \/>\n<meta property=\"og:site_name\" content=\"Elu\" \/>\n<meta property=\"article:publisher\" content=\"https:\/\/www.facebook.com\/ELU.PRET.A.PORTER.ET.ACCESSOIRES\/?locale=fr_FR\" \/>\n<meta property=\"article:modified_time\" content=\"2025-08-18T07:35:59+00:00\" \/>\n<meta property=\"og:image\" content=\"https:\/\/elu.com.tn\/wp-content\/uploads\/2025\/06\/DSC00420.jpg\" \/>\n\t<meta property=\"og:image:width\" content=\"1371\" \/>\n\t<meta property=\"og:image:height\" content=\"1920\" \/>\n\t<meta property=\"og:image:type\" content=\"image\/jpeg\" \/>\n<meta name=\"twitter:card\" content=\"summary_large_image\" \/>\n<meta name=\"twitter:label1\" content=\"Disponibilit\u00e9\" \/>\n\t<meta name=\"twitter:data1\" content=\"En stock\" \/>\n<script type=\"application\/ld+json\" class=\"yoast-schema-graph\">{\"@context\":\"https:\/\/schema.org\",\"@graph\":[{\"@type\":\"WebPage\",\"@id\":\"https:\/\/elu.com.tn\/index.php\/produit\/jean-urban-sport-lallure-decontractee-au-quotidien\/\",\"url\":\"https:\/\/elu.com.tn\/index.php\/produit\/jean-urban-sport-lallure-decontractee-au-quotidien\/\",\"name\":\"Jean Urban Sport \u2013 L\u2019allure d\u00e9contract\u00e9e au quotidien ! - Elu\",\"isPartOf\":{\"@id\":\"https:\/\/elu.com.tn\/#website\"},\"primaryImageOfPage\":{\"@id\":\"https:\/\/elu.com.tn\/index.php\/produit\/jean-urban-sport-lallure-decontractee-au-quotidien\/#primaryimage\"},\"image\":{\"@id\":\"https:\/\/elu.com.tn\/index.php\/produit\/jean-urban-sport-lallure-decontractee-au-quotidien\/#primaryimage\"},\"thumbnailUrl\":\"https:\/\/elu.com.tn\/wp-content\/uploads\/2025\/06\/DSC00420.jpg\",\"datePublished\":\"2025-06-13T17:33:44+00:00\",\"dateModified\":\"2025-08-18T07:35:59+00:00\",\"breadcrumb\":{\"@id\":\"https:\/\/elu.com.tn\/index.php\/produit\/jean-urban-sport-lallure-decontractee-au-quotidien\/#breadcrumb\"},\"inLanguage\":\"fr-FR\",\"potentialAction\":[{\"@type\":\"ReadAction\",\"target\":[\"https:\/\/elu.com.tn\/index.php\/produit\/jean-urban-sport-lallure-decontractee-au-quotidien\/\"]}]},{\"@type\":\"ImageObject\",\"inLanguage\":\"fr-FR\",\"@id\":\"https:\/\/elu.com.tn\/index.php\/produit\/jean-urban-sport-lallure-decontractee-au-quotidien\/#primaryimage\",\"url\":\"https:\/\/elu.com.tn\/wp-content\/uploads\/2025\/06\/DSC00420.jpg\",\"contentUrl\":\"https:\/\/elu.com.tn\/wp-content\/uploads\/2025\/06\/DSC00420.jpg\",\"width\":1371,\"height\":1920},{\"@type\":\"BreadcrumbList\",\"@id\":\"https:\/\/elu.com.tn\/index.php\/produit\/jean-urban-sport-lallure-decontractee-au-quotidien\/#breadcrumb\",\"itemListElement\":[{\"@type\":\"ListItem\",\"position\":1,\"name\":\"Accueil\",\"item\":\"https:\/\/elu.com.tn\/\"},{\"@type\":\"ListItem\",\"position\":2,\"name\":\"Boutique\",\"item\":\"https:\/\/elu.com.tn\/index.php\/shop\/\"},{\"@type\":\"ListItem\",\"position\":3,\"name\":\"Jean Urban Sport \u2013 L\u2019allure d\u00e9contract\u00e9e au quotidien !\"}]},{\"@type\":\"WebSite\",\"@id\":\"https:\/\/elu.com.tn\/#website\",\"url\":\"https:\/\/elu.com.tn\/\",\"name\":\"Elu\",\"description\":\"\",\"publisher\":{\"@id\":\"https:\/\/elu.com.tn\/#organization\"},\"potentialAction\":[{\"@type\":\"SearchAction\",\"target\":{\"@type\":\"EntryPoint\",\"urlTemplate\":\"https:\/\/elu.com.tn\/?s={search_term_string}\"},\"query-input\":{\"@type\":\"PropertyValueSpecification\",\"valueRequired\":true,\"valueName\":\"search_term_string\"}}],\"inLanguage\":\"fr-FR\"},{\"@type\":[\"Organization\",\"Place\"],\"@id\":\"https:\/\/elu.com.tn\/#organization\",\"name\":\"Elu\",\"url\":\"https:\/\/elu.com.tn\/\",\"logo\":{\"@type\":\"ImageObject\",\"inLanguage\":\"fr-FR\",\"@id\":\"https:\/\/elu.com.tn\/#\/schema\/logo\/image\/\",\"url\":\"https:\/\/elu.com.tn\/wp-content\/uploads\/2024\/12\/1-stores_default.png\",\"contentUrl\":\"https:\/\/elu.com.tn\/wp-content\/uploads\/2024\/12\/1-stores_default.png\",\"width\":170,\"height\":115,\"caption\":\"Elu\"},\"image\":{\"@id\":\"https:\/\/elu.com.tn\/#\/schema\/logo\/image\/\"},\"sameAs\":[\"https:\/\/www.facebook.com\/ELU.PRET.A.PORTER.ET.ACCESSOIRES\/?locale=fr_FR\",\"https:\/\/www.instagram.com\/elu_insta\/?hl=fr\"],\"mainEntityOfPage\":{\"@id\":\"https:\/\/elu.com.tn\/index.php\/produit\/jean-urban-sport-lallure-decontractee-au-quotidien\/\"}}]}<\/script>\n<meta property=\"og:availability\" content=\"instock\" \/>\n<meta property=\"product:availability\" content=\"instock\" \/>\n<meta property=\"product:retailer_item_id\" content=\"PAF3325\" \/>\n<meta property=\"product:condition\" content=\"new\" \/>\n<meta name=\"geo.placename\" content=\"sousse\" \/>\n<meta name=\"geo.position\" content=\"35.831322690284125;10.633209332900613\" \/>\n<meta name=\"geo.region\" content=\"Tunisie\" \/>\n<!-- \/ Yoast SEO Premium plugin. -->","yoast_head_json":{"title":"Jean Urban Sport \u2013 L\u2019allure d\u00e9contract\u00e9e au quotidien ! - Elu","robots":{"index":"index","follow":"follow","max-snippet":"max-snippet:-1","max-image-preview":"max-image-preview:large","max-video-preview":"max-video-preview:-1"},"canonical":"https:\/\/elu.com.tn\/index.php\/produit\/jean-urban-sport-lallure-decontractee-au-quotidien\/","og_locale":"fr_FR","og_type":"article","og_title":"Jean Urban Sport \u2013 L\u2019allure d\u00e9contract\u00e9e au quotidien !","og_description":"Jean bleu coupe droite au style sportif, orn\u00e9 de bandes lat\u00e9rales blanches fa\u00e7on \u00ab\u00a0training\u00a0\u00bb, pour un look urbain et dynamique.","og_url":"https:\/\/elu.com.tn\/index.php\/produit\/jean-urban-sport-lallure-decontractee-au-quotidien\/","og_site_name":"Elu","article_publisher":"https:\/\/www.facebook.com\/ELU.PRET.A.PORTER.ET.ACCESSOIRES\/?locale=fr_FR","article_modified_time":"2025-08-18T07:35:59+00:00","og_image":[{"width":1371,"height":1920,"url":"https:\/\/elu.com.tn\/wp-content\/uploads\/2025\/06\/DSC00420.jpg","type":"image\/jpeg"}],"twitter_card":"summary_large_image","twitter_misc":{"Disponibilit\u00e9":"En stock"},"schema":{"@context":"https:\/\/schema.org","@graph":[{"@type":"WebPage","@id":"https:\/\/elu.com.tn\/index.php\/produit\/jean-urban-sport-lallure-decontractee-au-quotidien\/","url":"https:\/\/elu.com.tn\/index.php\/produit\/jean-urban-sport-lallure-decontractee-au-quotidien\/","name":"Jean Urban Sport \u2013 L\u2019allure d\u00e9contract\u00e9e au quotidien ! - Elu","isPartOf":{"@id":"https:\/\/elu.com.tn\/#website"},"primaryImageOfPage":{"@id":"https:\/\/elu.com.tn\/index.php\/produit\/jean-urban-sport-lallure-decontractee-au-quotidien\/#primaryimage"},"image":{"@id":"https:\/\/elu.com.tn\/index.php\/produit\/jean-urban-sport-lallure-decontractee-au-quotidien\/#primaryimage"},"thumbnailUrl":"https:\/\/elu.com.tn\/wp-content\/uploads\/2025\/06\/DSC00420.jpg","datePublished":"2025-06-13T17:33:44+00:00","dateModified":"2025-08-18T07:35:59+00:00","breadcrumb":{"@id":"https:\/\/elu.com.tn\/index.php\/produit\/jean-urban-sport-lallure-decontractee-au-quotidien\/#breadcrumb"},"inLanguage":"fr-FR","potentialAction":[{"@type":"ReadAction","target":["https:\/\/elu.com.tn\/index.php\/produit\/jean-urban-sport-lallure-decontractee-au-quotidien\/"]}]},{"@type":"ImageObject","inLanguage":"fr-FR","@id":"https:\/\/elu.com.tn\/index.php\/produit\/jean-urban-sport-lallure-decontractee-au-quotidien\/#primaryimage","url":"https:\/\/elu.com.tn\/wp-content\/uploads\/2025\/06\/DSC00420.jpg","contentUrl":"https:\/\/elu.com.tn\/wp-content\/uploads\/2025\/06\/DSC00420.jpg","width":1371,"height":1920},{"@type":"BreadcrumbList","@id":"https:\/\/elu.com.tn\/index.php\/produit\/jean-urban-sport-lallure-decontractee-au-quotidien\/#breadcrumb","itemListElement":[{"@type":"ListItem","position":1,"name":"Accueil","item":"https:\/\/elu.com.tn\/"},{"@type":"ListItem","position":2,"name":"Boutique","item":"https:\/\/elu.com.tn\/index.php\/shop\/"},{"@type":"ListItem","position":3,"name":"Jean Urban Sport \u2013 L\u2019allure d\u00e9contract\u00e9e au quotidien !"}]},{"@type":"WebSite","@id":"https:\/\/elu.com.tn\/#website","url":"https:\/\/elu.com.tn\/","name":"Elu","description":"","publisher":{"@id":"https:\/\/elu.com.tn\/#organization"},"potentialAction":[{"@type":"SearchAction","target":{"@type":"EntryPoint","urlTemplate":"https:\/\/elu.com.tn\/?s={search_term_string}"},"query-input":{"@type":"PropertyValueSpecification","valueRequired":true,"valueName":"search_term_string"}}],"inLanguage":"fr-FR"},{"@type":["Organization","Place"],"@id":"https:\/\/elu.com.tn\/#organization","name":"Elu","url":"https:\/\/elu.com.tn\/","logo":{"@type":"ImageObject","inLanguage":"fr-FR","@id":"https:\/\/elu.com.tn\/#\/schema\/logo\/image\/","url":"https:\/\/elu.com.tn\/wp-content\/uploads\/2024\/12\/1-stores_default.png","contentUrl":"https:\/\/elu.com.tn\/wp-content\/uploads\/2024\/12\/1-stores_default.png","width":170,"height":115,"caption":"Elu"},"image":{"@id":"https:\/\/elu.com.tn\/#\/schema\/logo\/image\/"},"sameAs":["https:\/\/www.facebook.com\/ELU.PRET.A.PORTER.ET.ACCESSOIRES\/?locale=fr_FR","https:\/\/www.instagram.com\/elu_insta\/?hl=fr"],"mainEntityOfPage":{"@id":"https:\/\/elu.com.tn\/index.php\/produit\/jean-urban-sport-lallure-decontractee-au-quotidien\/"}}]},"og_availability":"instock","product_availability":"instock","product_retailer_item_id":"PAF3325","product_condition":"new","geo.placename":"sousse","geo.position":{"lat":"35.831322690284125","long":"10.633209332900613"},"geo.region":"Tunisie"},"jetpack_sharing_enabled":true,"_links":{"self":[{"href":"https:\/\/elu.com.tn\/index.php\/wp-json\/wp\/v2\/product\/32121","targetHints":{"allow":["GET"]}}],"collection":[{"href":"https:\/\/elu.com.tn\/index.php\/wp-json\/wp\/v2\/product"}],"about":[{"href":"https:\/\/elu.com.tn\/index.php\/wp-json\/wp\/v2\/types\/product"}],"replies":[{"embeddable":true,"href":"https:\/\/elu.com.tn\/index.php\/wp-json\/wp\/v2\/comments?post=32121"}],"version-history":[{"count":1,"href":"https:\/\/elu.com.tn\/index.php\/wp-json\/wp\/v2\/product\/32121\/revisions"}],"predecessor-version":[{"id":32135,"href":"https:\/\/elu.com.tn\/index.php\/wp-json\/wp\/v2\/product\/32121\/revisions\/32135"}],"wp:featuredmedia":[{"embeddable":true,"href":"https:\/\/elu.com.tn\/index.php\/wp-json\/wp\/v2\/media\/32130"}],"wp:attachment":[{"href":"https:\/\/elu.com.tn\/index.php\/wp-json\/wp\/v2\/media?parent=32121"}],"wp:term":[{"taxonomy":"product_brand","embeddable":true,"href":"https:\/\/elu.com.tn\/index.php\/wp-json\/wp\/v2\/product_brand?post=32121"},{"taxonomy":"product_cat","embeddable":true,"href":"https:\/\/elu.com.tn\/index.php\/wp-json\/wp\/v2\/product_cat?post=32121"},{"taxonomy":"product_tag","embeddable":true,"href":"https:\/\/elu.com.tn\/index.php\/wp-json\/wp\/v2\/product_tag?post=32121"}],"curies":[{"name":"wp","href":"https:\/\/api.w.org\/{rel}","templated":true}]}}