{"id":32290,"date":"2025-07-04T17:57:12","date_gmt":"2025-07-04T17:57:12","guid":{"rendered":"https:\/\/elu.com.tn\/?post_type=product&#038;p=32290"},"modified":"2025-10-13T08:02:20","modified_gmt":"2025-10-13T08:02:20","slug":"robe-longue-satinee-glow-elegant-leclat-de-la-simplicite","status":"publish","type":"product","link":"https:\/\/elu.com.tn\/index.php\/produit\/robe-longue-satinee-glow-elegant-leclat-de-la-simplicite\/","title":{"rendered":"Robe Longue Satin\u00e9e \u201cGlow \u00c9l\u00e9gant\u201d \u2013 L&rsquo;\u00c9clat de la Simplicit\u00e9"},"content":{"rendered":"<p data-start=\"81\" data-end=\"371\">Adoptez l\u2019\u00e9l\u00e9gance minimaliste avec cette <strong data-start=\"143\" data-end=\"174\">robe longue en satin <\/strong>, au tomb\u00e9 fluide et \u00e0 la <strong data-start=\"200\" data-end=\"221\" data-is-only-node=\"\">brillance subtile<\/strong>. Sa coupe pr\u00e8s du corps met en valeur la silhouette, tandis que les fines bretelles et les fronces lat\u00e9rales ajoutent une touche raffin\u00e9e et glamour.<\/p>\n<ul data-start=\"373\" data-end=\"524\">\n<li data-start=\"373\" data-end=\"410\">\n<p data-start=\"375\" data-end=\"410\">Tissu satin\u00e9 effet \u201cseconde peau\u201d<\/p>\n<\/li>\n<li data-start=\"411\" data-end=\"444\">\n<p data-start=\"413\" data-end=\"444\">Bretelles fines et dos d\u00e9gag\u00e9<\/p>\n<\/li>\n<li data-start=\"445\" data-end=\"477\">\n<p data-start=\"447\" data-end=\"477\">Fronces lat\u00e9rales flatteuses<\/p>\n<\/li>\n<\/ul>\n","protected":false},"excerpt":{"rendered":"<p>Adoptez l\u2019\u00e9l\u00e9gance minimaliste avec cette robe longue en satin , au tomb\u00e9 fluide et \u00e0 la brillance subtile. Sa coupe<\/p>\n","protected":false},"featured_media":32327,"comment_status":"open","ping_status":"closed","template":"","meta":[],"product_brand":[],"product_cat":[104,163,109],"product_tag":[],"class_list":{"0":"post-32290","1":"product","2":"type-product","3":"status-publish","4":"has-post-thumbnail","6":"product_cat-femmes","7":"product_cat-robe","8":"product_cat-vetements","10":"first","11":"instock","12":"shipping-taxable","13":"purchasable","14":"product-type-variable","15":"has-default-attributes"},"yoast_head":"<!-- This site is optimized with the Yoast SEO Premium plugin v25.1 (Yoast SEO v26.6) - https:\/\/yoast.com\/wordpress\/plugins\/seo\/ -->\n<title>Robe Longue Satin\u00e9e \u201cGlow \u00c9l\u00e9gant\u201d \u2013 L&#039;\u00c9clat de la Simplicit\u00e9 - Elu<\/title>\n<meta name=\"robots\" content=\"index, follow, max-snippet:-1, max-image-preview:large, max-video-preview:-1\" \/>\n<link rel=\"canonical\" href=\"https:\/\/elu.com.tn\/index.php\/produit\/robe-longue-satinee-glow-elegant-leclat-de-la-simplicite\/\" \/>\n<meta property=\"og:locale\" content=\"fr_FR\" \/>\n<meta property=\"og:type\" content=\"article\" \/>\n<meta property=\"og:title\" content=\"Robe Longue Satin\u00e9e \u201cGlow \u00c9l\u00e9gant\u201d \u2013 L&#039;\u00c9clat de la Simplicit\u00e9\" \/>\n<meta property=\"og:description\" content=\"Adoptez l\u2019\u00e9l\u00e9gance minimaliste avec cette robe longue en satin , au tomb\u00e9 fluide et \u00e0 la brillance subtile. Sa coupe\" \/>\n<meta property=\"og:url\" content=\"https:\/\/elu.com.tn\/index.php\/produit\/robe-longue-satinee-glow-elegant-leclat-de-la-simplicite\/\" \/>\n<meta property=\"og:site_name\" content=\"Elu\" \/>\n<meta property=\"article:publisher\" content=\"https:\/\/www.facebook.com\/ELU.PRET.A.PORTER.ET.ACCESSOIRES\/?locale=fr_FR\" \/>\n<meta property=\"article:modified_time\" content=\"2025-10-13T08:02:20+00:00\" \/>\n<meta property=\"og:image\" content=\"https:\/\/elu.com.tn\/wp-content\/uploads\/2025\/07\/DSC00775.jpg\" \/>\n\t<meta property=\"og:image:width\" content=\"1536\" \/>\n\t<meta property=\"og:image:height\" content=\"1920\" \/>\n\t<meta property=\"og:image:type\" content=\"image\/jpeg\" \/>\n<meta name=\"twitter:card\" content=\"summary_large_image\" \/>\n<meta name=\"twitter:label1\" content=\"Disponibilit\u00e9\" \/>\n\t<meta name=\"twitter:data1\" content=\"En stock\" \/>\n<script type=\"application\/ld+json\" class=\"yoast-schema-graph\">{\"@context\":\"https:\/\/schema.org\",\"@graph\":[{\"@type\":\"WebPage\",\"@id\":\"https:\/\/elu.com.tn\/index.php\/produit\/robe-longue-satinee-glow-elegant-leclat-de-la-simplicite\/\",\"url\":\"https:\/\/elu.com.tn\/index.php\/produit\/robe-longue-satinee-glow-elegant-leclat-de-la-simplicite\/\",\"name\":\"Robe Longue Satin\u00e9e \u201cGlow \u00c9l\u00e9gant\u201d \u2013 L'\u00c9clat de la Simplicit\u00e9 - Elu\",\"isPartOf\":{\"@id\":\"https:\/\/elu.com.tn\/#website\"},\"primaryImageOfPage\":{\"@id\":\"https:\/\/elu.com.tn\/index.php\/produit\/robe-longue-satinee-glow-elegant-leclat-de-la-simplicite\/#primaryimage\"},\"image\":{\"@id\":\"https:\/\/elu.com.tn\/index.php\/produit\/robe-longue-satinee-glow-elegant-leclat-de-la-simplicite\/#primaryimage\"},\"thumbnailUrl\":\"https:\/\/elu.com.tn\/wp-content\/uploads\/2025\/07\/DSC00775.jpg\",\"datePublished\":\"2025-07-04T17:57:12+00:00\",\"dateModified\":\"2025-10-13T08:02:20+00:00\",\"breadcrumb\":{\"@id\":\"https:\/\/elu.com.tn\/index.php\/produit\/robe-longue-satinee-glow-elegant-leclat-de-la-simplicite\/#breadcrumb\"},\"inLanguage\":\"fr-FR\",\"potentialAction\":[{\"@type\":\"ReadAction\",\"target\":[\"https:\/\/elu.com.tn\/index.php\/produit\/robe-longue-satinee-glow-elegant-leclat-de-la-simplicite\/\"]}]},{\"@type\":\"ImageObject\",\"inLanguage\":\"fr-FR\",\"@id\":\"https:\/\/elu.com.tn\/index.php\/produit\/robe-longue-satinee-glow-elegant-leclat-de-la-simplicite\/#primaryimage\",\"url\":\"https:\/\/elu.com.tn\/wp-content\/uploads\/2025\/07\/DSC00775.jpg\",\"contentUrl\":\"https:\/\/elu.com.tn\/wp-content\/uploads\/2025\/07\/DSC00775.jpg\",\"width\":1536,\"height\":1920},{\"@type\":\"BreadcrumbList\",\"@id\":\"https:\/\/elu.com.tn\/index.php\/produit\/robe-longue-satinee-glow-elegant-leclat-de-la-simplicite\/#breadcrumb\",\"itemListElement\":[{\"@type\":\"ListItem\",\"position\":1,\"name\":\"Accueil\",\"item\":\"https:\/\/elu.com.tn\/\"},{\"@type\":\"ListItem\",\"position\":2,\"name\":\"Boutique\",\"item\":\"https:\/\/elu.com.tn\/index.php\/shop\/\"},{\"@type\":\"ListItem\",\"position\":3,\"name\":\"Robe Longue Satin\u00e9e \u201cGlow \u00c9l\u00e9gant\u201d \u2013 L&rsquo;\u00c9clat de la Simplicit\u00e9\"}]},{\"@type\":\"WebSite\",\"@id\":\"https:\/\/elu.com.tn\/#website\",\"url\":\"https:\/\/elu.com.tn\/\",\"name\":\"Elu\",\"description\":\"\",\"publisher\":{\"@id\":\"https:\/\/elu.com.tn\/#organization\"},\"potentialAction\":[{\"@type\":\"SearchAction\",\"target\":{\"@type\":\"EntryPoint\",\"urlTemplate\":\"https:\/\/elu.com.tn\/?s={search_term_string}\"},\"query-input\":{\"@type\":\"PropertyValueSpecification\",\"valueRequired\":true,\"valueName\":\"search_term_string\"}}],\"inLanguage\":\"fr-FR\"},{\"@type\":[\"Organization\",\"Place\"],\"@id\":\"https:\/\/elu.com.tn\/#organization\",\"name\":\"Elu\",\"url\":\"https:\/\/elu.com.tn\/\",\"logo\":{\"@type\":\"ImageObject\",\"inLanguage\":\"fr-FR\",\"@id\":\"https:\/\/elu.com.tn\/#\/schema\/logo\/image\/\",\"url\":\"https:\/\/elu.com.tn\/wp-content\/uploads\/2024\/12\/1-stores_default.png\",\"contentUrl\":\"https:\/\/elu.com.tn\/wp-content\/uploads\/2024\/12\/1-stores_default.png\",\"width\":170,\"height\":115,\"caption\":\"Elu\"},\"image\":{\"@id\":\"https:\/\/elu.com.tn\/#\/schema\/logo\/image\/\"},\"sameAs\":[\"https:\/\/www.facebook.com\/ELU.PRET.A.PORTER.ET.ACCESSOIRES\/?locale=fr_FR\",\"https:\/\/www.instagram.com\/elu_insta\/?hl=fr\"],\"mainEntityOfPage\":{\"@id\":\"https:\/\/elu.com.tn\/index.php\/produit\/robe-longue-satinee-glow-elegant-leclat-de-la-simplicite\/\"}}]}<\/script>\n<meta property=\"og:availability\" content=\"instock\" \/>\n<meta property=\"product:availability\" content=\"instock\" \/>\n<meta property=\"product:retailer_item_id\" content=\"ROF5825\" \/>\n<meta property=\"product:condition\" content=\"new\" \/>\n<meta name=\"geo.placename\" content=\"sousse\" \/>\n<meta name=\"geo.position\" content=\"35.831322690284125;10.633209332900613\" \/>\n<meta name=\"geo.region\" content=\"Tunisie\" \/>\n<!-- \/ Yoast SEO Premium plugin. -->","yoast_head_json":{"title":"Robe Longue Satin\u00e9e \u201cGlow \u00c9l\u00e9gant\u201d \u2013 L'\u00c9clat de la Simplicit\u00e9 - Elu","robots":{"index":"index","follow":"follow","max-snippet":"max-snippet:-1","max-image-preview":"max-image-preview:large","max-video-preview":"max-video-preview:-1"},"canonical":"https:\/\/elu.com.tn\/index.php\/produit\/robe-longue-satinee-glow-elegant-leclat-de-la-simplicite\/","og_locale":"fr_FR","og_type":"article","og_title":"Robe Longue Satin\u00e9e \u201cGlow \u00c9l\u00e9gant\u201d \u2013 L'\u00c9clat de la Simplicit\u00e9","og_description":"Adoptez l\u2019\u00e9l\u00e9gance minimaliste avec cette robe longue en satin , au tomb\u00e9 fluide et \u00e0 la brillance subtile. Sa coupe","og_url":"https:\/\/elu.com.tn\/index.php\/produit\/robe-longue-satinee-glow-elegant-leclat-de-la-simplicite\/","og_site_name":"Elu","article_publisher":"https:\/\/www.facebook.com\/ELU.PRET.A.PORTER.ET.ACCESSOIRES\/?locale=fr_FR","article_modified_time":"2025-10-13T08:02:20+00:00","og_image":[{"width":1536,"height":1920,"url":"https:\/\/elu.com.tn\/wp-content\/uploads\/2025\/07\/DSC00775.jpg","type":"image\/jpeg"}],"twitter_card":"summary_large_image","twitter_misc":{"Disponibilit\u00e9":"En stock"},"schema":{"@context":"https:\/\/schema.org","@graph":[{"@type":"WebPage","@id":"https:\/\/elu.com.tn\/index.php\/produit\/robe-longue-satinee-glow-elegant-leclat-de-la-simplicite\/","url":"https:\/\/elu.com.tn\/index.php\/produit\/robe-longue-satinee-glow-elegant-leclat-de-la-simplicite\/","name":"Robe Longue Satin\u00e9e \u201cGlow \u00c9l\u00e9gant\u201d \u2013 L'\u00c9clat de la Simplicit\u00e9 - Elu","isPartOf":{"@id":"https:\/\/elu.com.tn\/#website"},"primaryImageOfPage":{"@id":"https:\/\/elu.com.tn\/index.php\/produit\/robe-longue-satinee-glow-elegant-leclat-de-la-simplicite\/#primaryimage"},"image":{"@id":"https:\/\/elu.com.tn\/index.php\/produit\/robe-longue-satinee-glow-elegant-leclat-de-la-simplicite\/#primaryimage"},"thumbnailUrl":"https:\/\/elu.com.tn\/wp-content\/uploads\/2025\/07\/DSC00775.jpg","datePublished":"2025-07-04T17:57:12+00:00","dateModified":"2025-10-13T08:02:20+00:00","breadcrumb":{"@id":"https:\/\/elu.com.tn\/index.php\/produit\/robe-longue-satinee-glow-elegant-leclat-de-la-simplicite\/#breadcrumb"},"inLanguage":"fr-FR","potentialAction":[{"@type":"ReadAction","target":["https:\/\/elu.com.tn\/index.php\/produit\/robe-longue-satinee-glow-elegant-leclat-de-la-simplicite\/"]}]},{"@type":"ImageObject","inLanguage":"fr-FR","@id":"https:\/\/elu.com.tn\/index.php\/produit\/robe-longue-satinee-glow-elegant-leclat-de-la-simplicite\/#primaryimage","url":"https:\/\/elu.com.tn\/wp-content\/uploads\/2025\/07\/DSC00775.jpg","contentUrl":"https:\/\/elu.com.tn\/wp-content\/uploads\/2025\/07\/DSC00775.jpg","width":1536,"height":1920},{"@type":"BreadcrumbList","@id":"https:\/\/elu.com.tn\/index.php\/produit\/robe-longue-satinee-glow-elegant-leclat-de-la-simplicite\/#breadcrumb","itemListElement":[{"@type":"ListItem","position":1,"name":"Accueil","item":"https:\/\/elu.com.tn\/"},{"@type":"ListItem","position":2,"name":"Boutique","item":"https:\/\/elu.com.tn\/index.php\/shop\/"},{"@type":"ListItem","position":3,"name":"Robe Longue Satin\u00e9e \u201cGlow \u00c9l\u00e9gant\u201d \u2013 L&rsquo;\u00c9clat de la Simplicit\u00e9"}]},{"@type":"WebSite","@id":"https:\/\/elu.com.tn\/#website","url":"https:\/\/elu.com.tn\/","name":"Elu","description":"","publisher":{"@id":"https:\/\/elu.com.tn\/#organization"},"potentialAction":[{"@type":"SearchAction","target":{"@type":"EntryPoint","urlTemplate":"https:\/\/elu.com.tn\/?s={search_term_string}"},"query-input":{"@type":"PropertyValueSpecification","valueRequired":true,"valueName":"search_term_string"}}],"inLanguage":"fr-FR"},{"@type":["Organization","Place"],"@id":"https:\/\/elu.com.tn\/#organization","name":"Elu","url":"https:\/\/elu.com.tn\/","logo":{"@type":"ImageObject","inLanguage":"fr-FR","@id":"https:\/\/elu.com.tn\/#\/schema\/logo\/image\/","url":"https:\/\/elu.com.tn\/wp-content\/uploads\/2024\/12\/1-stores_default.png","contentUrl":"https:\/\/elu.com.tn\/wp-content\/uploads\/2024\/12\/1-stores_default.png","width":170,"height":115,"caption":"Elu"},"image":{"@id":"https:\/\/elu.com.tn\/#\/schema\/logo\/image\/"},"sameAs":["https:\/\/www.facebook.com\/ELU.PRET.A.PORTER.ET.ACCESSOIRES\/?locale=fr_FR","https:\/\/www.instagram.com\/elu_insta\/?hl=fr"],"mainEntityOfPage":{"@id":"https:\/\/elu.com.tn\/index.php\/produit\/robe-longue-satinee-glow-elegant-leclat-de-la-simplicite\/"}}]},"og_availability":"instock","product_availability":"instock","product_retailer_item_id":"ROF5825","product_condition":"new","geo.placename":"sousse","geo.position":{"lat":"35.831322690284125","long":"10.633209332900613"},"geo.region":"Tunisie"},"jetpack_sharing_enabled":true,"_links":{"self":[{"href":"https:\/\/elu.com.tn\/index.php\/wp-json\/wp\/v2\/product\/32290","targetHints":{"allow":["GET"]}}],"collection":[{"href":"https:\/\/elu.com.tn\/index.php\/wp-json\/wp\/v2\/product"}],"about":[{"href":"https:\/\/elu.com.tn\/index.php\/wp-json\/wp\/v2\/types\/product"}],"replies":[{"embeddable":true,"href":"https:\/\/elu.com.tn\/index.php\/wp-json\/wp\/v2\/comments?post=32290"}],"version-history":[{"count":1,"href":"https:\/\/elu.com.tn\/index.php\/wp-json\/wp\/v2\/product\/32290\/revisions"}],"predecessor-version":[{"id":32348,"href":"https:\/\/elu.com.tn\/index.php\/wp-json\/wp\/v2\/product\/32290\/revisions\/32348"}],"wp:featuredmedia":[{"embeddable":true,"href":"https:\/\/elu.com.tn\/index.php\/wp-json\/wp\/v2\/media\/32327"}],"wp:attachment":[{"href":"https:\/\/elu.com.tn\/index.php\/wp-json\/wp\/v2\/media?parent=32290"}],"wp:term":[{"taxonomy":"product_brand","embeddable":true,"href":"https:\/\/elu.com.tn\/index.php\/wp-json\/wp\/v2\/product_brand?post=32290"},{"taxonomy":"product_cat","embeddable":true,"href":"https:\/\/elu.com.tn\/index.php\/wp-json\/wp\/v2\/product_cat?post=32290"},{"taxonomy":"product_tag","embeddable":true,"href":"https:\/\/elu.com.tn\/index.php\/wp-json\/wp\/v2\/product_tag?post=32290"}],"curies":[{"name":"wp","href":"https:\/\/api.w.org\/{rel}","templated":true}]}}