{"id":32354,"date":"2025-07-04T18:14:15","date_gmt":"2025-07-04T18:14:15","guid":{"rendered":"https:\/\/elu.com.tn\/?post_type=product&#038;p=32354"},"modified":"2025-08-18T17:16:48","modified_gmt":"2025-08-18T17:16:48","slug":"ensemble-pantalon-gilet-elegance-naturelle","status":"publish","type":"product","link":"https:\/\/elu.com.tn\/index.php\/produit\/ensemble-pantalon-gilet-elegance-naturelle\/","title":{"rendered":"Ensemble Pantalon &amp; Gilet \u2013 \u00c9l\u00e9gance Naturelle"},"content":{"rendered":"<p>Cet ensemble beige en tissu fluide se compose d\u2019un gilet sans manches \u00e0 col tailleur orn\u00e9 de jolis boutons nacr\u00e9s, associ\u00e9 \u00e0 un pantalon palazzo taille haute \u00e0 pinces. Un look minimaliste et raffin\u00e9, id\u00e9al pour une allure professionnelle chic ou un style urbain sophistiqu\u00e9.<\/p>\n","protected":false},"excerpt":{"rendered":"<p>Cet ensemble beige en tissu fluide se compose d\u2019un gilet sans manches \u00e0 col tailleur orn\u00e9 de jolis boutons nacr\u00e9s,<\/p>\n","protected":false},"featured_media":32345,"comment_status":"open","ping_status":"closed","template":"","meta":[],"product_brand":[],"product_cat":[142,104,109],"product_tag":[],"class_list":{"0":"post-32354","1":"product","2":"type-product","3":"status-publish","4":"has-post-thumbnail","6":"product_cat-ensemble","7":"product_cat-femmes","8":"product_cat-vetements","10":"first","11":"instock","12":"shipping-taxable","13":"purchasable","14":"product-type-variable","15":"has-default-attributes"},"yoast_head":"<!-- This site is optimized with the Yoast SEO Premium plugin v25.1 (Yoast SEO v26.6) - https:\/\/yoast.com\/wordpress\/plugins\/seo\/ -->\n<title>Ensemble Pantalon &amp; Gilet \u2013 \u00c9l\u00e9gance Naturelle - Elu<\/title>\n<meta name=\"robots\" content=\"index, follow, max-snippet:-1, max-image-preview:large, max-video-preview:-1\" \/>\n<link rel=\"canonical\" href=\"https:\/\/elu.com.tn\/index.php\/produit\/ensemble-pantalon-gilet-elegance-naturelle\/\" \/>\n<meta property=\"og:locale\" content=\"fr_FR\" \/>\n<meta property=\"og:type\" content=\"article\" \/>\n<meta property=\"og:title\" content=\"Ensemble Pantalon &amp; Gilet \u2013 \u00c9l\u00e9gance Naturelle\" \/>\n<meta property=\"og:description\" content=\"Cet ensemble beige en tissu fluide se compose d\u2019un gilet sans manches \u00e0 col tailleur orn\u00e9 de jolis boutons nacr\u00e9s,\" \/>\n<meta property=\"og:url\" content=\"https:\/\/elu.com.tn\/index.php\/produit\/ensemble-pantalon-gilet-elegance-naturelle\/\" \/>\n<meta property=\"og:site_name\" content=\"Elu\" \/>\n<meta property=\"article:publisher\" content=\"https:\/\/www.facebook.com\/ELU.PRET.A.PORTER.ET.ACCESSOIRES\/?locale=fr_FR\" \/>\n<meta property=\"article:modified_time\" content=\"2025-08-18T17:16:48+00:00\" \/>\n<meta property=\"og:image\" content=\"https:\/\/elu.com.tn\/wp-content\/uploads\/2025\/07\/DSC00989.jpg\" \/>\n\t<meta property=\"og:image:width\" content=\"1536\" \/>\n\t<meta property=\"og:image:height\" content=\"1920\" \/>\n\t<meta property=\"og:image:type\" content=\"image\/jpeg\" \/>\n<meta name=\"twitter:card\" content=\"summary_large_image\" \/>\n<meta name=\"twitter:label1\" content=\"Disponibilit\u00e9\" \/>\n\t<meta name=\"twitter:data1\" content=\"En stock\" \/>\n<script type=\"application\/ld+json\" class=\"yoast-schema-graph\">{\"@context\":\"https:\/\/schema.org\",\"@graph\":[{\"@type\":\"WebPage\",\"@id\":\"https:\/\/elu.com.tn\/index.php\/produit\/ensemble-pantalon-gilet-elegance-naturelle\/\",\"url\":\"https:\/\/elu.com.tn\/index.php\/produit\/ensemble-pantalon-gilet-elegance-naturelle\/\",\"name\":\"Ensemble Pantalon &amp; Gilet \u2013 \u00c9l\u00e9gance Naturelle - Elu\",\"isPartOf\":{\"@id\":\"https:\/\/elu.com.tn\/#website\"},\"primaryImageOfPage\":{\"@id\":\"https:\/\/elu.com.tn\/index.php\/produit\/ensemble-pantalon-gilet-elegance-naturelle\/#primaryimage\"},\"image\":{\"@id\":\"https:\/\/elu.com.tn\/index.php\/produit\/ensemble-pantalon-gilet-elegance-naturelle\/#primaryimage\"},\"thumbnailUrl\":\"https:\/\/elu.com.tn\/wp-content\/uploads\/2025\/07\/DSC00989.jpg\",\"datePublished\":\"2025-07-04T18:14:15+00:00\",\"dateModified\":\"2025-08-18T17:16:48+00:00\",\"breadcrumb\":{\"@id\":\"https:\/\/elu.com.tn\/index.php\/produit\/ensemble-pantalon-gilet-elegance-naturelle\/#breadcrumb\"},\"inLanguage\":\"fr-FR\",\"potentialAction\":[{\"@type\":\"ReadAction\",\"target\":[\"https:\/\/elu.com.tn\/index.php\/produit\/ensemble-pantalon-gilet-elegance-naturelle\/\"]}]},{\"@type\":\"ImageObject\",\"inLanguage\":\"fr-FR\",\"@id\":\"https:\/\/elu.com.tn\/index.php\/produit\/ensemble-pantalon-gilet-elegance-naturelle\/#primaryimage\",\"url\":\"https:\/\/elu.com.tn\/wp-content\/uploads\/2025\/07\/DSC00989.jpg\",\"contentUrl\":\"https:\/\/elu.com.tn\/wp-content\/uploads\/2025\/07\/DSC00989.jpg\",\"width\":1536,\"height\":1920},{\"@type\":\"BreadcrumbList\",\"@id\":\"https:\/\/elu.com.tn\/index.php\/produit\/ensemble-pantalon-gilet-elegance-naturelle\/#breadcrumb\",\"itemListElement\":[{\"@type\":\"ListItem\",\"position\":1,\"name\":\"Accueil\",\"item\":\"https:\/\/elu.com.tn\/\"},{\"@type\":\"ListItem\",\"position\":2,\"name\":\"Boutique\",\"item\":\"https:\/\/elu.com.tn\/index.php\/shop\/\"},{\"@type\":\"ListItem\",\"position\":3,\"name\":\"Ensemble Pantalon &amp; Gilet \u2013 \u00c9l\u00e9gance Naturelle\"}]},{\"@type\":\"WebSite\",\"@id\":\"https:\/\/elu.com.tn\/#website\",\"url\":\"https:\/\/elu.com.tn\/\",\"name\":\"Elu\",\"description\":\"\",\"publisher\":{\"@id\":\"https:\/\/elu.com.tn\/#organization\"},\"potentialAction\":[{\"@type\":\"SearchAction\",\"target\":{\"@type\":\"EntryPoint\",\"urlTemplate\":\"https:\/\/elu.com.tn\/?s={search_term_string}\"},\"query-input\":{\"@type\":\"PropertyValueSpecification\",\"valueRequired\":true,\"valueName\":\"search_term_string\"}}],\"inLanguage\":\"fr-FR\"},{\"@type\":[\"Organization\",\"Place\"],\"@id\":\"https:\/\/elu.com.tn\/#organization\",\"name\":\"Elu\",\"url\":\"https:\/\/elu.com.tn\/\",\"logo\":{\"@type\":\"ImageObject\",\"inLanguage\":\"fr-FR\",\"@id\":\"https:\/\/elu.com.tn\/#\/schema\/logo\/image\/\",\"url\":\"https:\/\/elu.com.tn\/wp-content\/uploads\/2024\/12\/1-stores_default.png\",\"contentUrl\":\"https:\/\/elu.com.tn\/wp-content\/uploads\/2024\/12\/1-stores_default.png\",\"width\":170,\"height\":115,\"caption\":\"Elu\"},\"image\":{\"@id\":\"https:\/\/elu.com.tn\/#\/schema\/logo\/image\/\"},\"sameAs\":[\"https:\/\/www.facebook.com\/ELU.PRET.A.PORTER.ET.ACCESSOIRES\/?locale=fr_FR\",\"https:\/\/www.instagram.com\/elu_insta\/?hl=fr\"],\"mainEntityOfPage\":{\"@id\":\"https:\/\/elu.com.tn\/index.php\/produit\/ensemble-pantalon-gilet-elegance-naturelle\/\"}}]}<\/script>\n<meta property=\"og:availability\" content=\"instock\" \/>\n<meta property=\"product:availability\" content=\"instock\" \/>\n<meta property=\"product:retailer_item_id\" content=\"ENF4925\" \/>\n<meta property=\"product:condition\" content=\"new\" \/>\n<meta name=\"geo.placename\" content=\"sousse\" \/>\n<meta name=\"geo.position\" content=\"35.831322690284125;10.633209332900613\" \/>\n<meta name=\"geo.region\" content=\"Tunisie\" \/>\n<!-- \/ Yoast SEO Premium plugin. -->","yoast_head_json":{"title":"Ensemble Pantalon &amp; Gilet \u2013 \u00c9l\u00e9gance Naturelle - Elu","robots":{"index":"index","follow":"follow","max-snippet":"max-snippet:-1","max-image-preview":"max-image-preview:large","max-video-preview":"max-video-preview:-1"},"canonical":"https:\/\/elu.com.tn\/index.php\/produit\/ensemble-pantalon-gilet-elegance-naturelle\/","og_locale":"fr_FR","og_type":"article","og_title":"Ensemble Pantalon &amp; Gilet \u2013 \u00c9l\u00e9gance Naturelle","og_description":"Cet ensemble beige en tissu fluide se compose d\u2019un gilet sans manches \u00e0 col tailleur orn\u00e9 de jolis boutons nacr\u00e9s,","og_url":"https:\/\/elu.com.tn\/index.php\/produit\/ensemble-pantalon-gilet-elegance-naturelle\/","og_site_name":"Elu","article_publisher":"https:\/\/www.facebook.com\/ELU.PRET.A.PORTER.ET.ACCESSOIRES\/?locale=fr_FR","article_modified_time":"2025-08-18T17:16:48+00:00","og_image":[{"width":1536,"height":1920,"url":"https:\/\/elu.com.tn\/wp-content\/uploads\/2025\/07\/DSC00989.jpg","type":"image\/jpeg"}],"twitter_card":"summary_large_image","twitter_misc":{"Disponibilit\u00e9":"En stock"},"schema":{"@context":"https:\/\/schema.org","@graph":[{"@type":"WebPage","@id":"https:\/\/elu.com.tn\/index.php\/produit\/ensemble-pantalon-gilet-elegance-naturelle\/","url":"https:\/\/elu.com.tn\/index.php\/produit\/ensemble-pantalon-gilet-elegance-naturelle\/","name":"Ensemble Pantalon &amp; Gilet \u2013 \u00c9l\u00e9gance Naturelle - Elu","isPartOf":{"@id":"https:\/\/elu.com.tn\/#website"},"primaryImageOfPage":{"@id":"https:\/\/elu.com.tn\/index.php\/produit\/ensemble-pantalon-gilet-elegance-naturelle\/#primaryimage"},"image":{"@id":"https:\/\/elu.com.tn\/index.php\/produit\/ensemble-pantalon-gilet-elegance-naturelle\/#primaryimage"},"thumbnailUrl":"https:\/\/elu.com.tn\/wp-content\/uploads\/2025\/07\/DSC00989.jpg","datePublished":"2025-07-04T18:14:15+00:00","dateModified":"2025-08-18T17:16:48+00:00","breadcrumb":{"@id":"https:\/\/elu.com.tn\/index.php\/produit\/ensemble-pantalon-gilet-elegance-naturelle\/#breadcrumb"},"inLanguage":"fr-FR","potentialAction":[{"@type":"ReadAction","target":["https:\/\/elu.com.tn\/index.php\/produit\/ensemble-pantalon-gilet-elegance-naturelle\/"]}]},{"@type":"ImageObject","inLanguage":"fr-FR","@id":"https:\/\/elu.com.tn\/index.php\/produit\/ensemble-pantalon-gilet-elegance-naturelle\/#primaryimage","url":"https:\/\/elu.com.tn\/wp-content\/uploads\/2025\/07\/DSC00989.jpg","contentUrl":"https:\/\/elu.com.tn\/wp-content\/uploads\/2025\/07\/DSC00989.jpg","width":1536,"height":1920},{"@type":"BreadcrumbList","@id":"https:\/\/elu.com.tn\/index.php\/produit\/ensemble-pantalon-gilet-elegance-naturelle\/#breadcrumb","itemListElement":[{"@type":"ListItem","position":1,"name":"Accueil","item":"https:\/\/elu.com.tn\/"},{"@type":"ListItem","position":2,"name":"Boutique","item":"https:\/\/elu.com.tn\/index.php\/shop\/"},{"@type":"ListItem","position":3,"name":"Ensemble Pantalon &amp; Gilet \u2013 \u00c9l\u00e9gance Naturelle"}]},{"@type":"WebSite","@id":"https:\/\/elu.com.tn\/#website","url":"https:\/\/elu.com.tn\/","name":"Elu","description":"","publisher":{"@id":"https:\/\/elu.com.tn\/#organization"},"potentialAction":[{"@type":"SearchAction","target":{"@type":"EntryPoint","urlTemplate":"https:\/\/elu.com.tn\/?s={search_term_string}"},"query-input":{"@type":"PropertyValueSpecification","valueRequired":true,"valueName":"search_term_string"}}],"inLanguage":"fr-FR"},{"@type":["Organization","Place"],"@id":"https:\/\/elu.com.tn\/#organization","name":"Elu","url":"https:\/\/elu.com.tn\/","logo":{"@type":"ImageObject","inLanguage":"fr-FR","@id":"https:\/\/elu.com.tn\/#\/schema\/logo\/image\/","url":"https:\/\/elu.com.tn\/wp-content\/uploads\/2024\/12\/1-stores_default.png","contentUrl":"https:\/\/elu.com.tn\/wp-content\/uploads\/2024\/12\/1-stores_default.png","width":170,"height":115,"caption":"Elu"},"image":{"@id":"https:\/\/elu.com.tn\/#\/schema\/logo\/image\/"},"sameAs":["https:\/\/www.facebook.com\/ELU.PRET.A.PORTER.ET.ACCESSOIRES\/?locale=fr_FR","https:\/\/www.instagram.com\/elu_insta\/?hl=fr"],"mainEntityOfPage":{"@id":"https:\/\/elu.com.tn\/index.php\/produit\/ensemble-pantalon-gilet-elegance-naturelle\/"}}]},"og_availability":"instock","product_availability":"instock","product_retailer_item_id":"ENF4925","product_condition":"new","geo.placename":"sousse","geo.position":{"lat":"35.831322690284125","long":"10.633209332900613"},"geo.region":"Tunisie"},"jetpack_sharing_enabled":true,"_links":{"self":[{"href":"https:\/\/elu.com.tn\/index.php\/wp-json\/wp\/v2\/product\/32354","targetHints":{"allow":["GET"]}}],"collection":[{"href":"https:\/\/elu.com.tn\/index.php\/wp-json\/wp\/v2\/product"}],"about":[{"href":"https:\/\/elu.com.tn\/index.php\/wp-json\/wp\/v2\/types\/product"}],"replies":[{"embeddable":true,"href":"https:\/\/elu.com.tn\/index.php\/wp-json\/wp\/v2\/comments?post=32354"}],"version-history":[{"count":1,"href":"https:\/\/elu.com.tn\/index.php\/wp-json\/wp\/v2\/product\/32354\/revisions"}],"predecessor-version":[{"id":32358,"href":"https:\/\/elu.com.tn\/index.php\/wp-json\/wp\/v2\/product\/32354\/revisions\/32358"}],"wp:featuredmedia":[{"embeddable":true,"href":"https:\/\/elu.com.tn\/index.php\/wp-json\/wp\/v2\/media\/32345"}],"wp:attachment":[{"href":"https:\/\/elu.com.tn\/index.php\/wp-json\/wp\/v2\/media?parent=32354"}],"wp:term":[{"taxonomy":"product_brand","embeddable":true,"href":"https:\/\/elu.com.tn\/index.php\/wp-json\/wp\/v2\/product_brand?post=32354"},{"taxonomy":"product_cat","embeddable":true,"href":"https:\/\/elu.com.tn\/index.php\/wp-json\/wp\/v2\/product_cat?post=32354"},{"taxonomy":"product_tag","embeddable":true,"href":"https:\/\/elu.com.tn\/index.php\/wp-json\/wp\/v2\/product_tag?post=32354"}],"curies":[{"name":"wp","href":"https:\/\/api.w.org\/{rel}","templated":true}]}}