{"id":32991,"date":"2025-07-28T10:51:37","date_gmt":"2025-07-28T10:51:37","guid":{"rendered":"https:\/\/elu.com.tn\/?post_type=product&#038;p=32991"},"modified":"2025-08-26T17:07:55","modified_gmt":"2025-08-26T17:07:55","slug":"sac-a-main-louis-cardy-style-croco","status":"publish","type":"product","link":"https:\/\/elu.com.tn\/index.php\/produit\/sac-a-main-louis-cardy-style-croco\/","title":{"rendered":"Sac \u00e0 Main Louis Cardy \u2013 Style Croco"},"content":{"rendered":"<p data-start=\"111\" data-end=\"248\">Ajoutez une touche de <strong data-start=\"133\" data-end=\"152\">chic intemporel<\/strong> \u00e0 votre tenue avec ce superbe sac \u00e0 main <strong data-start=\"194\" data-end=\"209\">Louis Cardy<\/strong> en finition effet simil<strong data-start=\"228\" data-end=\"247\">cuir croco\u00a0<\/strong><\/p>\n<p data-start=\"250\" data-end=\"276\">\u2728 <strong data-start=\"252\" data-end=\"274\">Caract\u00e9ristiques :<\/strong><\/p>\n<ul data-start=\"277\" data-end=\"527\">\n<li data-start=\"277\" data-end=\"318\">\n<p data-start=\"279\" data-end=\"318\">Texture <strong data-start=\"287\" data-end=\"305\">croco \u00e9l\u00e9gante<\/strong> et moderne<\/p>\n<\/li>\n<li data-start=\"319\" data-end=\"375\">\n<p data-start=\"321\" data-end=\"375\">D\u00e9tails m\u00e9talliques dor\u00e9s pour une finition raffin\u00e9e<\/p>\n<\/li>\n<li data-start=\"376\" data-end=\"421\">\n<p data-start=\"378\" data-end=\"421\">Format rectangulaire structur\u00e9 et compact<\/p>\n<\/li>\n<li data-start=\"422\" data-end=\"466\">\n<p data-start=\"424\" data-end=\"466\">Logo <strong data-start=\"429\" data-end=\"444\">LOUIS CARDY<\/strong> grav\u00e9 sur le devant<\/p>\n<\/li>\n<li data-start=\"467\" data-end=\"527\">\n<p data-start=\"469\" data-end=\"527\">Poign\u00e9e rigide + bandouli\u00e8re amovible pour un double port\u00e9<\/p>\n<\/li>\n<\/ul>\n","protected":false},"excerpt":{"rendered":"<p>Ajoutez une touche de chic intemporel \u00e0 votre tenue avec ce superbe sac \u00e0 main Louis Cardy en finition effet<\/p>\n","protected":false},"featured_media":33001,"comment_status":"open","ping_status":"closed","template":"","meta":[],"product_brand":[],"product_cat":[187],"product_tag":[],"class_list":{"0":"post-32991","1":"product","2":"type-product","3":"status-publish","4":"has-post-thumbnail","6":"product_cat-nouvelle-collection","8":"first","9":"instock","10":"shipping-taxable","11":"purchasable","12":"product-type-variable","13":"has-default-attributes"},"yoast_head":"<!-- This site is optimized with the Yoast SEO Premium plugin v25.1 (Yoast SEO v26.6) - https:\/\/yoast.com\/wordpress\/plugins\/seo\/ -->\n<title>Sac \u00e0 Main Louis Cardy \u2013 Style Croco - Elu<\/title>\n<meta name=\"robots\" content=\"index, follow, max-snippet:-1, max-image-preview:large, max-video-preview:-1\" \/>\n<link rel=\"canonical\" href=\"https:\/\/elu.com.tn\/index.php\/produit\/sac-a-main-louis-cardy-style-croco\/\" \/>\n<meta property=\"og:locale\" content=\"fr_FR\" \/>\n<meta property=\"og:type\" content=\"article\" \/>\n<meta property=\"og:title\" content=\"Sac \u00e0 Main Louis Cardy \u2013 Style Croco\" \/>\n<meta property=\"og:description\" content=\"Ajoutez une touche de chic intemporel \u00e0 votre tenue avec ce superbe sac \u00e0 main Louis Cardy en finition effet\" \/>\n<meta property=\"og:url\" content=\"https:\/\/elu.com.tn\/index.php\/produit\/sac-a-main-louis-cardy-style-croco\/\" \/>\n<meta property=\"og:site_name\" content=\"Elu\" \/>\n<meta property=\"article:publisher\" content=\"https:\/\/www.facebook.com\/ELU.PRET.A.PORTER.ET.ACCESSOIRES\/?locale=fr_FR\" \/>\n<meta property=\"article:modified_time\" content=\"2025-08-26T17:07:55+00:00\" \/>\n<meta property=\"og:image\" content=\"https:\/\/elu.com.tn\/wp-content\/uploads\/2025\/07\/DSC09334.jpg\" \/>\n\t<meta property=\"og:image:width\" content=\"1371\" \/>\n\t<meta property=\"og:image:height\" content=\"1920\" \/>\n\t<meta property=\"og:image:type\" content=\"image\/jpeg\" \/>\n<meta name=\"twitter:card\" content=\"summary_large_image\" \/>\n<meta name=\"twitter:label1\" content=\"Disponibilit\u00e9\" \/>\n\t<meta name=\"twitter:data1\" content=\"En stock\" \/>\n<script type=\"application\/ld+json\" class=\"yoast-schema-graph\">{\"@context\":\"https:\/\/schema.org\",\"@graph\":[{\"@type\":\"WebPage\",\"@id\":\"https:\/\/elu.com.tn\/index.php\/produit\/sac-a-main-louis-cardy-style-croco\/\",\"url\":\"https:\/\/elu.com.tn\/index.php\/produit\/sac-a-main-louis-cardy-style-croco\/\",\"name\":\"Sac \u00e0 Main Louis Cardy \u2013 Style Croco - Elu\",\"isPartOf\":{\"@id\":\"https:\/\/elu.com.tn\/#website\"},\"primaryImageOfPage\":{\"@id\":\"https:\/\/elu.com.tn\/index.php\/produit\/sac-a-main-louis-cardy-style-croco\/#primaryimage\"},\"image\":{\"@id\":\"https:\/\/elu.com.tn\/index.php\/produit\/sac-a-main-louis-cardy-style-croco\/#primaryimage\"},\"thumbnailUrl\":\"https:\/\/elu.com.tn\/wp-content\/uploads\/2025\/07\/DSC09334.jpg\",\"datePublished\":\"2025-07-28T10:51:37+00:00\",\"dateModified\":\"2025-08-26T17:07:55+00:00\",\"breadcrumb\":{\"@id\":\"https:\/\/elu.com.tn\/index.php\/produit\/sac-a-main-louis-cardy-style-croco\/#breadcrumb\"},\"inLanguage\":\"fr-FR\",\"potentialAction\":[{\"@type\":\"ReadAction\",\"target\":[\"https:\/\/elu.com.tn\/index.php\/produit\/sac-a-main-louis-cardy-style-croco\/\"]}]},{\"@type\":\"ImageObject\",\"inLanguage\":\"fr-FR\",\"@id\":\"https:\/\/elu.com.tn\/index.php\/produit\/sac-a-main-louis-cardy-style-croco\/#primaryimage\",\"url\":\"https:\/\/elu.com.tn\/wp-content\/uploads\/2025\/07\/DSC09334.jpg\",\"contentUrl\":\"https:\/\/elu.com.tn\/wp-content\/uploads\/2025\/07\/DSC09334.jpg\",\"width\":1371,\"height\":1920},{\"@type\":\"BreadcrumbList\",\"@id\":\"https:\/\/elu.com.tn\/index.php\/produit\/sac-a-main-louis-cardy-style-croco\/#breadcrumb\",\"itemListElement\":[{\"@type\":\"ListItem\",\"position\":1,\"name\":\"Accueil\",\"item\":\"https:\/\/elu.com.tn\/\"},{\"@type\":\"ListItem\",\"position\":2,\"name\":\"Boutique\",\"item\":\"https:\/\/elu.com.tn\/index.php\/shop\/\"},{\"@type\":\"ListItem\",\"position\":3,\"name\":\"Sac \u00e0 Main Louis Cardy \u2013 Style Croco\"}]},{\"@type\":\"WebSite\",\"@id\":\"https:\/\/elu.com.tn\/#website\",\"url\":\"https:\/\/elu.com.tn\/\",\"name\":\"Elu\",\"description\":\"\",\"publisher\":{\"@id\":\"https:\/\/elu.com.tn\/#organization\"},\"potentialAction\":[{\"@type\":\"SearchAction\",\"target\":{\"@type\":\"EntryPoint\",\"urlTemplate\":\"https:\/\/elu.com.tn\/?s={search_term_string}\"},\"query-input\":{\"@type\":\"PropertyValueSpecification\",\"valueRequired\":true,\"valueName\":\"search_term_string\"}}],\"inLanguage\":\"fr-FR\"},{\"@type\":[\"Organization\",\"Place\"],\"@id\":\"https:\/\/elu.com.tn\/#organization\",\"name\":\"Elu\",\"url\":\"https:\/\/elu.com.tn\/\",\"logo\":{\"@type\":\"ImageObject\",\"inLanguage\":\"fr-FR\",\"@id\":\"https:\/\/elu.com.tn\/#\/schema\/logo\/image\/\",\"url\":\"https:\/\/elu.com.tn\/wp-content\/uploads\/2024\/12\/1-stores_default.png\",\"contentUrl\":\"https:\/\/elu.com.tn\/wp-content\/uploads\/2024\/12\/1-stores_default.png\",\"width\":170,\"height\":115,\"caption\":\"Elu\"},\"image\":{\"@id\":\"https:\/\/elu.com.tn\/#\/schema\/logo\/image\/\"},\"sameAs\":[\"https:\/\/www.facebook.com\/ELU.PRET.A.PORTER.ET.ACCESSOIRES\/?locale=fr_FR\",\"https:\/\/www.instagram.com\/elu_insta\/?hl=fr\"],\"mainEntityOfPage\":{\"@id\":\"https:\/\/elu.com.tn\/index.php\/produit\/sac-a-main-louis-cardy-style-croco\/\"}}]}<\/script>\n<meta property=\"og:availability\" content=\"instock\" \/>\n<meta property=\"product:availability\" content=\"instock\" \/>\n<meta property=\"product:retailer_item_id\" content=\"ACSAC46025\" \/>\n<meta property=\"product:condition\" content=\"new\" \/>\n<meta name=\"geo.placename\" content=\"sousse\" \/>\n<meta name=\"geo.position\" content=\"35.831322690284125;10.633209332900613\" \/>\n<meta name=\"geo.region\" content=\"Tunisie\" \/>\n<!-- \/ Yoast SEO Premium plugin. -->","yoast_head_json":{"title":"Sac \u00e0 Main Louis Cardy \u2013 Style Croco - Elu","robots":{"index":"index","follow":"follow","max-snippet":"max-snippet:-1","max-image-preview":"max-image-preview:large","max-video-preview":"max-video-preview:-1"},"canonical":"https:\/\/elu.com.tn\/index.php\/produit\/sac-a-main-louis-cardy-style-croco\/","og_locale":"fr_FR","og_type":"article","og_title":"Sac \u00e0 Main Louis Cardy \u2013 Style Croco","og_description":"Ajoutez une touche de chic intemporel \u00e0 votre tenue avec ce superbe sac \u00e0 main Louis Cardy en finition effet","og_url":"https:\/\/elu.com.tn\/index.php\/produit\/sac-a-main-louis-cardy-style-croco\/","og_site_name":"Elu","article_publisher":"https:\/\/www.facebook.com\/ELU.PRET.A.PORTER.ET.ACCESSOIRES\/?locale=fr_FR","article_modified_time":"2025-08-26T17:07:55+00:00","og_image":[{"width":1371,"height":1920,"url":"https:\/\/elu.com.tn\/wp-content\/uploads\/2025\/07\/DSC09334.jpg","type":"image\/jpeg"}],"twitter_card":"summary_large_image","twitter_misc":{"Disponibilit\u00e9":"En stock"},"schema":{"@context":"https:\/\/schema.org","@graph":[{"@type":"WebPage","@id":"https:\/\/elu.com.tn\/index.php\/produit\/sac-a-main-louis-cardy-style-croco\/","url":"https:\/\/elu.com.tn\/index.php\/produit\/sac-a-main-louis-cardy-style-croco\/","name":"Sac \u00e0 Main Louis Cardy \u2013 Style Croco - Elu","isPartOf":{"@id":"https:\/\/elu.com.tn\/#website"},"primaryImageOfPage":{"@id":"https:\/\/elu.com.tn\/index.php\/produit\/sac-a-main-louis-cardy-style-croco\/#primaryimage"},"image":{"@id":"https:\/\/elu.com.tn\/index.php\/produit\/sac-a-main-louis-cardy-style-croco\/#primaryimage"},"thumbnailUrl":"https:\/\/elu.com.tn\/wp-content\/uploads\/2025\/07\/DSC09334.jpg","datePublished":"2025-07-28T10:51:37+00:00","dateModified":"2025-08-26T17:07:55+00:00","breadcrumb":{"@id":"https:\/\/elu.com.tn\/index.php\/produit\/sac-a-main-louis-cardy-style-croco\/#breadcrumb"},"inLanguage":"fr-FR","potentialAction":[{"@type":"ReadAction","target":["https:\/\/elu.com.tn\/index.php\/produit\/sac-a-main-louis-cardy-style-croco\/"]}]},{"@type":"ImageObject","inLanguage":"fr-FR","@id":"https:\/\/elu.com.tn\/index.php\/produit\/sac-a-main-louis-cardy-style-croco\/#primaryimage","url":"https:\/\/elu.com.tn\/wp-content\/uploads\/2025\/07\/DSC09334.jpg","contentUrl":"https:\/\/elu.com.tn\/wp-content\/uploads\/2025\/07\/DSC09334.jpg","width":1371,"height":1920},{"@type":"BreadcrumbList","@id":"https:\/\/elu.com.tn\/index.php\/produit\/sac-a-main-louis-cardy-style-croco\/#breadcrumb","itemListElement":[{"@type":"ListItem","position":1,"name":"Accueil","item":"https:\/\/elu.com.tn\/"},{"@type":"ListItem","position":2,"name":"Boutique","item":"https:\/\/elu.com.tn\/index.php\/shop\/"},{"@type":"ListItem","position":3,"name":"Sac \u00e0 Main Louis Cardy \u2013 Style Croco"}]},{"@type":"WebSite","@id":"https:\/\/elu.com.tn\/#website","url":"https:\/\/elu.com.tn\/","name":"Elu","description":"","publisher":{"@id":"https:\/\/elu.com.tn\/#organization"},"potentialAction":[{"@type":"SearchAction","target":{"@type":"EntryPoint","urlTemplate":"https:\/\/elu.com.tn\/?s={search_term_string}"},"query-input":{"@type":"PropertyValueSpecification","valueRequired":true,"valueName":"search_term_string"}}],"inLanguage":"fr-FR"},{"@type":["Organization","Place"],"@id":"https:\/\/elu.com.tn\/#organization","name":"Elu","url":"https:\/\/elu.com.tn\/","logo":{"@type":"ImageObject","inLanguage":"fr-FR","@id":"https:\/\/elu.com.tn\/#\/schema\/logo\/image\/","url":"https:\/\/elu.com.tn\/wp-content\/uploads\/2024\/12\/1-stores_default.png","contentUrl":"https:\/\/elu.com.tn\/wp-content\/uploads\/2024\/12\/1-stores_default.png","width":170,"height":115,"caption":"Elu"},"image":{"@id":"https:\/\/elu.com.tn\/#\/schema\/logo\/image\/"},"sameAs":["https:\/\/www.facebook.com\/ELU.PRET.A.PORTER.ET.ACCESSOIRES\/?locale=fr_FR","https:\/\/www.instagram.com\/elu_insta\/?hl=fr"],"mainEntityOfPage":{"@id":"https:\/\/elu.com.tn\/index.php\/produit\/sac-a-main-louis-cardy-style-croco\/"}}]},"og_availability":"instock","product_availability":"instock","product_retailer_item_id":"ACSAC46025","product_condition":"new","geo.placename":"sousse","geo.position":{"lat":"35.831322690284125","long":"10.633209332900613"},"geo.region":"Tunisie"},"jetpack_sharing_enabled":true,"_links":{"self":[{"href":"https:\/\/elu.com.tn\/index.php\/wp-json\/wp\/v2\/product\/32991","targetHints":{"allow":["GET"]}}],"collection":[{"href":"https:\/\/elu.com.tn\/index.php\/wp-json\/wp\/v2\/product"}],"about":[{"href":"https:\/\/elu.com.tn\/index.php\/wp-json\/wp\/v2\/types\/product"}],"replies":[{"embeddable":true,"href":"https:\/\/elu.com.tn\/index.php\/wp-json\/wp\/v2\/comments?post=32991"}],"version-history":[{"count":2,"href":"https:\/\/elu.com.tn\/index.php\/wp-json\/wp\/v2\/product\/32991\/revisions"}],"predecessor-version":[{"id":33005,"href":"https:\/\/elu.com.tn\/index.php\/wp-json\/wp\/v2\/product\/32991\/revisions\/33005"}],"wp:featuredmedia":[{"embeddable":true,"href":"https:\/\/elu.com.tn\/index.php\/wp-json\/wp\/v2\/media\/33001"}],"wp:attachment":[{"href":"https:\/\/elu.com.tn\/index.php\/wp-json\/wp\/v2\/media?parent=32991"}],"wp:term":[{"taxonomy":"product_brand","embeddable":true,"href":"https:\/\/elu.com.tn\/index.php\/wp-json\/wp\/v2\/product_brand?post=32991"},{"taxonomy":"product_cat","embeddable":true,"href":"https:\/\/elu.com.tn\/index.php\/wp-json\/wp\/v2\/product_cat?post=32991"},{"taxonomy":"product_tag","embeddable":true,"href":"https:\/\/elu.com.tn\/index.php\/wp-json\/wp\/v2\/product_tag?post=32991"}],"curies":[{"name":"wp","href":"https:\/\/api.w.org\/{rel}","templated":true}]}}