{"id":33495,"date":"2025-08-26T17:41:34","date_gmt":"2025-08-26T17:41:34","guid":{"rendered":"https:\/\/elu.com.tn\/?post_type=product&#038;p=33495"},"modified":"2025-08-26T17:43:25","modified_gmt":"2025-08-26T17:43:25","slug":"sac-a-main-elegant-marron","status":"publish","type":"product","link":"https:\/\/elu.com.tn\/index.php\/produit\/sac-a-main-elegant-marron\/","title":{"rendered":"Sac \u00e0 main \u00e9l\u00e9gant marron"},"content":{"rendered":"<p data-start=\"65\" data-end=\"478\">Un mod\u00e8le sophistiqu\u00e9 qui allie charme classique et praticit\u00e9. Confectionn\u00e9 en simili cuir textur\u00e9 avec d\u00e9tails en cuir lisse, ce sac s\u00e9duit par sa forme structur\u00e9e et ses finitions raffin\u00e9es. Dot\u00e9 de deux anses solides pour un port\u00e9 confortable \u00e0 la main ou \u00e0 l\u2019\u00e9paule, il est agr\u00e9ment\u00e9 d\u2019une fermeture \u00e0 rabat avec boucles d\u00e9coratives et d\u2019un logo m\u00e9tallique discret \u00e0 l\u2019avant.<\/p>\n<p data-start=\"480\" data-end=\"591\">\u2728 Id\u00e9al pour le quotidien comme pour les occasions sp\u00e9ciales, il apporte une touche chic \u00e0 toutes vos tenues.<\/p>\n","protected":false},"excerpt":{"rendered":"<p>Un mod\u00e8le sophistiqu\u00e9 qui allie charme classique et praticit\u00e9. Confectionn\u00e9 en simili cuir textur\u00e9 avec d\u00e9tails en cuir lisse, ce<\/p>\n","protected":false},"featured_media":33497,"comment_status":"open","ping_status":"closed","template":"","meta":[],"product_brand":[],"product_cat":[187],"product_tag":[],"class_list":{"0":"post-33495","1":"product","2":"type-product","3":"status-publish","4":"has-post-thumbnail","6":"product_cat-nouvelle-collection","8":"first","9":"instock","10":"shipping-taxable","11":"purchasable","12":"product-type-variable","13":"has-default-attributes"},"yoast_head":"<!-- This site is optimized with the Yoast SEO Premium plugin v25.1 (Yoast SEO v26.6) - https:\/\/yoast.com\/wordpress\/plugins\/seo\/ -->\n<title>Sac \u00e0 main \u00e9l\u00e9gant marron - Elu<\/title>\n<meta name=\"robots\" content=\"index, follow, max-snippet:-1, max-image-preview:large, max-video-preview:-1\" \/>\n<link rel=\"canonical\" href=\"https:\/\/elu.com.tn\/index.php\/produit\/sac-a-main-elegant-marron\/\" \/>\n<meta property=\"og:locale\" content=\"fr_FR\" \/>\n<meta property=\"og:type\" content=\"article\" \/>\n<meta property=\"og:title\" content=\"Sac \u00e0 main \u00e9l\u00e9gant marron\" \/>\n<meta property=\"og:description\" content=\"Un mod\u00e8le sophistiqu\u00e9 qui allie charme classique et praticit\u00e9. Confectionn\u00e9 en simili cuir textur\u00e9 avec d\u00e9tails en cuir lisse, ce\" \/>\n<meta property=\"og:url\" content=\"https:\/\/elu.com.tn\/index.php\/produit\/sac-a-main-elegant-marron\/\" \/>\n<meta property=\"og:site_name\" content=\"Elu\" \/>\n<meta property=\"article:publisher\" content=\"https:\/\/www.facebook.com\/ELU.PRET.A.PORTER.ET.ACCESSOIRES\/?locale=fr_FR\" \/>\n<meta property=\"article:modified_time\" content=\"2025-08-26T17:43:25+00:00\" \/>\n<meta property=\"og:image\" content=\"https:\/\/elu.com.tn\/wp-content\/uploads\/2025\/08\/DSC09606.jpg\" \/>\n\t<meta property=\"og:image:width\" content=\"1371\" \/>\n\t<meta property=\"og:image:height\" content=\"1920\" \/>\n\t<meta property=\"og:image:type\" content=\"image\/jpeg\" \/>\n<meta name=\"twitter:card\" content=\"summary_large_image\" \/>\n<meta name=\"twitter:label1\" content=\"Disponibilit\u00e9\" \/>\n\t<meta name=\"twitter:data1\" content=\"En stock\" \/>\n<script type=\"application\/ld+json\" class=\"yoast-schema-graph\">{\"@context\":\"https:\/\/schema.org\",\"@graph\":[{\"@type\":\"WebPage\",\"@id\":\"https:\/\/elu.com.tn\/index.php\/produit\/sac-a-main-elegant-marron\/\",\"url\":\"https:\/\/elu.com.tn\/index.php\/produit\/sac-a-main-elegant-marron\/\",\"name\":\"Sac \u00e0 main \u00e9l\u00e9gant marron - Elu\",\"isPartOf\":{\"@id\":\"https:\/\/elu.com.tn\/#website\"},\"primaryImageOfPage\":{\"@id\":\"https:\/\/elu.com.tn\/index.php\/produit\/sac-a-main-elegant-marron\/#primaryimage\"},\"image\":{\"@id\":\"https:\/\/elu.com.tn\/index.php\/produit\/sac-a-main-elegant-marron\/#primaryimage\"},\"thumbnailUrl\":\"https:\/\/elu.com.tn\/wp-content\/uploads\/2025\/08\/DSC09606.jpg\",\"datePublished\":\"2025-08-26T17:41:34+00:00\",\"dateModified\":\"2025-08-26T17:43:25+00:00\",\"breadcrumb\":{\"@id\":\"https:\/\/elu.com.tn\/index.php\/produit\/sac-a-main-elegant-marron\/#breadcrumb\"},\"inLanguage\":\"fr-FR\",\"potentialAction\":[{\"@type\":\"ReadAction\",\"target\":[\"https:\/\/elu.com.tn\/index.php\/produit\/sac-a-main-elegant-marron\/\"]}]},{\"@type\":\"ImageObject\",\"inLanguage\":\"fr-FR\",\"@id\":\"https:\/\/elu.com.tn\/index.php\/produit\/sac-a-main-elegant-marron\/#primaryimage\",\"url\":\"https:\/\/elu.com.tn\/wp-content\/uploads\/2025\/08\/DSC09606.jpg\",\"contentUrl\":\"https:\/\/elu.com.tn\/wp-content\/uploads\/2025\/08\/DSC09606.jpg\",\"width\":1371,\"height\":1920},{\"@type\":\"BreadcrumbList\",\"@id\":\"https:\/\/elu.com.tn\/index.php\/produit\/sac-a-main-elegant-marron\/#breadcrumb\",\"itemListElement\":[{\"@type\":\"ListItem\",\"position\":1,\"name\":\"Accueil\",\"item\":\"https:\/\/elu.com.tn\/\"},{\"@type\":\"ListItem\",\"position\":2,\"name\":\"Boutique\",\"item\":\"https:\/\/elu.com.tn\/index.php\/shop\/\"},{\"@type\":\"ListItem\",\"position\":3,\"name\":\"Sac \u00e0 main \u00e9l\u00e9gant marron\"}]},{\"@type\":\"WebSite\",\"@id\":\"https:\/\/elu.com.tn\/#website\",\"url\":\"https:\/\/elu.com.tn\/\",\"name\":\"Elu\",\"description\":\"\",\"publisher\":{\"@id\":\"https:\/\/elu.com.tn\/#organization\"},\"potentialAction\":[{\"@type\":\"SearchAction\",\"target\":{\"@type\":\"EntryPoint\",\"urlTemplate\":\"https:\/\/elu.com.tn\/?s={search_term_string}\"},\"query-input\":{\"@type\":\"PropertyValueSpecification\",\"valueRequired\":true,\"valueName\":\"search_term_string\"}}],\"inLanguage\":\"fr-FR\"},{\"@type\":[\"Organization\",\"Place\"],\"@id\":\"https:\/\/elu.com.tn\/#organization\",\"name\":\"Elu\",\"url\":\"https:\/\/elu.com.tn\/\",\"logo\":{\"@type\":\"ImageObject\",\"inLanguage\":\"fr-FR\",\"@id\":\"https:\/\/elu.com.tn\/#\/schema\/logo\/image\/\",\"url\":\"https:\/\/elu.com.tn\/wp-content\/uploads\/2024\/12\/1-stores_default.png\",\"contentUrl\":\"https:\/\/elu.com.tn\/wp-content\/uploads\/2024\/12\/1-stores_default.png\",\"width\":170,\"height\":115,\"caption\":\"Elu\"},\"image\":{\"@id\":\"https:\/\/elu.com.tn\/#\/schema\/logo\/image\/\"},\"sameAs\":[\"https:\/\/www.facebook.com\/ELU.PRET.A.PORTER.ET.ACCESSOIRES\/?locale=fr_FR\",\"https:\/\/www.instagram.com\/elu_insta\/?hl=fr\"],\"mainEntityOfPage\":{\"@id\":\"https:\/\/elu.com.tn\/index.php\/produit\/sac-a-main-elegant-marron\/\"}}]}<\/script>\n<meta property=\"og:availability\" content=\"instock\" \/>\n<meta property=\"product:availability\" content=\"instock\" \/>\n<meta property=\"product:retailer_item_id\" content=\"ACSAC58325\" \/>\n<meta property=\"product:condition\" content=\"new\" \/>\n<meta name=\"geo.placename\" content=\"sousse\" \/>\n<meta name=\"geo.position\" content=\"35.831322690284125;10.633209332900613\" \/>\n<meta name=\"geo.region\" content=\"Tunisie\" \/>\n<!-- \/ Yoast SEO Premium plugin. -->","yoast_head_json":{"title":"Sac \u00e0 main \u00e9l\u00e9gant marron - Elu","robots":{"index":"index","follow":"follow","max-snippet":"max-snippet:-1","max-image-preview":"max-image-preview:large","max-video-preview":"max-video-preview:-1"},"canonical":"https:\/\/elu.com.tn\/index.php\/produit\/sac-a-main-elegant-marron\/","og_locale":"fr_FR","og_type":"article","og_title":"Sac \u00e0 main \u00e9l\u00e9gant marron","og_description":"Un mod\u00e8le sophistiqu\u00e9 qui allie charme classique et praticit\u00e9. Confectionn\u00e9 en simili cuir textur\u00e9 avec d\u00e9tails en cuir lisse, ce","og_url":"https:\/\/elu.com.tn\/index.php\/produit\/sac-a-main-elegant-marron\/","og_site_name":"Elu","article_publisher":"https:\/\/www.facebook.com\/ELU.PRET.A.PORTER.ET.ACCESSOIRES\/?locale=fr_FR","article_modified_time":"2025-08-26T17:43:25+00:00","og_image":[{"width":1371,"height":1920,"url":"https:\/\/elu.com.tn\/wp-content\/uploads\/2025\/08\/DSC09606.jpg","type":"image\/jpeg"}],"twitter_card":"summary_large_image","twitter_misc":{"Disponibilit\u00e9":"En stock"},"schema":{"@context":"https:\/\/schema.org","@graph":[{"@type":"WebPage","@id":"https:\/\/elu.com.tn\/index.php\/produit\/sac-a-main-elegant-marron\/","url":"https:\/\/elu.com.tn\/index.php\/produit\/sac-a-main-elegant-marron\/","name":"Sac \u00e0 main \u00e9l\u00e9gant marron - Elu","isPartOf":{"@id":"https:\/\/elu.com.tn\/#website"},"primaryImageOfPage":{"@id":"https:\/\/elu.com.tn\/index.php\/produit\/sac-a-main-elegant-marron\/#primaryimage"},"image":{"@id":"https:\/\/elu.com.tn\/index.php\/produit\/sac-a-main-elegant-marron\/#primaryimage"},"thumbnailUrl":"https:\/\/elu.com.tn\/wp-content\/uploads\/2025\/08\/DSC09606.jpg","datePublished":"2025-08-26T17:41:34+00:00","dateModified":"2025-08-26T17:43:25+00:00","breadcrumb":{"@id":"https:\/\/elu.com.tn\/index.php\/produit\/sac-a-main-elegant-marron\/#breadcrumb"},"inLanguage":"fr-FR","potentialAction":[{"@type":"ReadAction","target":["https:\/\/elu.com.tn\/index.php\/produit\/sac-a-main-elegant-marron\/"]}]},{"@type":"ImageObject","inLanguage":"fr-FR","@id":"https:\/\/elu.com.tn\/index.php\/produit\/sac-a-main-elegant-marron\/#primaryimage","url":"https:\/\/elu.com.tn\/wp-content\/uploads\/2025\/08\/DSC09606.jpg","contentUrl":"https:\/\/elu.com.tn\/wp-content\/uploads\/2025\/08\/DSC09606.jpg","width":1371,"height":1920},{"@type":"BreadcrumbList","@id":"https:\/\/elu.com.tn\/index.php\/produit\/sac-a-main-elegant-marron\/#breadcrumb","itemListElement":[{"@type":"ListItem","position":1,"name":"Accueil","item":"https:\/\/elu.com.tn\/"},{"@type":"ListItem","position":2,"name":"Boutique","item":"https:\/\/elu.com.tn\/index.php\/shop\/"},{"@type":"ListItem","position":3,"name":"Sac \u00e0 main \u00e9l\u00e9gant marron"}]},{"@type":"WebSite","@id":"https:\/\/elu.com.tn\/#website","url":"https:\/\/elu.com.tn\/","name":"Elu","description":"","publisher":{"@id":"https:\/\/elu.com.tn\/#organization"},"potentialAction":[{"@type":"SearchAction","target":{"@type":"EntryPoint","urlTemplate":"https:\/\/elu.com.tn\/?s={search_term_string}"},"query-input":{"@type":"PropertyValueSpecification","valueRequired":true,"valueName":"search_term_string"}}],"inLanguage":"fr-FR"},{"@type":["Organization","Place"],"@id":"https:\/\/elu.com.tn\/#organization","name":"Elu","url":"https:\/\/elu.com.tn\/","logo":{"@type":"ImageObject","inLanguage":"fr-FR","@id":"https:\/\/elu.com.tn\/#\/schema\/logo\/image\/","url":"https:\/\/elu.com.tn\/wp-content\/uploads\/2024\/12\/1-stores_default.png","contentUrl":"https:\/\/elu.com.tn\/wp-content\/uploads\/2024\/12\/1-stores_default.png","width":170,"height":115,"caption":"Elu"},"image":{"@id":"https:\/\/elu.com.tn\/#\/schema\/logo\/image\/"},"sameAs":["https:\/\/www.facebook.com\/ELU.PRET.A.PORTER.ET.ACCESSOIRES\/?locale=fr_FR","https:\/\/www.instagram.com\/elu_insta\/?hl=fr"],"mainEntityOfPage":{"@id":"https:\/\/elu.com.tn\/index.php\/produit\/sac-a-main-elegant-marron\/"}}]},"og_availability":"instock","product_availability":"instock","product_retailer_item_id":"ACSAC58325","product_condition":"new","geo.placename":"sousse","geo.position":{"lat":"35.831322690284125","long":"10.633209332900613"},"geo.region":"Tunisie"},"jetpack_sharing_enabled":true,"_links":{"self":[{"href":"https:\/\/elu.com.tn\/index.php\/wp-json\/wp\/v2\/product\/33495","targetHints":{"allow":["GET"]}}],"collection":[{"href":"https:\/\/elu.com.tn\/index.php\/wp-json\/wp\/v2\/product"}],"about":[{"href":"https:\/\/elu.com.tn\/index.php\/wp-json\/wp\/v2\/types\/product"}],"replies":[{"embeddable":true,"href":"https:\/\/elu.com.tn\/index.php\/wp-json\/wp\/v2\/comments?post=33495"}],"version-history":[{"count":1,"href":"https:\/\/elu.com.tn\/index.php\/wp-json\/wp\/v2\/product\/33495\/revisions"}],"predecessor-version":[{"id":33501,"href":"https:\/\/elu.com.tn\/index.php\/wp-json\/wp\/v2\/product\/33495\/revisions\/33501"}],"wp:featuredmedia":[{"embeddable":true,"href":"https:\/\/elu.com.tn\/index.php\/wp-json\/wp\/v2\/media\/33497"}],"wp:attachment":[{"href":"https:\/\/elu.com.tn\/index.php\/wp-json\/wp\/v2\/media?parent=33495"}],"wp:term":[{"taxonomy":"product_brand","embeddable":true,"href":"https:\/\/elu.com.tn\/index.php\/wp-json\/wp\/v2\/product_brand?post=33495"},{"taxonomy":"product_cat","embeddable":true,"href":"https:\/\/elu.com.tn\/index.php\/wp-json\/wp\/v2\/product_cat?post=33495"},{"taxonomy":"product_tag","embeddable":true,"href":"https:\/\/elu.com.tn\/index.php\/wp-json\/wp\/v2\/product_tag?post=33495"}],"curies":[{"name":"wp","href":"https:\/\/api.w.org\/{rel}","templated":true}]}}