{"id":33990,"date":"2025-09-26T11:04:23","date_gmt":"2025-09-26T11:04:23","guid":{"rendered":"https:\/\/elu.com.tn\/?post_type=product&#038;p=33990"},"modified":"2025-09-26T11:05:16","modified_gmt":"2025-09-26T11:05:16","slug":"sac-a-main-elegant-noir-a-chaine-doree-louis-cardy","status":"publish","type":"product","link":"https:\/\/elu.com.tn\/index.php\/produit\/sac-a-main-elegant-noir-a-chaine-doree-louis-cardy\/","title":{"rendered":"Sac \u00e0 main \u00e9l\u00e9gant noir \u00e0 cha\u00eene dor\u00e9e \u2013 Louis Cardy"},"content":{"rendered":"<p data-start=\"70\" data-end=\"407\">Ce sac \u00e0 main sophistiqu\u00e9 de la marque <strong data-start=\"129\" data-end=\"144\">Louis Cardy<\/strong> est l&rsquo;accessoire parfait pour sublimer vos tenues de jour comme de nuit. Confectionn\u00e9 en simili cuir noir emboss\u00e9 du logo \u00ab\u00a0LOUIS CARDY\u00a0\u00bb, il allie \u00e9l\u00e9gance et modernit\u00e9. Sa fermeture \u00e0 rabat est sublim\u00e9e par un fermoir circulaire dor\u00e9 avec le logo embl\u00e9matique.<\/p>\n<p data-start=\"409\" data-end=\"655\">Les cha\u00eenes dor\u00e9es doubles, accompagn\u00e9es d&rsquo;une bande de cuir pour un confort optimal \u00e0 l\u2019\u00e9paule, ajoutent une touche luxueuse au design. Sa forme compacte mais fonctionnelle en fait un compagnon id\u00e9al pour transporter vos essentiels avec style.<\/p>\n<p data-start=\"657\" data-end=\"681\"><strong data-start=\"657\" data-end=\"679\">Caract\u00e9ristiques :<\/strong><\/p>\n<ul data-start=\"682\" data-end=\"919\">\n<li data-start=\"682\" data-end=\"700\">\n<p data-start=\"684\" data-end=\"700\">Couleur : Noir<\/p>\n<\/li>\n<li data-start=\"701\" data-end=\"734\">\n<p data-start=\"703\" data-end=\"734\">Mati\u00e8re : Simili cuir emboss\u00e9<\/p>\n<\/li>\n<\/ul>\n","protected":false},"excerpt":{"rendered":"<p>Ce sac \u00e0 main sophistiqu\u00e9 de la marque Louis Cardy est l&rsquo;accessoire parfait pour sublimer vos tenues de jour comme<\/p>\n","protected":false},"featured_media":33992,"comment_status":"open","ping_status":"closed","template":"","meta":[],"product_brand":[],"product_cat":[187],"product_tag":[],"class_list":{"0":"post-33990","1":"product","2":"type-product","3":"status-publish","4":"has-post-thumbnail","6":"product_cat-nouvelle-collection","8":"first","9":"instock","10":"shipping-taxable","11":"purchasable","12":"product-type-variable","13":"has-default-attributes"},"yoast_head":"<!-- This site is optimized with the Yoast SEO Premium plugin v25.1 (Yoast SEO v26.6) - https:\/\/yoast.com\/wordpress\/plugins\/seo\/ -->\n<title>Sac \u00e0 main \u00e9l\u00e9gant noir \u00e0 cha\u00eene dor\u00e9e \u2013 Louis Cardy - Elu<\/title>\n<meta name=\"robots\" content=\"index, follow, max-snippet:-1, max-image-preview:large, max-video-preview:-1\" \/>\n<link rel=\"canonical\" href=\"https:\/\/elu.com.tn\/index.php\/produit\/sac-a-main-elegant-noir-a-chaine-doree-louis-cardy\/\" \/>\n<meta property=\"og:locale\" content=\"fr_FR\" \/>\n<meta property=\"og:type\" content=\"article\" \/>\n<meta property=\"og:title\" content=\"Sac \u00e0 main \u00e9l\u00e9gant noir \u00e0 cha\u00eene dor\u00e9e \u2013 Louis Cardy\" \/>\n<meta property=\"og:description\" content=\"Ce sac \u00e0 main sophistiqu\u00e9 de la marque Louis Cardy est l&rsquo;accessoire parfait pour sublimer vos tenues de jour comme\" \/>\n<meta property=\"og:url\" content=\"https:\/\/elu.com.tn\/index.php\/produit\/sac-a-main-elegant-noir-a-chaine-doree-louis-cardy\/\" \/>\n<meta property=\"og:site_name\" content=\"Elu\" \/>\n<meta property=\"article:publisher\" content=\"https:\/\/www.facebook.com\/ELU.PRET.A.PORTER.ET.ACCESSOIRES\/?locale=fr_FR\" \/>\n<meta property=\"article:modified_time\" content=\"2025-09-26T11:05:16+00:00\" \/>\n<meta property=\"og:image\" content=\"https:\/\/elu.com.tn\/wp-content\/uploads\/2025\/09\/DSC09343.jpg\" \/>\n\t<meta property=\"og:image:width\" content=\"1371\" \/>\n\t<meta property=\"og:image:height\" content=\"1920\" \/>\n\t<meta property=\"og:image:type\" content=\"image\/jpeg\" \/>\n<meta name=\"twitter:card\" content=\"summary_large_image\" \/>\n<meta name=\"twitter:label1\" content=\"Disponibilit\u00e9\" \/>\n\t<meta name=\"twitter:data1\" content=\"En stock\" \/>\n<script type=\"application\/ld+json\" class=\"yoast-schema-graph\">{\"@context\":\"https:\/\/schema.org\",\"@graph\":[{\"@type\":\"WebPage\",\"@id\":\"https:\/\/elu.com.tn\/index.php\/produit\/sac-a-main-elegant-noir-a-chaine-doree-louis-cardy\/\",\"url\":\"https:\/\/elu.com.tn\/index.php\/produit\/sac-a-main-elegant-noir-a-chaine-doree-louis-cardy\/\",\"name\":\"Sac \u00e0 main \u00e9l\u00e9gant noir \u00e0 cha\u00eene dor\u00e9e \u2013 Louis Cardy - Elu\",\"isPartOf\":{\"@id\":\"https:\/\/elu.com.tn\/#website\"},\"primaryImageOfPage\":{\"@id\":\"https:\/\/elu.com.tn\/index.php\/produit\/sac-a-main-elegant-noir-a-chaine-doree-louis-cardy\/#primaryimage\"},\"image\":{\"@id\":\"https:\/\/elu.com.tn\/index.php\/produit\/sac-a-main-elegant-noir-a-chaine-doree-louis-cardy\/#primaryimage\"},\"thumbnailUrl\":\"https:\/\/elu.com.tn\/wp-content\/uploads\/2025\/09\/DSC09343.jpg\",\"datePublished\":\"2025-09-26T11:04:23+00:00\",\"dateModified\":\"2025-09-26T11:05:16+00:00\",\"breadcrumb\":{\"@id\":\"https:\/\/elu.com.tn\/index.php\/produit\/sac-a-main-elegant-noir-a-chaine-doree-louis-cardy\/#breadcrumb\"},\"inLanguage\":\"fr-FR\",\"potentialAction\":[{\"@type\":\"ReadAction\",\"target\":[\"https:\/\/elu.com.tn\/index.php\/produit\/sac-a-main-elegant-noir-a-chaine-doree-louis-cardy\/\"]}]},{\"@type\":\"ImageObject\",\"inLanguage\":\"fr-FR\",\"@id\":\"https:\/\/elu.com.tn\/index.php\/produit\/sac-a-main-elegant-noir-a-chaine-doree-louis-cardy\/#primaryimage\",\"url\":\"https:\/\/elu.com.tn\/wp-content\/uploads\/2025\/09\/DSC09343.jpg\",\"contentUrl\":\"https:\/\/elu.com.tn\/wp-content\/uploads\/2025\/09\/DSC09343.jpg\",\"width\":1371,\"height\":1920},{\"@type\":\"BreadcrumbList\",\"@id\":\"https:\/\/elu.com.tn\/index.php\/produit\/sac-a-main-elegant-noir-a-chaine-doree-louis-cardy\/#breadcrumb\",\"itemListElement\":[{\"@type\":\"ListItem\",\"position\":1,\"name\":\"Accueil\",\"item\":\"https:\/\/elu.com.tn\/\"},{\"@type\":\"ListItem\",\"position\":2,\"name\":\"Boutique\",\"item\":\"https:\/\/elu.com.tn\/index.php\/shop\/\"},{\"@type\":\"ListItem\",\"position\":3,\"name\":\"Sac \u00e0 main \u00e9l\u00e9gant noir \u00e0 cha\u00eene dor\u00e9e \u2013 Louis Cardy\"}]},{\"@type\":\"WebSite\",\"@id\":\"https:\/\/elu.com.tn\/#website\",\"url\":\"https:\/\/elu.com.tn\/\",\"name\":\"Elu\",\"description\":\"\",\"publisher\":{\"@id\":\"https:\/\/elu.com.tn\/#organization\"},\"potentialAction\":[{\"@type\":\"SearchAction\",\"target\":{\"@type\":\"EntryPoint\",\"urlTemplate\":\"https:\/\/elu.com.tn\/?s={search_term_string}\"},\"query-input\":{\"@type\":\"PropertyValueSpecification\",\"valueRequired\":true,\"valueName\":\"search_term_string\"}}],\"inLanguage\":\"fr-FR\"},{\"@type\":[\"Organization\",\"Place\"],\"@id\":\"https:\/\/elu.com.tn\/#organization\",\"name\":\"Elu\",\"url\":\"https:\/\/elu.com.tn\/\",\"logo\":{\"@type\":\"ImageObject\",\"inLanguage\":\"fr-FR\",\"@id\":\"https:\/\/elu.com.tn\/#\/schema\/logo\/image\/\",\"url\":\"https:\/\/elu.com.tn\/wp-content\/uploads\/2024\/12\/1-stores_default.png\",\"contentUrl\":\"https:\/\/elu.com.tn\/wp-content\/uploads\/2024\/12\/1-stores_default.png\",\"width\":170,\"height\":115,\"caption\":\"Elu\"},\"image\":{\"@id\":\"https:\/\/elu.com.tn\/#\/schema\/logo\/image\/\"},\"sameAs\":[\"https:\/\/www.facebook.com\/ELU.PRET.A.PORTER.ET.ACCESSOIRES\/?locale=fr_FR\",\"https:\/\/www.instagram.com\/elu_insta\/?hl=fr\"],\"mainEntityOfPage\":{\"@id\":\"https:\/\/elu.com.tn\/index.php\/produit\/sac-a-main-elegant-noir-a-chaine-doree-louis-cardy\/\"}}]}<\/script>\n<meta property=\"og:availability\" content=\"instock\" \/>\n<meta property=\"product:availability\" content=\"instock\" \/>\n<meta property=\"product:condition\" content=\"new\" \/>\n<meta name=\"geo.placename\" content=\"sousse\" \/>\n<meta name=\"geo.position\" content=\"35.831322690284125;10.633209332900613\" \/>\n<meta name=\"geo.region\" content=\"Tunisie\" \/>\n<!-- \/ Yoast SEO Premium plugin. -->","yoast_head_json":{"title":"Sac \u00e0 main \u00e9l\u00e9gant noir \u00e0 cha\u00eene dor\u00e9e \u2013 Louis Cardy - Elu","robots":{"index":"index","follow":"follow","max-snippet":"max-snippet:-1","max-image-preview":"max-image-preview:large","max-video-preview":"max-video-preview:-1"},"canonical":"https:\/\/elu.com.tn\/index.php\/produit\/sac-a-main-elegant-noir-a-chaine-doree-louis-cardy\/","og_locale":"fr_FR","og_type":"article","og_title":"Sac \u00e0 main \u00e9l\u00e9gant noir \u00e0 cha\u00eene dor\u00e9e \u2013 Louis Cardy","og_description":"Ce sac \u00e0 main sophistiqu\u00e9 de la marque Louis Cardy est l&rsquo;accessoire parfait pour sublimer vos tenues de jour comme","og_url":"https:\/\/elu.com.tn\/index.php\/produit\/sac-a-main-elegant-noir-a-chaine-doree-louis-cardy\/","og_site_name":"Elu","article_publisher":"https:\/\/www.facebook.com\/ELU.PRET.A.PORTER.ET.ACCESSOIRES\/?locale=fr_FR","article_modified_time":"2025-09-26T11:05:16+00:00","og_image":[{"width":1371,"height":1920,"url":"https:\/\/elu.com.tn\/wp-content\/uploads\/2025\/09\/DSC09343.jpg","type":"image\/jpeg"}],"twitter_card":"summary_large_image","twitter_misc":{"Disponibilit\u00e9":"En stock"},"schema":{"@context":"https:\/\/schema.org","@graph":[{"@type":"WebPage","@id":"https:\/\/elu.com.tn\/index.php\/produit\/sac-a-main-elegant-noir-a-chaine-doree-louis-cardy\/","url":"https:\/\/elu.com.tn\/index.php\/produit\/sac-a-main-elegant-noir-a-chaine-doree-louis-cardy\/","name":"Sac \u00e0 main \u00e9l\u00e9gant noir \u00e0 cha\u00eene dor\u00e9e \u2013 Louis Cardy - Elu","isPartOf":{"@id":"https:\/\/elu.com.tn\/#website"},"primaryImageOfPage":{"@id":"https:\/\/elu.com.tn\/index.php\/produit\/sac-a-main-elegant-noir-a-chaine-doree-louis-cardy\/#primaryimage"},"image":{"@id":"https:\/\/elu.com.tn\/index.php\/produit\/sac-a-main-elegant-noir-a-chaine-doree-louis-cardy\/#primaryimage"},"thumbnailUrl":"https:\/\/elu.com.tn\/wp-content\/uploads\/2025\/09\/DSC09343.jpg","datePublished":"2025-09-26T11:04:23+00:00","dateModified":"2025-09-26T11:05:16+00:00","breadcrumb":{"@id":"https:\/\/elu.com.tn\/index.php\/produit\/sac-a-main-elegant-noir-a-chaine-doree-louis-cardy\/#breadcrumb"},"inLanguage":"fr-FR","potentialAction":[{"@type":"ReadAction","target":["https:\/\/elu.com.tn\/index.php\/produit\/sac-a-main-elegant-noir-a-chaine-doree-louis-cardy\/"]}]},{"@type":"ImageObject","inLanguage":"fr-FR","@id":"https:\/\/elu.com.tn\/index.php\/produit\/sac-a-main-elegant-noir-a-chaine-doree-louis-cardy\/#primaryimage","url":"https:\/\/elu.com.tn\/wp-content\/uploads\/2025\/09\/DSC09343.jpg","contentUrl":"https:\/\/elu.com.tn\/wp-content\/uploads\/2025\/09\/DSC09343.jpg","width":1371,"height":1920},{"@type":"BreadcrumbList","@id":"https:\/\/elu.com.tn\/index.php\/produit\/sac-a-main-elegant-noir-a-chaine-doree-louis-cardy\/#breadcrumb","itemListElement":[{"@type":"ListItem","position":1,"name":"Accueil","item":"https:\/\/elu.com.tn\/"},{"@type":"ListItem","position":2,"name":"Boutique","item":"https:\/\/elu.com.tn\/index.php\/shop\/"},{"@type":"ListItem","position":3,"name":"Sac \u00e0 main \u00e9l\u00e9gant noir \u00e0 cha\u00eene dor\u00e9e \u2013 Louis Cardy"}]},{"@type":"WebSite","@id":"https:\/\/elu.com.tn\/#website","url":"https:\/\/elu.com.tn\/","name":"Elu","description":"","publisher":{"@id":"https:\/\/elu.com.tn\/#organization"},"potentialAction":[{"@type":"SearchAction","target":{"@type":"EntryPoint","urlTemplate":"https:\/\/elu.com.tn\/?s={search_term_string}"},"query-input":{"@type":"PropertyValueSpecification","valueRequired":true,"valueName":"search_term_string"}}],"inLanguage":"fr-FR"},{"@type":["Organization","Place"],"@id":"https:\/\/elu.com.tn\/#organization","name":"Elu","url":"https:\/\/elu.com.tn\/","logo":{"@type":"ImageObject","inLanguage":"fr-FR","@id":"https:\/\/elu.com.tn\/#\/schema\/logo\/image\/","url":"https:\/\/elu.com.tn\/wp-content\/uploads\/2024\/12\/1-stores_default.png","contentUrl":"https:\/\/elu.com.tn\/wp-content\/uploads\/2024\/12\/1-stores_default.png","width":170,"height":115,"caption":"Elu"},"image":{"@id":"https:\/\/elu.com.tn\/#\/schema\/logo\/image\/"},"sameAs":["https:\/\/www.facebook.com\/ELU.PRET.A.PORTER.ET.ACCESSOIRES\/?locale=fr_FR","https:\/\/www.instagram.com\/elu_insta\/?hl=fr"],"mainEntityOfPage":{"@id":"https:\/\/elu.com.tn\/index.php\/produit\/sac-a-main-elegant-noir-a-chaine-doree-louis-cardy\/"}}]},"og_availability":"instock","product_availability":"instock","product_condition":"new","geo.placename":"sousse","geo.position":{"lat":"35.831322690284125","long":"10.633209332900613"},"geo.region":"Tunisie"},"jetpack_sharing_enabled":true,"_links":{"self":[{"href":"https:\/\/elu.com.tn\/index.php\/wp-json\/wp\/v2\/product\/33990","targetHints":{"allow":["GET"]}}],"collection":[{"href":"https:\/\/elu.com.tn\/index.php\/wp-json\/wp\/v2\/product"}],"about":[{"href":"https:\/\/elu.com.tn\/index.php\/wp-json\/wp\/v2\/types\/product"}],"replies":[{"embeddable":true,"href":"https:\/\/elu.com.tn\/index.php\/wp-json\/wp\/v2\/comments?post=33990"}],"version-history":[{"count":1,"href":"https:\/\/elu.com.tn\/index.php\/wp-json\/wp\/v2\/product\/33990\/revisions"}],"predecessor-version":[{"id":33997,"href":"https:\/\/elu.com.tn\/index.php\/wp-json\/wp\/v2\/product\/33990\/revisions\/33997"}],"wp:featuredmedia":[{"embeddable":true,"href":"https:\/\/elu.com.tn\/index.php\/wp-json\/wp\/v2\/media\/33992"}],"wp:attachment":[{"href":"https:\/\/elu.com.tn\/index.php\/wp-json\/wp\/v2\/media?parent=33990"}],"wp:term":[{"taxonomy":"product_brand","embeddable":true,"href":"https:\/\/elu.com.tn\/index.php\/wp-json\/wp\/v2\/product_brand?post=33990"},{"taxonomy":"product_cat","embeddable":true,"href":"https:\/\/elu.com.tn\/index.php\/wp-json\/wp\/v2\/product_cat?post=33990"},{"taxonomy":"product_tag","embeddable":true,"href":"https:\/\/elu.com.tn\/index.php\/wp-json\/wp\/v2\/product_tag?post=33990"}],"curies":[{"name":"wp","href":"https:\/\/api.w.org\/{rel}","templated":true}]}}