{"id":34050,"date":"2025-09-27T07:35:50","date_gmt":"2025-09-27T07:35:50","guid":{"rendered":"https:\/\/elu.com.tn\/?post_type=product&#038;p=34050"},"modified":"2025-09-27T07:37:58","modified_gmt":"2025-09-27T07:37:58","slug":"sac-a-main-louis-cardy-elegance-graphique","status":"publish","type":"product","link":"https:\/\/elu.com.tn\/index.php\/produit\/sac-a-main-louis-cardy-elegance-graphique\/","title":{"rendered":"Sac \u00e0 main Louis Cardy \u2013 \u00c9l\u00e9gance Graphique"},"content":{"rendered":"<p data-start=\"116\" data-end=\"213\">Ce sac \u00e0 main <strong data-start=\"130\" data-end=\"145\">Louis Cardy<\/strong> attire tous les regards gr\u00e2ce \u00e0 son design moderne et audacieux :<\/p>\n<ul data-start=\"214\" data-end=\"607\">\n<li data-start=\"214\" data-end=\"272\">\n<p data-start=\"216\" data-end=\"272\">Motif g\u00e9om\u00e9trique noir et blanc avec monogramme <strong data-start=\"264\" data-end=\"270\">LC<\/strong><\/p>\n<\/li>\n<li data-start=\"273\" data-end=\"340\">\n<p data-start=\"275\" data-end=\"340\">Rabat structur\u00e9 avec boucle d\u00e9corative m\u00e9tallique noir brillant<\/p>\n<\/li>\n<li data-start=\"341\" data-end=\"402\">\n<p data-start=\"343\" data-end=\"402\">Bandouli\u00e8re cha\u00eene sophistiqu\u00e9e pour un port\u00e9 \u00e9paule chic<\/p>\n<\/li>\n<li data-start=\"403\" data-end=\"468\">\n<p data-start=\"405\" data-end=\"468\">Base \u00e0 rayures contrast\u00e9es pour un style original et tendance<\/p>\n<\/li>\n<li data-start=\"469\" data-end=\"546\">\n<p data-start=\"471\" data-end=\"546\">Format pratique pour vos essentiels du quotidien ou vos sorties \u00e9l\u00e9gantes<\/p>\n<\/li>\n<li data-start=\"547\" data-end=\"607\">\n<p data-start=\"549\" data-end=\"607\">Finitions haut de gamme alliant modernit\u00e9 et raffinement<\/p>\n<\/li>\n<\/ul>\n<p data-start=\"609\" data-end=\"697\">\ud83d\udd38 Un mod\u00e8le unique qui combine \u00e9l\u00e9gance intemporelle et touche fashion contemporaine.<\/p>\n","protected":false},"excerpt":{"rendered":"<p>Ce sac \u00e0 main Louis Cardy attire tous les regards gr\u00e2ce \u00e0 son design moderne et audacieux : Motif g\u00e9om\u00e9trique<\/p>\n","protected":false},"featured_media":34061,"comment_status":"open","ping_status":"closed","template":"","meta":[],"product_brand":[],"product_cat":[187],"product_tag":[],"class_list":{"0":"post-34050","1":"product","2":"type-product","3":"status-publish","4":"has-post-thumbnail","6":"product_cat-nouvelle-collection","8":"first","9":"instock","10":"shipping-taxable","11":"purchasable","12":"product-type-variable","13":"has-default-attributes"},"yoast_head":"<!-- This site is optimized with the Yoast SEO Premium plugin v25.1 (Yoast SEO v26.6) - https:\/\/yoast.com\/wordpress\/plugins\/seo\/ -->\n<title>Sac \u00e0 main Louis Cardy \u2013 \u00c9l\u00e9gance Graphique - Elu<\/title>\n<meta name=\"robots\" content=\"index, follow, max-snippet:-1, max-image-preview:large, max-video-preview:-1\" \/>\n<link rel=\"canonical\" href=\"https:\/\/elu.com.tn\/index.php\/produit\/sac-a-main-louis-cardy-elegance-graphique\/\" \/>\n<meta property=\"og:locale\" content=\"fr_FR\" \/>\n<meta property=\"og:type\" content=\"article\" \/>\n<meta property=\"og:title\" content=\"Sac \u00e0 main Louis Cardy \u2013 \u00c9l\u00e9gance Graphique\" \/>\n<meta property=\"og:description\" content=\"Ce sac \u00e0 main Louis Cardy attire tous les regards gr\u00e2ce \u00e0 son design moderne et audacieux : Motif g\u00e9om\u00e9trique\" \/>\n<meta property=\"og:url\" content=\"https:\/\/elu.com.tn\/index.php\/produit\/sac-a-main-louis-cardy-elegance-graphique\/\" \/>\n<meta property=\"og:site_name\" content=\"Elu\" \/>\n<meta property=\"article:publisher\" content=\"https:\/\/www.facebook.com\/ELU.PRET.A.PORTER.ET.ACCESSOIRES\/?locale=fr_FR\" \/>\n<meta property=\"article:modified_time\" content=\"2025-09-27T07:37:58+00:00\" \/>\n<meta property=\"og:image\" content=\"https:\/\/elu.com.tn\/wp-content\/uploads\/2025\/09\/DSC09529.jpg\" \/>\n\t<meta property=\"og:image:width\" content=\"1371\" \/>\n\t<meta property=\"og:image:height\" content=\"1920\" \/>\n\t<meta property=\"og:image:type\" content=\"image\/jpeg\" \/>\n<meta name=\"twitter:card\" content=\"summary_large_image\" \/>\n<meta name=\"twitter:label1\" content=\"Disponibilit\u00e9\" \/>\n\t<meta name=\"twitter:data1\" content=\"En stock\" \/>\n<script type=\"application\/ld+json\" class=\"yoast-schema-graph\">{\"@context\":\"https:\/\/schema.org\",\"@graph\":[{\"@type\":\"WebPage\",\"@id\":\"https:\/\/elu.com.tn\/index.php\/produit\/sac-a-main-louis-cardy-elegance-graphique\/\",\"url\":\"https:\/\/elu.com.tn\/index.php\/produit\/sac-a-main-louis-cardy-elegance-graphique\/\",\"name\":\"Sac \u00e0 main Louis Cardy \u2013 \u00c9l\u00e9gance Graphique - Elu\",\"isPartOf\":{\"@id\":\"https:\/\/elu.com.tn\/#website\"},\"primaryImageOfPage\":{\"@id\":\"https:\/\/elu.com.tn\/index.php\/produit\/sac-a-main-louis-cardy-elegance-graphique\/#primaryimage\"},\"image\":{\"@id\":\"https:\/\/elu.com.tn\/index.php\/produit\/sac-a-main-louis-cardy-elegance-graphique\/#primaryimage\"},\"thumbnailUrl\":\"https:\/\/elu.com.tn\/wp-content\/uploads\/2025\/09\/DSC09529.jpg\",\"datePublished\":\"2025-09-27T07:35:50+00:00\",\"dateModified\":\"2025-09-27T07:37:58+00:00\",\"breadcrumb\":{\"@id\":\"https:\/\/elu.com.tn\/index.php\/produit\/sac-a-main-louis-cardy-elegance-graphique\/#breadcrumb\"},\"inLanguage\":\"fr-FR\",\"potentialAction\":[{\"@type\":\"ReadAction\",\"target\":[\"https:\/\/elu.com.tn\/index.php\/produit\/sac-a-main-louis-cardy-elegance-graphique\/\"]}]},{\"@type\":\"ImageObject\",\"inLanguage\":\"fr-FR\",\"@id\":\"https:\/\/elu.com.tn\/index.php\/produit\/sac-a-main-louis-cardy-elegance-graphique\/#primaryimage\",\"url\":\"https:\/\/elu.com.tn\/wp-content\/uploads\/2025\/09\/DSC09529.jpg\",\"contentUrl\":\"https:\/\/elu.com.tn\/wp-content\/uploads\/2025\/09\/DSC09529.jpg\",\"width\":1371,\"height\":1920},{\"@type\":\"BreadcrumbList\",\"@id\":\"https:\/\/elu.com.tn\/index.php\/produit\/sac-a-main-louis-cardy-elegance-graphique\/#breadcrumb\",\"itemListElement\":[{\"@type\":\"ListItem\",\"position\":1,\"name\":\"Accueil\",\"item\":\"https:\/\/elu.com.tn\/\"},{\"@type\":\"ListItem\",\"position\":2,\"name\":\"Boutique\",\"item\":\"https:\/\/elu.com.tn\/index.php\/shop\/\"},{\"@type\":\"ListItem\",\"position\":3,\"name\":\"Sac \u00e0 main Louis Cardy \u2013 \u00c9l\u00e9gance Graphique\"}]},{\"@type\":\"WebSite\",\"@id\":\"https:\/\/elu.com.tn\/#website\",\"url\":\"https:\/\/elu.com.tn\/\",\"name\":\"Elu\",\"description\":\"\",\"publisher\":{\"@id\":\"https:\/\/elu.com.tn\/#organization\"},\"potentialAction\":[{\"@type\":\"SearchAction\",\"target\":{\"@type\":\"EntryPoint\",\"urlTemplate\":\"https:\/\/elu.com.tn\/?s={search_term_string}\"},\"query-input\":{\"@type\":\"PropertyValueSpecification\",\"valueRequired\":true,\"valueName\":\"search_term_string\"}}],\"inLanguage\":\"fr-FR\"},{\"@type\":[\"Organization\",\"Place\"],\"@id\":\"https:\/\/elu.com.tn\/#organization\",\"name\":\"Elu\",\"url\":\"https:\/\/elu.com.tn\/\",\"logo\":{\"@type\":\"ImageObject\",\"inLanguage\":\"fr-FR\",\"@id\":\"https:\/\/elu.com.tn\/#\/schema\/logo\/image\/\",\"url\":\"https:\/\/elu.com.tn\/wp-content\/uploads\/2024\/12\/1-stores_default.png\",\"contentUrl\":\"https:\/\/elu.com.tn\/wp-content\/uploads\/2024\/12\/1-stores_default.png\",\"width\":170,\"height\":115,\"caption\":\"Elu\"},\"image\":{\"@id\":\"https:\/\/elu.com.tn\/#\/schema\/logo\/image\/\"},\"sameAs\":[\"https:\/\/www.facebook.com\/ELU.PRET.A.PORTER.ET.ACCESSOIRES\/?locale=fr_FR\",\"https:\/\/www.instagram.com\/elu_insta\/?hl=fr\"],\"mainEntityOfPage\":{\"@id\":\"https:\/\/elu.com.tn\/index.php\/produit\/sac-a-main-louis-cardy-elegance-graphique\/\"}}]}<\/script>\n<meta property=\"og:availability\" content=\"instock\" \/>\n<meta property=\"product:availability\" content=\"instock\" \/>\n<meta property=\"product:retailer_item_id\" content=\"ACSCAC\" \/>\n<meta property=\"product:condition\" content=\"new\" \/>\n<meta name=\"geo.placename\" content=\"sousse\" \/>\n<meta name=\"geo.position\" content=\"35.831322690284125;10.633209332900613\" \/>\n<meta name=\"geo.region\" content=\"Tunisie\" \/>\n<!-- \/ Yoast SEO Premium plugin. -->","yoast_head_json":{"title":"Sac \u00e0 main Louis Cardy \u2013 \u00c9l\u00e9gance Graphique - Elu","robots":{"index":"index","follow":"follow","max-snippet":"max-snippet:-1","max-image-preview":"max-image-preview:large","max-video-preview":"max-video-preview:-1"},"canonical":"https:\/\/elu.com.tn\/index.php\/produit\/sac-a-main-louis-cardy-elegance-graphique\/","og_locale":"fr_FR","og_type":"article","og_title":"Sac \u00e0 main Louis Cardy \u2013 \u00c9l\u00e9gance Graphique","og_description":"Ce sac \u00e0 main Louis Cardy attire tous les regards gr\u00e2ce \u00e0 son design moderne et audacieux : Motif g\u00e9om\u00e9trique","og_url":"https:\/\/elu.com.tn\/index.php\/produit\/sac-a-main-louis-cardy-elegance-graphique\/","og_site_name":"Elu","article_publisher":"https:\/\/www.facebook.com\/ELU.PRET.A.PORTER.ET.ACCESSOIRES\/?locale=fr_FR","article_modified_time":"2025-09-27T07:37:58+00:00","og_image":[{"width":1371,"height":1920,"url":"https:\/\/elu.com.tn\/wp-content\/uploads\/2025\/09\/DSC09529.jpg","type":"image\/jpeg"}],"twitter_card":"summary_large_image","twitter_misc":{"Disponibilit\u00e9":"En stock"},"schema":{"@context":"https:\/\/schema.org","@graph":[{"@type":"WebPage","@id":"https:\/\/elu.com.tn\/index.php\/produit\/sac-a-main-louis-cardy-elegance-graphique\/","url":"https:\/\/elu.com.tn\/index.php\/produit\/sac-a-main-louis-cardy-elegance-graphique\/","name":"Sac \u00e0 main Louis Cardy \u2013 \u00c9l\u00e9gance Graphique - Elu","isPartOf":{"@id":"https:\/\/elu.com.tn\/#website"},"primaryImageOfPage":{"@id":"https:\/\/elu.com.tn\/index.php\/produit\/sac-a-main-louis-cardy-elegance-graphique\/#primaryimage"},"image":{"@id":"https:\/\/elu.com.tn\/index.php\/produit\/sac-a-main-louis-cardy-elegance-graphique\/#primaryimage"},"thumbnailUrl":"https:\/\/elu.com.tn\/wp-content\/uploads\/2025\/09\/DSC09529.jpg","datePublished":"2025-09-27T07:35:50+00:00","dateModified":"2025-09-27T07:37:58+00:00","breadcrumb":{"@id":"https:\/\/elu.com.tn\/index.php\/produit\/sac-a-main-louis-cardy-elegance-graphique\/#breadcrumb"},"inLanguage":"fr-FR","potentialAction":[{"@type":"ReadAction","target":["https:\/\/elu.com.tn\/index.php\/produit\/sac-a-main-louis-cardy-elegance-graphique\/"]}]},{"@type":"ImageObject","inLanguage":"fr-FR","@id":"https:\/\/elu.com.tn\/index.php\/produit\/sac-a-main-louis-cardy-elegance-graphique\/#primaryimage","url":"https:\/\/elu.com.tn\/wp-content\/uploads\/2025\/09\/DSC09529.jpg","contentUrl":"https:\/\/elu.com.tn\/wp-content\/uploads\/2025\/09\/DSC09529.jpg","width":1371,"height":1920},{"@type":"BreadcrumbList","@id":"https:\/\/elu.com.tn\/index.php\/produit\/sac-a-main-louis-cardy-elegance-graphique\/#breadcrumb","itemListElement":[{"@type":"ListItem","position":1,"name":"Accueil","item":"https:\/\/elu.com.tn\/"},{"@type":"ListItem","position":2,"name":"Boutique","item":"https:\/\/elu.com.tn\/index.php\/shop\/"},{"@type":"ListItem","position":3,"name":"Sac \u00e0 main Louis Cardy \u2013 \u00c9l\u00e9gance Graphique"}]},{"@type":"WebSite","@id":"https:\/\/elu.com.tn\/#website","url":"https:\/\/elu.com.tn\/","name":"Elu","description":"","publisher":{"@id":"https:\/\/elu.com.tn\/#organization"},"potentialAction":[{"@type":"SearchAction","target":{"@type":"EntryPoint","urlTemplate":"https:\/\/elu.com.tn\/?s={search_term_string}"},"query-input":{"@type":"PropertyValueSpecification","valueRequired":true,"valueName":"search_term_string"}}],"inLanguage":"fr-FR"},{"@type":["Organization","Place"],"@id":"https:\/\/elu.com.tn\/#organization","name":"Elu","url":"https:\/\/elu.com.tn\/","logo":{"@type":"ImageObject","inLanguage":"fr-FR","@id":"https:\/\/elu.com.tn\/#\/schema\/logo\/image\/","url":"https:\/\/elu.com.tn\/wp-content\/uploads\/2024\/12\/1-stores_default.png","contentUrl":"https:\/\/elu.com.tn\/wp-content\/uploads\/2024\/12\/1-stores_default.png","width":170,"height":115,"caption":"Elu"},"image":{"@id":"https:\/\/elu.com.tn\/#\/schema\/logo\/image\/"},"sameAs":["https:\/\/www.facebook.com\/ELU.PRET.A.PORTER.ET.ACCESSOIRES\/?locale=fr_FR","https:\/\/www.instagram.com\/elu_insta\/?hl=fr"],"mainEntityOfPage":{"@id":"https:\/\/elu.com.tn\/index.php\/produit\/sac-a-main-louis-cardy-elegance-graphique\/"}}]},"og_availability":"instock","product_availability":"instock","product_retailer_item_id":"ACSCAC","product_condition":"new","geo.placename":"sousse","geo.position":{"lat":"35.831322690284125","long":"10.633209332900613"},"geo.region":"Tunisie"},"jetpack_sharing_enabled":true,"_links":{"self":[{"href":"https:\/\/elu.com.tn\/index.php\/wp-json\/wp\/v2\/product\/34050","targetHints":{"allow":["GET"]}}],"collection":[{"href":"https:\/\/elu.com.tn\/index.php\/wp-json\/wp\/v2\/product"}],"about":[{"href":"https:\/\/elu.com.tn\/index.php\/wp-json\/wp\/v2\/types\/product"}],"replies":[{"embeddable":true,"href":"https:\/\/elu.com.tn\/index.php\/wp-json\/wp\/v2\/comments?post=34050"}],"version-history":[{"count":1,"href":"https:\/\/elu.com.tn\/index.php\/wp-json\/wp\/v2\/product\/34050\/revisions"}],"predecessor-version":[{"id":34062,"href":"https:\/\/elu.com.tn\/index.php\/wp-json\/wp\/v2\/product\/34050\/revisions\/34062"}],"wp:featuredmedia":[{"embeddable":true,"href":"https:\/\/elu.com.tn\/index.php\/wp-json\/wp\/v2\/media\/34061"}],"wp:attachment":[{"href":"https:\/\/elu.com.tn\/index.php\/wp-json\/wp\/v2\/media?parent=34050"}],"wp:term":[{"taxonomy":"product_brand","embeddable":true,"href":"https:\/\/elu.com.tn\/index.php\/wp-json\/wp\/v2\/product_brand?post=34050"},{"taxonomy":"product_cat","embeddable":true,"href":"https:\/\/elu.com.tn\/index.php\/wp-json\/wp\/v2\/product_cat?post=34050"},{"taxonomy":"product_tag","embeddable":true,"href":"https:\/\/elu.com.tn\/index.php\/wp-json\/wp\/v2\/product_tag?post=34050"}],"curies":[{"name":"wp","href":"https:\/\/api.w.org\/{rel}","templated":true}]}}