{"id":35679,"date":"2026-04-23T13:12:57","date_gmt":"2026-04-23T13:12:57","guid":{"rendered":"https:\/\/elu.com.tn\/?post_type=product&#038;p=35679"},"modified":"2026-04-26T17:46:53","modified_gmt":"2026-04-26T17:46:53","slug":"t-shirt-homme-a-message-graphique-moderne","status":"publish","type":"product","link":"https:\/\/elu.com.tn\/index.php\/produit\/t-shirt-homme-a-message-graphique-moderne\/","title":{"rendered":"T-shirt homme \u00e0 message graphique moderne"},"content":{"rendered":"<p>Ce t-shirt pour homme, \u00e9l\u00e9gant, se distingue par son imprim\u00e9 typographique contemporain sur le devant, apportant une touche de style originale. Sa coupe ajust\u00e9e met en valeur la silhouette tout en assurant un confort optimal au quotidien. Facile \u00e0 associer avec un jean ou un pantalon d\u00e9contract\u00e9, il est id\u00e9al pour un look casual chic, aussi bien en journ\u00e9e qu\u2019en sortie d\u00e9contract\u00e9e.<\/p>\n","protected":false},"excerpt":{"rendered":"<p>Ce t-shirt pour homme, \u00e9l\u00e9gant, se distingue par son imprim\u00e9 typographique contemporain sur le devant, apportant une touche de style<\/p>\n","protected":false},"featured_media":35689,"comment_status":"open","ping_status":"closed","template":"","meta":[],"product_brand":[],"product_cat":[119,116],"product_tag":[],"class_list":{"0":"post-35679","1":"product","2":"type-product","3":"status-publish","4":"has-post-thumbnail","6":"product_cat-pulls","7":"product_cat-vetements-hommes","9":"first","10":"instock","11":"shipping-taxable","12":"purchasable","13":"product-type-variable","14":"has-default-attributes"},"yoast_head":"<!-- This site is optimized with the Yoast SEO Premium plugin v25.1 (Yoast SEO v27.4) - https:\/\/yoast.com\/product\/yoast-seo-premium-wordpress\/ -->\n<title>T-shirt homme \u00e0 message graphique moderne - Elu<\/title>\n<meta name=\"robots\" content=\"index, follow, max-snippet:-1, max-image-preview:large, max-video-preview:-1\" \/>\n<link rel=\"canonical\" href=\"https:\/\/elu.com.tn\/index.php\/produit\/t-shirt-homme-a-message-graphique-moderne\/\" \/>\n<meta property=\"og:locale\" content=\"fr_FR\" \/>\n<meta property=\"og:type\" content=\"article\" \/>\n<meta property=\"og:title\" content=\"T-shirt homme \u00e0 message graphique moderne\" \/>\n<meta property=\"og:description\" content=\"Ce t-shirt pour homme, \u00e9l\u00e9gant, se distingue par son imprim\u00e9 typographique contemporain sur le devant, apportant une touche de style\" \/>\n<meta property=\"og:url\" content=\"https:\/\/elu.com.tn\/index.php\/produit\/t-shirt-homme-a-message-graphique-moderne\/\" \/>\n<meta property=\"og:site_name\" content=\"Elu\" \/>\n<meta property=\"article:publisher\" content=\"https:\/\/www.facebook.com\/ELU.PRET.A.PORTER.ET.ACCESSOIRES\/?locale=fr_FR\" \/>\n<meta property=\"article:modified_time\" content=\"2026-04-26T17:46:53+00:00\" \/>\n<meta property=\"og:image\" content=\"https:\/\/elu.com.tn\/wp-content\/uploads\/2026\/04\/DSC04468.jpg\" \/>\n\t<meta property=\"og:image:width\" content=\"1371\" \/>\n\t<meta property=\"og:image:height\" content=\"1920\" \/>\n\t<meta property=\"og:image:type\" content=\"image\/jpeg\" \/>\n<meta name=\"twitter:card\" content=\"summary_large_image\" \/>\n<meta name=\"twitter:label1\" content=\"Disponibilit\u00e9\" \/>\n\t<meta name=\"twitter:data1\" content=\"En stock\" \/>\n<script type=\"application\/ld+json\" class=\"yoast-schema-graph\">{\"@context\":\"https:\\\/\\\/schema.org\",\"@graph\":[{\"@type\":\"WebPage\",\"@id\":\"https:\\\/\\\/elu.com.tn\\\/index.php\\\/produit\\\/t-shirt-homme-a-message-graphique-moderne\\\/\",\"url\":\"https:\\\/\\\/elu.com.tn\\\/index.php\\\/produit\\\/t-shirt-homme-a-message-graphique-moderne\\\/\",\"name\":\"T-shirt homme \u00e0 message graphique moderne - Elu\",\"isPartOf\":{\"@id\":\"https:\\\/\\\/elu.com.tn\\\/#website\"},\"primaryImageOfPage\":{\"@id\":\"https:\\\/\\\/elu.com.tn\\\/index.php\\\/produit\\\/t-shirt-homme-a-message-graphique-moderne\\\/#primaryimage\"},\"image\":{\"@id\":\"https:\\\/\\\/elu.com.tn\\\/index.php\\\/produit\\\/t-shirt-homme-a-message-graphique-moderne\\\/#primaryimage\"},\"thumbnailUrl\":\"https:\\\/\\\/elu.com.tn\\\/wp-content\\\/uploads\\\/2026\\\/04\\\/DSC04468.jpg\",\"datePublished\":\"2026-04-23T13:12:57+00:00\",\"dateModified\":\"2026-04-26T17:46:53+00:00\",\"breadcrumb\":{\"@id\":\"https:\\\/\\\/elu.com.tn\\\/index.php\\\/produit\\\/t-shirt-homme-a-message-graphique-moderne\\\/#breadcrumb\"},\"inLanguage\":\"fr-FR\",\"potentialAction\":[{\"@type\":\"ReadAction\",\"target\":[\"https:\\\/\\\/elu.com.tn\\\/index.php\\\/produit\\\/t-shirt-homme-a-message-graphique-moderne\\\/\"]}]},{\"@type\":\"ImageObject\",\"inLanguage\":\"fr-FR\",\"@id\":\"https:\\\/\\\/elu.com.tn\\\/index.php\\\/produit\\\/t-shirt-homme-a-message-graphique-moderne\\\/#primaryimage\",\"url\":\"https:\\\/\\\/elu.com.tn\\\/wp-content\\\/uploads\\\/2026\\\/04\\\/DSC04468.jpg\",\"contentUrl\":\"https:\\\/\\\/elu.com.tn\\\/wp-content\\\/uploads\\\/2026\\\/04\\\/DSC04468.jpg\",\"width\":1371,\"height\":1920},{\"@type\":\"BreadcrumbList\",\"@id\":\"https:\\\/\\\/elu.com.tn\\\/index.php\\\/produit\\\/t-shirt-homme-a-message-graphique-moderne\\\/#breadcrumb\",\"itemListElement\":[{\"@type\":\"ListItem\",\"position\":1,\"name\":\"Accueil\",\"item\":\"https:\\\/\\\/elu.com.tn\\\/\"},{\"@type\":\"ListItem\",\"position\":2,\"name\":\"Boutique\",\"item\":\"https:\\\/\\\/elu.com.tn\\\/index.php\\\/shop\\\/\"},{\"@type\":\"ListItem\",\"position\":3,\"name\":\"T-shirt homme \u00e0 message graphique moderne\"}]},{\"@type\":\"WebSite\",\"@id\":\"https:\\\/\\\/elu.com.tn\\\/#website\",\"url\":\"https:\\\/\\\/elu.com.tn\\\/\",\"name\":\"Elu\",\"description\":\"\",\"publisher\":{\"@id\":\"https:\\\/\\\/elu.com.tn\\\/#organization\"},\"potentialAction\":[{\"@type\":\"SearchAction\",\"target\":{\"@type\":\"EntryPoint\",\"urlTemplate\":\"https:\\\/\\\/elu.com.tn\\\/?s={search_term_string}\"},\"query-input\":{\"@type\":\"PropertyValueSpecification\",\"valueRequired\":true,\"valueName\":\"search_term_string\"}}],\"inLanguage\":\"fr-FR\"},{\"@type\":[\"Organization\",\"Place\"],\"@id\":\"https:\\\/\\\/elu.com.tn\\\/#organization\",\"name\":\"Elu\",\"url\":\"https:\\\/\\\/elu.com.tn\\\/\",\"logo\":{\"@type\":\"ImageObject\",\"inLanguage\":\"fr-FR\",\"@id\":\"https:\\\/\\\/elu.com.tn\\\/#\\\/schema\\\/logo\\\/image\\\/\",\"url\":\"https:\\\/\\\/elu.com.tn\\\/wp-content\\\/uploads\\\/2024\\\/12\\\/1-stores_default.png\",\"contentUrl\":\"https:\\\/\\\/elu.com.tn\\\/wp-content\\\/uploads\\\/2024\\\/12\\\/1-stores_default.png\",\"width\":170,\"height\":115,\"caption\":\"Elu\"},\"image\":{\"@id\":\"https:\\\/\\\/elu.com.tn\\\/#\\\/schema\\\/logo\\\/image\\\/\"},\"sameAs\":[\"https:\\\/\\\/www.facebook.com\\\/ELU.PRET.A.PORTER.ET.ACCESSOIRES\\\/?locale=fr_FR\",\"https:\\\/\\\/www.instagram.com\\\/elu_insta\\\/?hl=fr\"],\"mainEntityOfPage\":{\"@id\":\"https:\\\/\\\/elu.com.tn\\\/index.php\\\/produit\\\/t-shirt-homme-a-message-graphique-moderne\\\/\"}}]}<\/script>\n<meta property=\"og:availability\" content=\"instock\" \/>\n<meta property=\"product:availability\" content=\"instock\" \/>\n<meta property=\"product:retailer_item_id\" content=\"PUH2926\" \/>\n<meta property=\"product:condition\" content=\"new\" \/>\n<meta name=\"geo.placename\" content=\"sousse\" \/>\n<meta name=\"geo.position\" content=\"35.831322690284125;10.633209332900613\" \/>\n<meta name=\"geo.region\" content=\"Tunisie\" \/>\n<!-- \/ Yoast SEO Premium plugin. -->","yoast_head_json":{"title":"T-shirt homme \u00e0 message graphique moderne - Elu","robots":{"index":"index","follow":"follow","max-snippet":"max-snippet:-1","max-image-preview":"max-image-preview:large","max-video-preview":"max-video-preview:-1"},"canonical":"https:\/\/elu.com.tn\/index.php\/produit\/t-shirt-homme-a-message-graphique-moderne\/","og_locale":"fr_FR","og_type":"article","og_title":"T-shirt homme \u00e0 message graphique moderne","og_description":"Ce t-shirt pour homme, \u00e9l\u00e9gant, se distingue par son imprim\u00e9 typographique contemporain sur le devant, apportant une touche de style","og_url":"https:\/\/elu.com.tn\/index.php\/produit\/t-shirt-homme-a-message-graphique-moderne\/","og_site_name":"Elu","article_publisher":"https:\/\/www.facebook.com\/ELU.PRET.A.PORTER.ET.ACCESSOIRES\/?locale=fr_FR","article_modified_time":"2026-04-26T17:46:53+00:00","og_image":[{"width":1371,"height":1920,"url":"https:\/\/elu.com.tn\/wp-content\/uploads\/2026\/04\/DSC04468.jpg","type":"image\/jpeg"}],"twitter_card":"summary_large_image","twitter_misc":{"Disponibilit\u00e9":"En stock"},"schema":{"@context":"https:\/\/schema.org","@graph":[{"@type":"WebPage","@id":"https:\/\/elu.com.tn\/index.php\/produit\/t-shirt-homme-a-message-graphique-moderne\/","url":"https:\/\/elu.com.tn\/index.php\/produit\/t-shirt-homme-a-message-graphique-moderne\/","name":"T-shirt homme \u00e0 message graphique moderne - Elu","isPartOf":{"@id":"https:\/\/elu.com.tn\/#website"},"primaryImageOfPage":{"@id":"https:\/\/elu.com.tn\/index.php\/produit\/t-shirt-homme-a-message-graphique-moderne\/#primaryimage"},"image":{"@id":"https:\/\/elu.com.tn\/index.php\/produit\/t-shirt-homme-a-message-graphique-moderne\/#primaryimage"},"thumbnailUrl":"https:\/\/elu.com.tn\/wp-content\/uploads\/2026\/04\/DSC04468.jpg","datePublished":"2026-04-23T13:12:57+00:00","dateModified":"2026-04-26T17:46:53+00:00","breadcrumb":{"@id":"https:\/\/elu.com.tn\/index.php\/produit\/t-shirt-homme-a-message-graphique-moderne\/#breadcrumb"},"inLanguage":"fr-FR","potentialAction":[{"@type":"ReadAction","target":["https:\/\/elu.com.tn\/index.php\/produit\/t-shirt-homme-a-message-graphique-moderne\/"]}]},{"@type":"ImageObject","inLanguage":"fr-FR","@id":"https:\/\/elu.com.tn\/index.php\/produit\/t-shirt-homme-a-message-graphique-moderne\/#primaryimage","url":"https:\/\/elu.com.tn\/wp-content\/uploads\/2026\/04\/DSC04468.jpg","contentUrl":"https:\/\/elu.com.tn\/wp-content\/uploads\/2026\/04\/DSC04468.jpg","width":1371,"height":1920},{"@type":"BreadcrumbList","@id":"https:\/\/elu.com.tn\/index.php\/produit\/t-shirt-homme-a-message-graphique-moderne\/#breadcrumb","itemListElement":[{"@type":"ListItem","position":1,"name":"Accueil","item":"https:\/\/elu.com.tn\/"},{"@type":"ListItem","position":2,"name":"Boutique","item":"https:\/\/elu.com.tn\/index.php\/shop\/"},{"@type":"ListItem","position":3,"name":"T-shirt homme \u00e0 message graphique moderne"}]},{"@type":"WebSite","@id":"https:\/\/elu.com.tn\/#website","url":"https:\/\/elu.com.tn\/","name":"Elu","description":"","publisher":{"@id":"https:\/\/elu.com.tn\/#organization"},"potentialAction":[{"@type":"SearchAction","target":{"@type":"EntryPoint","urlTemplate":"https:\/\/elu.com.tn\/?s={search_term_string}"},"query-input":{"@type":"PropertyValueSpecification","valueRequired":true,"valueName":"search_term_string"}}],"inLanguage":"fr-FR"},{"@type":["Organization","Place"],"@id":"https:\/\/elu.com.tn\/#organization","name":"Elu","url":"https:\/\/elu.com.tn\/","logo":{"@type":"ImageObject","inLanguage":"fr-FR","@id":"https:\/\/elu.com.tn\/#\/schema\/logo\/image\/","url":"https:\/\/elu.com.tn\/wp-content\/uploads\/2024\/12\/1-stores_default.png","contentUrl":"https:\/\/elu.com.tn\/wp-content\/uploads\/2024\/12\/1-stores_default.png","width":170,"height":115,"caption":"Elu"},"image":{"@id":"https:\/\/elu.com.tn\/#\/schema\/logo\/image\/"},"sameAs":["https:\/\/www.facebook.com\/ELU.PRET.A.PORTER.ET.ACCESSOIRES\/?locale=fr_FR","https:\/\/www.instagram.com\/elu_insta\/?hl=fr"],"mainEntityOfPage":{"@id":"https:\/\/elu.com.tn\/index.php\/produit\/t-shirt-homme-a-message-graphique-moderne\/"}}]},"og_availability":"instock","product_availability":"instock","product_retailer_item_id":"PUH2926","product_condition":"new","geo.placename":"sousse","geo.position":{"lat":"35.831322690284125","long":"10.633209332900613"},"geo.region":"Tunisie"},"jetpack_sharing_enabled":true,"_links":{"self":[{"href":"https:\/\/elu.com.tn\/index.php\/wp-json\/wp\/v2\/product\/35679","targetHints":{"allow":["GET"]}}],"collection":[{"href":"https:\/\/elu.com.tn\/index.php\/wp-json\/wp\/v2\/product"}],"about":[{"href":"https:\/\/elu.com.tn\/index.php\/wp-json\/wp\/v2\/types\/product"}],"replies":[{"embeddable":true,"href":"https:\/\/elu.com.tn\/index.php\/wp-json\/wp\/v2\/comments?post=35679"}],"version-history":[{"count":1,"href":"https:\/\/elu.com.tn\/index.php\/wp-json\/wp\/v2\/product\/35679\/revisions"}],"predecessor-version":[{"id":35701,"href":"https:\/\/elu.com.tn\/index.php\/wp-json\/wp\/v2\/product\/35679\/revisions\/35701"}],"wp:featuredmedia":[{"embeddable":true,"href":"https:\/\/elu.com.tn\/index.php\/wp-json\/wp\/v2\/media\/35689"}],"wp:attachment":[{"href":"https:\/\/elu.com.tn\/index.php\/wp-json\/wp\/v2\/media?parent=35679"}],"wp:term":[{"taxonomy":"product_brand","embeddable":true,"href":"https:\/\/elu.com.tn\/index.php\/wp-json\/wp\/v2\/product_brand?post=35679"},{"taxonomy":"product_cat","embeddable":true,"href":"https:\/\/elu.com.tn\/index.php\/wp-json\/wp\/v2\/product_cat?post=35679"},{"taxonomy":"product_tag","embeddable":true,"href":"https:\/\/elu.com.tn\/index.php\/wp-json\/wp\/v2\/product_tag?post=35679"}],"curies":[{"name":"wp","href":"https:\/\/api.w.org\/{rel}","templated":true}]}}