{"id":35827,"date":"2026-04-23T15:57:51","date_gmt":"2026-04-23T15:57:51","guid":{"rendered":"https:\/\/elu.com.tn\/?post_type=product&#038;p=35827"},"modified":"2026-04-26T17:45:18","modified_gmt":"2026-04-26T17:45:18","slug":"maillot-une-piece-dore-a-decoupe-elegante","status":"publish","type":"product","link":"https:\/\/elu.com.tn\/index.php\/produit\/maillot-une-piece-dore-a-decoupe-elegante\/","title":{"rendered":"Maillot une pi\u00e8ce dor\u00e9 \u00e0 d\u00e9coupe \u00e9l\u00e9gante"},"content":{"rendered":"<p>Maillot de bain une pi\u00e8ce au fini dor\u00e9 brillant, con\u00e7u pour sublimer la silhouette avec une touche glamour. Il pr\u00e9sente un d\u00e9collet\u00e9 original avec d\u00e9coupe centrale et empi\u00e8cement en mesh transparent, apportant sensualit\u00e9 et modernit\u00e9. Les bretelles crois\u00e9es autour du cou sont orn\u00e9es d\u2019un bijou d\u00e9coratif qui ajoute une note sophistiqu\u00e9e. Sa coupe ajust\u00e9e \u00e9pouse parfaitement les formes, id\u00e9al pour un look chic et audacieux \u00e0 la plage ou \u00e0 la piscine.<\/p>\n","protected":false},"excerpt":{"rendered":"<p>Maillot de bain une pi\u00e8ce au fini dor\u00e9 brillant, con\u00e7u pour sublimer la silhouette avec une touche glamour. Il pr\u00e9sente<\/p>\n","protected":false},"featured_media":35835,"comment_status":"open","ping_status":"closed","template":"","meta":[],"product_brand":[],"product_cat":[104,223],"product_tag":[],"class_list":{"0":"post-35827","1":"product","2":"type-product","3":"status-publish","4":"has-post-thumbnail","6":"product_cat-femmes","7":"product_cat-maillots-de-bain","9":"first","10":"instock","11":"shipping-taxable","12":"purchasable","13":"product-type-variable","14":"has-default-attributes"},"yoast_head":"<!-- This site is optimized with the Yoast SEO Premium plugin v25.1 (Yoast SEO v27.4) - https:\/\/yoast.com\/product\/yoast-seo-premium-wordpress\/ -->\n<title>Maillot une pi\u00e8ce dor\u00e9 \u00e0 d\u00e9coupe \u00e9l\u00e9gante - Elu<\/title>\n<meta name=\"robots\" content=\"index, follow, max-snippet:-1, max-image-preview:large, max-video-preview:-1\" \/>\n<link rel=\"canonical\" href=\"https:\/\/elu.com.tn\/index.php\/produit\/maillot-une-piece-dore-a-decoupe-elegante\/\" \/>\n<meta property=\"og:locale\" content=\"fr_FR\" \/>\n<meta property=\"og:type\" content=\"article\" \/>\n<meta property=\"og:title\" content=\"Maillot une pi\u00e8ce dor\u00e9 \u00e0 d\u00e9coupe \u00e9l\u00e9gante\" \/>\n<meta property=\"og:description\" content=\"Maillot de bain une pi\u00e8ce au fini dor\u00e9 brillant, con\u00e7u pour sublimer la silhouette avec une touche glamour. Il pr\u00e9sente\" \/>\n<meta property=\"og:url\" content=\"https:\/\/elu.com.tn\/index.php\/produit\/maillot-une-piece-dore-a-decoupe-elegante\/\" \/>\n<meta property=\"og:site_name\" content=\"Elu\" \/>\n<meta property=\"article:publisher\" content=\"https:\/\/www.facebook.com\/ELU.PRET.A.PORTER.ET.ACCESSOIRES\/?locale=fr_FR\" \/>\n<meta property=\"article:modified_time\" content=\"2026-04-26T17:45:18+00:00\" \/>\n<meta property=\"og:image\" content=\"https:\/\/elu.com.tn\/wp-content\/uploads\/2026\/04\/Gemini_Generated_Image_d2aexdd2aexdd2ae.jpg\" \/>\n\t<meta property=\"og:image:width\" content=\"768\" \/>\n\t<meta property=\"og:image:height\" content=\"1075\" \/>\n\t<meta property=\"og:image:type\" content=\"image\/jpeg\" \/>\n<meta name=\"twitter:card\" content=\"summary_large_image\" \/>\n<meta name=\"twitter:label1\" content=\"Disponibilit\u00e9\" \/>\n\t<meta name=\"twitter:data1\" content=\"En stock\" \/>\n<script type=\"application\/ld+json\" class=\"yoast-schema-graph\">{\"@context\":\"https:\\\/\\\/schema.org\",\"@graph\":[{\"@type\":\"WebPage\",\"@id\":\"https:\\\/\\\/elu.com.tn\\\/index.php\\\/produit\\\/maillot-une-piece-dore-a-decoupe-elegante\\\/\",\"url\":\"https:\\\/\\\/elu.com.tn\\\/index.php\\\/produit\\\/maillot-une-piece-dore-a-decoupe-elegante\\\/\",\"name\":\"Maillot une pi\u00e8ce dor\u00e9 \u00e0 d\u00e9coupe \u00e9l\u00e9gante - Elu\",\"isPartOf\":{\"@id\":\"https:\\\/\\\/elu.com.tn\\\/#website\"},\"primaryImageOfPage\":{\"@id\":\"https:\\\/\\\/elu.com.tn\\\/index.php\\\/produit\\\/maillot-une-piece-dore-a-decoupe-elegante\\\/#primaryimage\"},\"image\":{\"@id\":\"https:\\\/\\\/elu.com.tn\\\/index.php\\\/produit\\\/maillot-une-piece-dore-a-decoupe-elegante\\\/#primaryimage\"},\"thumbnailUrl\":\"https:\\\/\\\/elu.com.tn\\\/wp-content\\\/uploads\\\/2026\\\/04\\\/Gemini_Generated_Image_d2aexdd2aexdd2ae.jpg\",\"datePublished\":\"2026-04-23T15:57:51+00:00\",\"dateModified\":\"2026-04-26T17:45:18+00:00\",\"breadcrumb\":{\"@id\":\"https:\\\/\\\/elu.com.tn\\\/index.php\\\/produit\\\/maillot-une-piece-dore-a-decoupe-elegante\\\/#breadcrumb\"},\"inLanguage\":\"fr-FR\",\"potentialAction\":[{\"@type\":\"ReadAction\",\"target\":[\"https:\\\/\\\/elu.com.tn\\\/index.php\\\/produit\\\/maillot-une-piece-dore-a-decoupe-elegante\\\/\"]}]},{\"@type\":\"ImageObject\",\"inLanguage\":\"fr-FR\",\"@id\":\"https:\\\/\\\/elu.com.tn\\\/index.php\\\/produit\\\/maillot-une-piece-dore-a-decoupe-elegante\\\/#primaryimage\",\"url\":\"https:\\\/\\\/elu.com.tn\\\/wp-content\\\/uploads\\\/2026\\\/04\\\/Gemini_Generated_Image_d2aexdd2aexdd2ae.jpg\",\"contentUrl\":\"https:\\\/\\\/elu.com.tn\\\/wp-content\\\/uploads\\\/2026\\\/04\\\/Gemini_Generated_Image_d2aexdd2aexdd2ae.jpg\",\"width\":768,\"height\":1075},{\"@type\":\"BreadcrumbList\",\"@id\":\"https:\\\/\\\/elu.com.tn\\\/index.php\\\/produit\\\/maillot-une-piece-dore-a-decoupe-elegante\\\/#breadcrumb\",\"itemListElement\":[{\"@type\":\"ListItem\",\"position\":1,\"name\":\"Accueil\",\"item\":\"https:\\\/\\\/elu.com.tn\\\/\"},{\"@type\":\"ListItem\",\"position\":2,\"name\":\"Boutique\",\"item\":\"https:\\\/\\\/elu.com.tn\\\/index.php\\\/shop\\\/\"},{\"@type\":\"ListItem\",\"position\":3,\"name\":\"Maillot une pi\u00e8ce dor\u00e9 \u00e0 d\u00e9coupe \u00e9l\u00e9gante\"}]},{\"@type\":\"WebSite\",\"@id\":\"https:\\\/\\\/elu.com.tn\\\/#website\",\"url\":\"https:\\\/\\\/elu.com.tn\\\/\",\"name\":\"Elu\",\"description\":\"\",\"publisher\":{\"@id\":\"https:\\\/\\\/elu.com.tn\\\/#organization\"},\"potentialAction\":[{\"@type\":\"SearchAction\",\"target\":{\"@type\":\"EntryPoint\",\"urlTemplate\":\"https:\\\/\\\/elu.com.tn\\\/?s={search_term_string}\"},\"query-input\":{\"@type\":\"PropertyValueSpecification\",\"valueRequired\":true,\"valueName\":\"search_term_string\"}}],\"inLanguage\":\"fr-FR\"},{\"@type\":[\"Organization\",\"Place\"],\"@id\":\"https:\\\/\\\/elu.com.tn\\\/#organization\",\"name\":\"Elu\",\"url\":\"https:\\\/\\\/elu.com.tn\\\/\",\"logo\":{\"@type\":\"ImageObject\",\"inLanguage\":\"fr-FR\",\"@id\":\"https:\\\/\\\/elu.com.tn\\\/#\\\/schema\\\/logo\\\/image\\\/\",\"url\":\"https:\\\/\\\/elu.com.tn\\\/wp-content\\\/uploads\\\/2024\\\/12\\\/1-stores_default.png\",\"contentUrl\":\"https:\\\/\\\/elu.com.tn\\\/wp-content\\\/uploads\\\/2024\\\/12\\\/1-stores_default.png\",\"width\":170,\"height\":115,\"caption\":\"Elu\"},\"image\":{\"@id\":\"https:\\\/\\\/elu.com.tn\\\/#\\\/schema\\\/logo\\\/image\\\/\"},\"sameAs\":[\"https:\\\/\\\/www.facebook.com\\\/ELU.PRET.A.PORTER.ET.ACCESSOIRES\\\/?locale=fr_FR\",\"https:\\\/\\\/www.instagram.com\\\/elu_insta\\\/?hl=fr\"],\"mainEntityOfPage\":{\"@id\":\"https:\\\/\\\/elu.com.tn\\\/index.php\\\/produit\\\/maillot-une-piece-dore-a-decoupe-elegante\\\/\"}}]}<\/script>\n<meta property=\"og:availability\" content=\"instock\" \/>\n<meta property=\"product:availability\" content=\"instock\" \/>\n<meta property=\"product:retailer_item_id\" content=\"MB0726\" \/>\n<meta property=\"product:condition\" content=\"new\" \/>\n<meta name=\"geo.placename\" content=\"sousse\" \/>\n<meta name=\"geo.position\" content=\"35.831322690284125;10.633209332900613\" \/>\n<meta name=\"geo.region\" content=\"Tunisie\" \/>\n<!-- \/ Yoast SEO Premium plugin. -->","yoast_head_json":{"title":"Maillot une pi\u00e8ce dor\u00e9 \u00e0 d\u00e9coupe \u00e9l\u00e9gante - Elu","robots":{"index":"index","follow":"follow","max-snippet":"max-snippet:-1","max-image-preview":"max-image-preview:large","max-video-preview":"max-video-preview:-1"},"canonical":"https:\/\/elu.com.tn\/index.php\/produit\/maillot-une-piece-dore-a-decoupe-elegante\/","og_locale":"fr_FR","og_type":"article","og_title":"Maillot une pi\u00e8ce dor\u00e9 \u00e0 d\u00e9coupe \u00e9l\u00e9gante","og_description":"Maillot de bain une pi\u00e8ce au fini dor\u00e9 brillant, con\u00e7u pour sublimer la silhouette avec une touche glamour. Il pr\u00e9sente","og_url":"https:\/\/elu.com.tn\/index.php\/produit\/maillot-une-piece-dore-a-decoupe-elegante\/","og_site_name":"Elu","article_publisher":"https:\/\/www.facebook.com\/ELU.PRET.A.PORTER.ET.ACCESSOIRES\/?locale=fr_FR","article_modified_time":"2026-04-26T17:45:18+00:00","og_image":[{"width":768,"height":1075,"url":"https:\/\/elu.com.tn\/wp-content\/uploads\/2026\/04\/Gemini_Generated_Image_d2aexdd2aexdd2ae.jpg","type":"image\/jpeg"}],"twitter_card":"summary_large_image","twitter_misc":{"Disponibilit\u00e9":"En stock"},"schema":{"@context":"https:\/\/schema.org","@graph":[{"@type":"WebPage","@id":"https:\/\/elu.com.tn\/index.php\/produit\/maillot-une-piece-dore-a-decoupe-elegante\/","url":"https:\/\/elu.com.tn\/index.php\/produit\/maillot-une-piece-dore-a-decoupe-elegante\/","name":"Maillot une pi\u00e8ce dor\u00e9 \u00e0 d\u00e9coupe \u00e9l\u00e9gante - Elu","isPartOf":{"@id":"https:\/\/elu.com.tn\/#website"},"primaryImageOfPage":{"@id":"https:\/\/elu.com.tn\/index.php\/produit\/maillot-une-piece-dore-a-decoupe-elegante\/#primaryimage"},"image":{"@id":"https:\/\/elu.com.tn\/index.php\/produit\/maillot-une-piece-dore-a-decoupe-elegante\/#primaryimage"},"thumbnailUrl":"https:\/\/elu.com.tn\/wp-content\/uploads\/2026\/04\/Gemini_Generated_Image_d2aexdd2aexdd2ae.jpg","datePublished":"2026-04-23T15:57:51+00:00","dateModified":"2026-04-26T17:45:18+00:00","breadcrumb":{"@id":"https:\/\/elu.com.tn\/index.php\/produit\/maillot-une-piece-dore-a-decoupe-elegante\/#breadcrumb"},"inLanguage":"fr-FR","potentialAction":[{"@type":"ReadAction","target":["https:\/\/elu.com.tn\/index.php\/produit\/maillot-une-piece-dore-a-decoupe-elegante\/"]}]},{"@type":"ImageObject","inLanguage":"fr-FR","@id":"https:\/\/elu.com.tn\/index.php\/produit\/maillot-une-piece-dore-a-decoupe-elegante\/#primaryimage","url":"https:\/\/elu.com.tn\/wp-content\/uploads\/2026\/04\/Gemini_Generated_Image_d2aexdd2aexdd2ae.jpg","contentUrl":"https:\/\/elu.com.tn\/wp-content\/uploads\/2026\/04\/Gemini_Generated_Image_d2aexdd2aexdd2ae.jpg","width":768,"height":1075},{"@type":"BreadcrumbList","@id":"https:\/\/elu.com.tn\/index.php\/produit\/maillot-une-piece-dore-a-decoupe-elegante\/#breadcrumb","itemListElement":[{"@type":"ListItem","position":1,"name":"Accueil","item":"https:\/\/elu.com.tn\/"},{"@type":"ListItem","position":2,"name":"Boutique","item":"https:\/\/elu.com.tn\/index.php\/shop\/"},{"@type":"ListItem","position":3,"name":"Maillot une pi\u00e8ce dor\u00e9 \u00e0 d\u00e9coupe \u00e9l\u00e9gante"}]},{"@type":"WebSite","@id":"https:\/\/elu.com.tn\/#website","url":"https:\/\/elu.com.tn\/","name":"Elu","description":"","publisher":{"@id":"https:\/\/elu.com.tn\/#organization"},"potentialAction":[{"@type":"SearchAction","target":{"@type":"EntryPoint","urlTemplate":"https:\/\/elu.com.tn\/?s={search_term_string}"},"query-input":{"@type":"PropertyValueSpecification","valueRequired":true,"valueName":"search_term_string"}}],"inLanguage":"fr-FR"},{"@type":["Organization","Place"],"@id":"https:\/\/elu.com.tn\/#organization","name":"Elu","url":"https:\/\/elu.com.tn\/","logo":{"@type":"ImageObject","inLanguage":"fr-FR","@id":"https:\/\/elu.com.tn\/#\/schema\/logo\/image\/","url":"https:\/\/elu.com.tn\/wp-content\/uploads\/2024\/12\/1-stores_default.png","contentUrl":"https:\/\/elu.com.tn\/wp-content\/uploads\/2024\/12\/1-stores_default.png","width":170,"height":115,"caption":"Elu"},"image":{"@id":"https:\/\/elu.com.tn\/#\/schema\/logo\/image\/"},"sameAs":["https:\/\/www.facebook.com\/ELU.PRET.A.PORTER.ET.ACCESSOIRES\/?locale=fr_FR","https:\/\/www.instagram.com\/elu_insta\/?hl=fr"],"mainEntityOfPage":{"@id":"https:\/\/elu.com.tn\/index.php\/produit\/maillot-une-piece-dore-a-decoupe-elegante\/"}}]},"og_availability":"instock","product_availability":"instock","product_retailer_item_id":"MB0726","product_condition":"new","geo.placename":"sousse","geo.position":{"lat":"35.831322690284125","long":"10.633209332900613"},"geo.region":"Tunisie"},"jetpack_sharing_enabled":true,"_links":{"self":[{"href":"https:\/\/elu.com.tn\/index.php\/wp-json\/wp\/v2\/product\/35827","targetHints":{"allow":["GET"]}}],"collection":[{"href":"https:\/\/elu.com.tn\/index.php\/wp-json\/wp\/v2\/product"}],"about":[{"href":"https:\/\/elu.com.tn\/index.php\/wp-json\/wp\/v2\/types\/product"}],"replies":[{"embeddable":true,"href":"https:\/\/elu.com.tn\/index.php\/wp-json\/wp\/v2\/comments?post=35827"}],"version-history":[{"count":1,"href":"https:\/\/elu.com.tn\/index.php\/wp-json\/wp\/v2\/product\/35827\/revisions"}],"predecessor-version":[{"id":35848,"href":"https:\/\/elu.com.tn\/index.php\/wp-json\/wp\/v2\/product\/35827\/revisions\/35848"}],"wp:featuredmedia":[{"embeddable":true,"href":"https:\/\/elu.com.tn\/index.php\/wp-json\/wp\/v2\/media\/35835"}],"wp:attachment":[{"href":"https:\/\/elu.com.tn\/index.php\/wp-json\/wp\/v2\/media?parent=35827"}],"wp:term":[{"taxonomy":"product_brand","embeddable":true,"href":"https:\/\/elu.com.tn\/index.php\/wp-json\/wp\/v2\/product_brand?post=35827"},{"taxonomy":"product_cat","embeddable":true,"href":"https:\/\/elu.com.tn\/index.php\/wp-json\/wp\/v2\/product_cat?post=35827"},{"taxonomy":"product_tag","embeddable":true,"href":"https:\/\/elu.com.tn\/index.php\/wp-json\/wp\/v2\/product_tag?post=35827"}],"curies":[{"name":"wp","href":"https:\/\/api.w.org\/{rel}","templated":true}]}}