{"id":35984,"date":"2026-04-24T14:49:54","date_gmt":"2026-04-24T14:49:54","guid":{"rendered":"https:\/\/elu.com.tn\/?post_type=product&#038;p=35984"},"modified":"2026-04-26T17:46:42","modified_gmt":"2026-04-26T17:46:42","slug":"t-shirt-future-is-created-style-minimaliste-inspirant","status":"publish","type":"product","link":"https:\/\/elu.com.tn\/index.php\/produit\/t-shirt-future-is-created-style-minimaliste-inspirant\/","title":{"rendered":"T-shirt \u201cFuture is Created\u201d \u2013 Style Minimaliste &amp; Inspirant"},"content":{"rendered":"<p data-start=\"80\" data-end=\"290\">Misez sur un style \u00e9pur\u00e9 avec ce t-shirt noir au message moderne et motivant. Sa coupe ajust\u00e9e \u00e9pouse parfaitement la silhouette tout en offrant un confort optimal pour un usage quotidien.<\/p>\n<p data-start=\"292\" data-end=\"464\">L\u2019inscription discr\u00e8te \u201cThe future is not expected, it is created\u201d apporte une touche inspirante et contemporaine, id\u00e9ale pour affirmer votre personnalit\u00e9 avec subtilit\u00e9.<\/p>\n<p data-start=\"466\" data-end=\"632\" data-is-last-node=\"\" data-is-only-node=\"\">Facile \u00e0 associer avec un jean ou un pantalon casual, ce t-shirt est un indispensable du dressing masculin, parfait pour un look sobre, \u00e9l\u00e9gant et plein de caract\u00e8re.<\/p>\n","protected":false},"excerpt":{"rendered":"<p>Misez sur un style \u00e9pur\u00e9 avec ce t-shirt noir au message moderne et motivant. Sa coupe ajust\u00e9e \u00e9pouse parfaitement la<\/p>\n","protected":false},"featured_media":35946,"comment_status":"open","ping_status":"closed","template":"","meta":[],"product_brand":[],"product_cat":[119,116],"product_tag":[],"class_list":{"0":"post-35984","1":"product","2":"type-product","3":"status-publish","4":"has-post-thumbnail","6":"product_cat-pulls","7":"product_cat-vetements-hommes","9":"first","10":"instock","11":"shipping-taxable","12":"purchasable","13":"product-type-variable","14":"has-default-attributes"},"yoast_head":"<!-- This site is optimized with the Yoast SEO Premium plugin v25.1 (Yoast SEO v27.4) - https:\/\/yoast.com\/product\/yoast-seo-premium-wordpress\/ -->\n<title>T-shirt \u201cFuture is Created\u201d \u2013 Style Minimaliste &amp; Inspirant - Elu<\/title>\n<meta name=\"robots\" content=\"index, follow, max-snippet:-1, max-image-preview:large, max-video-preview:-1\" \/>\n<link rel=\"canonical\" href=\"https:\/\/elu.com.tn\/index.php\/produit\/t-shirt-future-is-created-style-minimaliste-inspirant\/\" \/>\n<meta property=\"og:locale\" content=\"fr_FR\" \/>\n<meta property=\"og:type\" content=\"article\" \/>\n<meta property=\"og:title\" content=\"T-shirt \u201cFuture is Created\u201d \u2013 Style Minimaliste &amp; Inspirant\" \/>\n<meta property=\"og:description\" content=\"Misez sur un style \u00e9pur\u00e9 avec ce t-shirt noir au message moderne et motivant. Sa coupe ajust\u00e9e \u00e9pouse parfaitement la\" \/>\n<meta property=\"og:url\" content=\"https:\/\/elu.com.tn\/index.php\/produit\/t-shirt-future-is-created-style-minimaliste-inspirant\/\" \/>\n<meta property=\"og:site_name\" content=\"Elu\" \/>\n<meta property=\"article:publisher\" content=\"https:\/\/www.facebook.com\/ELU.PRET.A.PORTER.ET.ACCESSOIRES\/?locale=fr_FR\" \/>\n<meta property=\"article:modified_time\" content=\"2026-04-26T17:46:42+00:00\" \/>\n<meta property=\"og:image\" content=\"https:\/\/elu.com.tn\/wp-content\/uploads\/2026\/04\/DSC04646.jpg\" \/>\n\t<meta property=\"og:image:width\" content=\"1371\" \/>\n\t<meta property=\"og:image:height\" content=\"1920\" \/>\n\t<meta property=\"og:image:type\" content=\"image\/jpeg\" \/>\n<meta name=\"twitter:card\" content=\"summary_large_image\" \/>\n<meta name=\"twitter:label1\" content=\"Disponibilit\u00e9\" \/>\n\t<meta name=\"twitter:data1\" content=\"En stock\" \/>\n<script type=\"application\/ld+json\" class=\"yoast-schema-graph\">{\"@context\":\"https:\\\/\\\/schema.org\",\"@graph\":[{\"@type\":\"WebPage\",\"@id\":\"https:\\\/\\\/elu.com.tn\\\/index.php\\\/produit\\\/t-shirt-future-is-created-style-minimaliste-inspirant\\\/\",\"url\":\"https:\\\/\\\/elu.com.tn\\\/index.php\\\/produit\\\/t-shirt-future-is-created-style-minimaliste-inspirant\\\/\",\"name\":\"T-shirt \u201cFuture is Created\u201d \u2013 Style Minimaliste &amp; Inspirant - Elu\",\"isPartOf\":{\"@id\":\"https:\\\/\\\/elu.com.tn\\\/#website\"},\"primaryImageOfPage\":{\"@id\":\"https:\\\/\\\/elu.com.tn\\\/index.php\\\/produit\\\/t-shirt-future-is-created-style-minimaliste-inspirant\\\/#primaryimage\"},\"image\":{\"@id\":\"https:\\\/\\\/elu.com.tn\\\/index.php\\\/produit\\\/t-shirt-future-is-created-style-minimaliste-inspirant\\\/#primaryimage\"},\"thumbnailUrl\":\"https:\\\/\\\/elu.com.tn\\\/wp-content\\\/uploads\\\/2026\\\/04\\\/DSC04646.jpg\",\"datePublished\":\"2026-04-24T14:49:54+00:00\",\"dateModified\":\"2026-04-26T17:46:42+00:00\",\"breadcrumb\":{\"@id\":\"https:\\\/\\\/elu.com.tn\\\/index.php\\\/produit\\\/t-shirt-future-is-created-style-minimaliste-inspirant\\\/#breadcrumb\"},\"inLanguage\":\"fr-FR\",\"potentialAction\":[{\"@type\":\"ReadAction\",\"target\":[\"https:\\\/\\\/elu.com.tn\\\/index.php\\\/produit\\\/t-shirt-future-is-created-style-minimaliste-inspirant\\\/\"]}]},{\"@type\":\"ImageObject\",\"inLanguage\":\"fr-FR\",\"@id\":\"https:\\\/\\\/elu.com.tn\\\/index.php\\\/produit\\\/t-shirt-future-is-created-style-minimaliste-inspirant\\\/#primaryimage\",\"url\":\"https:\\\/\\\/elu.com.tn\\\/wp-content\\\/uploads\\\/2026\\\/04\\\/DSC04646.jpg\",\"contentUrl\":\"https:\\\/\\\/elu.com.tn\\\/wp-content\\\/uploads\\\/2026\\\/04\\\/DSC04646.jpg\",\"width\":1371,\"height\":1920},{\"@type\":\"BreadcrumbList\",\"@id\":\"https:\\\/\\\/elu.com.tn\\\/index.php\\\/produit\\\/t-shirt-future-is-created-style-minimaliste-inspirant\\\/#breadcrumb\",\"itemListElement\":[{\"@type\":\"ListItem\",\"position\":1,\"name\":\"Accueil\",\"item\":\"https:\\\/\\\/elu.com.tn\\\/\"},{\"@type\":\"ListItem\",\"position\":2,\"name\":\"Boutique\",\"item\":\"https:\\\/\\\/elu.com.tn\\\/index.php\\\/shop\\\/\"},{\"@type\":\"ListItem\",\"position\":3,\"name\":\"T-shirt \u201cFuture is Created\u201d \u2013 Style Minimaliste &amp; Inspirant\"}]},{\"@type\":\"WebSite\",\"@id\":\"https:\\\/\\\/elu.com.tn\\\/#website\",\"url\":\"https:\\\/\\\/elu.com.tn\\\/\",\"name\":\"Elu\",\"description\":\"\",\"publisher\":{\"@id\":\"https:\\\/\\\/elu.com.tn\\\/#organization\"},\"potentialAction\":[{\"@type\":\"SearchAction\",\"target\":{\"@type\":\"EntryPoint\",\"urlTemplate\":\"https:\\\/\\\/elu.com.tn\\\/?s={search_term_string}\"},\"query-input\":{\"@type\":\"PropertyValueSpecification\",\"valueRequired\":true,\"valueName\":\"search_term_string\"}}],\"inLanguage\":\"fr-FR\"},{\"@type\":[\"Organization\",\"Place\"],\"@id\":\"https:\\\/\\\/elu.com.tn\\\/#organization\",\"name\":\"Elu\",\"url\":\"https:\\\/\\\/elu.com.tn\\\/\",\"logo\":{\"@type\":\"ImageObject\",\"inLanguage\":\"fr-FR\",\"@id\":\"https:\\\/\\\/elu.com.tn\\\/#\\\/schema\\\/logo\\\/image\\\/\",\"url\":\"https:\\\/\\\/elu.com.tn\\\/wp-content\\\/uploads\\\/2024\\\/12\\\/1-stores_default.png\",\"contentUrl\":\"https:\\\/\\\/elu.com.tn\\\/wp-content\\\/uploads\\\/2024\\\/12\\\/1-stores_default.png\",\"width\":170,\"height\":115,\"caption\":\"Elu\"},\"image\":{\"@id\":\"https:\\\/\\\/elu.com.tn\\\/#\\\/schema\\\/logo\\\/image\\\/\"},\"sameAs\":[\"https:\\\/\\\/www.facebook.com\\\/ELU.PRET.A.PORTER.ET.ACCESSOIRES\\\/?locale=fr_FR\",\"https:\\\/\\\/www.instagram.com\\\/elu_insta\\\/?hl=fr\"],\"mainEntityOfPage\":{\"@id\":\"https:\\\/\\\/elu.com.tn\\\/index.php\\\/produit\\\/t-shirt-future-is-created-style-minimaliste-inspirant\\\/\"}}]}<\/script>\n<meta property=\"og:availability\" content=\"instock\" \/>\n<meta property=\"product:availability\" content=\"instock\" \/>\n<meta property=\"product:retailer_item_id\" content=\"PUH3326\" \/>\n<meta property=\"product:condition\" content=\"new\" \/>\n<meta name=\"geo.placename\" content=\"sousse\" \/>\n<meta name=\"geo.position\" content=\"35.831322690284125;10.633209332900613\" \/>\n<meta name=\"geo.region\" content=\"Tunisie\" \/>\n<!-- \/ Yoast SEO Premium plugin. -->","yoast_head_json":{"title":"T-shirt \u201cFuture is Created\u201d \u2013 Style Minimaliste &amp; Inspirant - Elu","robots":{"index":"index","follow":"follow","max-snippet":"max-snippet:-1","max-image-preview":"max-image-preview:large","max-video-preview":"max-video-preview:-1"},"canonical":"https:\/\/elu.com.tn\/index.php\/produit\/t-shirt-future-is-created-style-minimaliste-inspirant\/","og_locale":"fr_FR","og_type":"article","og_title":"T-shirt \u201cFuture is Created\u201d \u2013 Style Minimaliste &amp; Inspirant","og_description":"Misez sur un style \u00e9pur\u00e9 avec ce t-shirt noir au message moderne et motivant. Sa coupe ajust\u00e9e \u00e9pouse parfaitement la","og_url":"https:\/\/elu.com.tn\/index.php\/produit\/t-shirt-future-is-created-style-minimaliste-inspirant\/","og_site_name":"Elu","article_publisher":"https:\/\/www.facebook.com\/ELU.PRET.A.PORTER.ET.ACCESSOIRES\/?locale=fr_FR","article_modified_time":"2026-04-26T17:46:42+00:00","og_image":[{"width":1371,"height":1920,"url":"https:\/\/elu.com.tn\/wp-content\/uploads\/2026\/04\/DSC04646.jpg","type":"image\/jpeg"}],"twitter_card":"summary_large_image","twitter_misc":{"Disponibilit\u00e9":"En stock"},"schema":{"@context":"https:\/\/schema.org","@graph":[{"@type":"WebPage","@id":"https:\/\/elu.com.tn\/index.php\/produit\/t-shirt-future-is-created-style-minimaliste-inspirant\/","url":"https:\/\/elu.com.tn\/index.php\/produit\/t-shirt-future-is-created-style-minimaliste-inspirant\/","name":"T-shirt \u201cFuture is Created\u201d \u2013 Style Minimaliste &amp; Inspirant - Elu","isPartOf":{"@id":"https:\/\/elu.com.tn\/#website"},"primaryImageOfPage":{"@id":"https:\/\/elu.com.tn\/index.php\/produit\/t-shirt-future-is-created-style-minimaliste-inspirant\/#primaryimage"},"image":{"@id":"https:\/\/elu.com.tn\/index.php\/produit\/t-shirt-future-is-created-style-minimaliste-inspirant\/#primaryimage"},"thumbnailUrl":"https:\/\/elu.com.tn\/wp-content\/uploads\/2026\/04\/DSC04646.jpg","datePublished":"2026-04-24T14:49:54+00:00","dateModified":"2026-04-26T17:46:42+00:00","breadcrumb":{"@id":"https:\/\/elu.com.tn\/index.php\/produit\/t-shirt-future-is-created-style-minimaliste-inspirant\/#breadcrumb"},"inLanguage":"fr-FR","potentialAction":[{"@type":"ReadAction","target":["https:\/\/elu.com.tn\/index.php\/produit\/t-shirt-future-is-created-style-minimaliste-inspirant\/"]}]},{"@type":"ImageObject","inLanguage":"fr-FR","@id":"https:\/\/elu.com.tn\/index.php\/produit\/t-shirt-future-is-created-style-minimaliste-inspirant\/#primaryimage","url":"https:\/\/elu.com.tn\/wp-content\/uploads\/2026\/04\/DSC04646.jpg","contentUrl":"https:\/\/elu.com.tn\/wp-content\/uploads\/2026\/04\/DSC04646.jpg","width":1371,"height":1920},{"@type":"BreadcrumbList","@id":"https:\/\/elu.com.tn\/index.php\/produit\/t-shirt-future-is-created-style-minimaliste-inspirant\/#breadcrumb","itemListElement":[{"@type":"ListItem","position":1,"name":"Accueil","item":"https:\/\/elu.com.tn\/"},{"@type":"ListItem","position":2,"name":"Boutique","item":"https:\/\/elu.com.tn\/index.php\/shop\/"},{"@type":"ListItem","position":3,"name":"T-shirt \u201cFuture is Created\u201d \u2013 Style Minimaliste &amp; Inspirant"}]},{"@type":"WebSite","@id":"https:\/\/elu.com.tn\/#website","url":"https:\/\/elu.com.tn\/","name":"Elu","description":"","publisher":{"@id":"https:\/\/elu.com.tn\/#organization"},"potentialAction":[{"@type":"SearchAction","target":{"@type":"EntryPoint","urlTemplate":"https:\/\/elu.com.tn\/?s={search_term_string}"},"query-input":{"@type":"PropertyValueSpecification","valueRequired":true,"valueName":"search_term_string"}}],"inLanguage":"fr-FR"},{"@type":["Organization","Place"],"@id":"https:\/\/elu.com.tn\/#organization","name":"Elu","url":"https:\/\/elu.com.tn\/","logo":{"@type":"ImageObject","inLanguage":"fr-FR","@id":"https:\/\/elu.com.tn\/#\/schema\/logo\/image\/","url":"https:\/\/elu.com.tn\/wp-content\/uploads\/2024\/12\/1-stores_default.png","contentUrl":"https:\/\/elu.com.tn\/wp-content\/uploads\/2024\/12\/1-stores_default.png","width":170,"height":115,"caption":"Elu"},"image":{"@id":"https:\/\/elu.com.tn\/#\/schema\/logo\/image\/"},"sameAs":["https:\/\/www.facebook.com\/ELU.PRET.A.PORTER.ET.ACCESSOIRES\/?locale=fr_FR","https:\/\/www.instagram.com\/elu_insta\/?hl=fr"],"mainEntityOfPage":{"@id":"https:\/\/elu.com.tn\/index.php\/produit\/t-shirt-future-is-created-style-minimaliste-inspirant\/"}}]},"og_availability":"instock","product_availability":"instock","product_retailer_item_id":"PUH3326","product_condition":"new","geo.placename":"sousse","geo.position":{"lat":"35.831322690284125","long":"10.633209332900613"},"geo.region":"Tunisie"},"jetpack_sharing_enabled":true,"_links":{"self":[{"href":"https:\/\/elu.com.tn\/index.php\/wp-json\/wp\/v2\/product\/35984","targetHints":{"allow":["GET"]}}],"collection":[{"href":"https:\/\/elu.com.tn\/index.php\/wp-json\/wp\/v2\/product"}],"about":[{"href":"https:\/\/elu.com.tn\/index.php\/wp-json\/wp\/v2\/types\/product"}],"replies":[{"embeddable":true,"href":"https:\/\/elu.com.tn\/index.php\/wp-json\/wp\/v2\/comments?post=35984"}],"version-history":[{"count":2,"href":"https:\/\/elu.com.tn\/index.php\/wp-json\/wp\/v2\/product\/35984\/revisions"}],"predecessor-version":[{"id":36004,"href":"https:\/\/elu.com.tn\/index.php\/wp-json\/wp\/v2\/product\/35984\/revisions\/36004"}],"wp:featuredmedia":[{"embeddable":true,"href":"https:\/\/elu.com.tn\/index.php\/wp-json\/wp\/v2\/media\/35946"}],"wp:attachment":[{"href":"https:\/\/elu.com.tn\/index.php\/wp-json\/wp\/v2\/media?parent=35984"}],"wp:term":[{"taxonomy":"product_brand","embeddable":true,"href":"https:\/\/elu.com.tn\/index.php\/wp-json\/wp\/v2\/product_brand?post=35984"},{"taxonomy":"product_cat","embeddable":true,"href":"https:\/\/elu.com.tn\/index.php\/wp-json\/wp\/v2\/product_cat?post=35984"},{"taxonomy":"product_tag","embeddable":true,"href":"https:\/\/elu.com.tn\/index.php\/wp-json\/wp\/v2\/product_tag?post=35984"}],"curies":[{"name":"wp","href":"https:\/\/api.w.org\/{rel}","templated":true}]}}