{"id":36009,"date":"2026-04-24T15:21:26","date_gmt":"2026-04-24T15:21:26","guid":{"rendered":"https:\/\/elu.com.tn\/?post_type=product&#038;p=36009"},"modified":"2026-04-26T17:46:41","modified_gmt":"2026-04-26T17:46:41","slug":"t-shirt-a-imprime-graphique-style-minimaliste-artistique","status":"publish","type":"product","link":"https:\/\/elu.com.tn\/index.php\/produit\/t-shirt-a-imprime-graphique-style-minimaliste-artistique\/","title":{"rendered":"T-shirt \u00e0 imprim\u00e9 graphique \u2013 Style minimaliste artistique"},"content":{"rendered":"<p data-start=\"145\" data-end=\"366\">Optez pour un look moderne et expressif avec ce t-shirt\u00a0 \u00e0 manches courtes. Con\u00e7u dans une coupe confortable et l\u00e9g\u00e8rement ample, il s\u2019adapte facilement \u00e0 toutes les silhouettes pour un style d\u00e9contract\u00e9 au quotidien.<\/p>\n<p data-start=\"368\" data-end=\"662\">\u00c0 l\u2019avant, un petit motif graphique accompagn\u00e9 du message <strong data-start=\"426\" data-end=\"477\">\u00ab Inspired by the things you&rsquo;ve never told me \u00bb<\/strong> apporte une touche subtile et introspective. Au dos, un grand imprim\u00e9 artistique en blanc repr\u00e9sentant des formes v\u00e9g\u00e9tales abstraites cr\u00e9e un contraste fort et visuellement impactant.<\/p>\n<p data-start=\"664\" data-end=\"809\">\ud83d\udd39 <strong data-start=\"667\" data-end=\"678\">Couleur<\/strong> : Noir ET Blanc avec imprim\u00e9 blanc et noir<br data-start=\"704\" data-end=\"707\" \/>\ud83d\udd39 <strong data-start=\"710\" data-end=\"719\">Coupe<\/strong> : D\u00e9contract\u00e9e \/ ample<br data-start=\"742\" data-end=\"745\" \/>\ud83d\udd39 <strong data-start=\"748\" data-end=\"755\">Col<\/strong> : Rond<br data-start=\"762\" data-end=\"765\" \/>\ud83d\udd39 <strong data-start=\"768\" data-end=\"779\">Manches<\/strong> : Courtes<br data-start=\"789\" data-end=\"792\" data-is-only-node=\"\" \/>\ud83d\udd39 <strong data-start=\"795\" data-end=\"805\">Design<\/strong> :<\/p>\n<ul data-start=\"810\" data-end=\"933\">\n<li data-section-id=\"1q7fql8\" data-start=\"810\" data-end=\"850\">Petit visuel + texte sur la poitrine<\/li>\n<li data-section-id=\"j7uj8z\" data-start=\"851\" data-end=\"933\">Grand motif graphique au dos<br data-start=\"881\" data-end=\"884\" \/>\ud83d\udd39 <strong data-start=\"887\" data-end=\"896\">Style<\/strong> : Urbain, contemporain, artistique<\/li>\n<\/ul>\n","protected":false},"excerpt":{"rendered":"<p>Optez pour un look moderne et expressif avec ce t-shirt\u00a0 \u00e0 manches courtes. Con\u00e7u dans une coupe confortable et l\u00e9g\u00e8rement<\/p>\n","protected":false},"featured_media":36014,"comment_status":"open","ping_status":"closed","template":"","meta":[],"product_brand":[],"product_cat":[119,116],"product_tag":[],"class_list":{"0":"post-36009","1":"product","2":"type-product","3":"status-publish","4":"has-post-thumbnail","6":"product_cat-pulls","7":"product_cat-vetements-hommes","9":"first","10":"instock","11":"shipping-taxable","12":"purchasable","13":"product-type-variable","14":"has-default-attributes"},"yoast_head":"<!-- This site is optimized with the Yoast SEO Premium plugin v25.1 (Yoast SEO v27.4) - https:\/\/yoast.com\/product\/yoast-seo-premium-wordpress\/ -->\n<title>T-shirt \u00e0 imprim\u00e9 graphique \u2013 Style minimaliste artistique - Elu<\/title>\n<meta name=\"robots\" content=\"index, follow, max-snippet:-1, max-image-preview:large, max-video-preview:-1\" \/>\n<link rel=\"canonical\" href=\"https:\/\/elu.com.tn\/index.php\/produit\/t-shirt-a-imprime-graphique-style-minimaliste-artistique\/\" \/>\n<meta property=\"og:locale\" content=\"fr_FR\" \/>\n<meta property=\"og:type\" content=\"article\" \/>\n<meta property=\"og:title\" content=\"T-shirt \u00e0 imprim\u00e9 graphique \u2013 Style minimaliste artistique\" \/>\n<meta property=\"og:description\" content=\"Optez pour un look moderne et expressif avec ce t-shirt\u00a0 \u00e0 manches courtes. Con\u00e7u dans une coupe confortable et l\u00e9g\u00e8rement\" \/>\n<meta property=\"og:url\" content=\"https:\/\/elu.com.tn\/index.php\/produit\/t-shirt-a-imprime-graphique-style-minimaliste-artistique\/\" \/>\n<meta property=\"og:site_name\" content=\"Elu\" \/>\n<meta property=\"article:publisher\" content=\"https:\/\/www.facebook.com\/ELU.PRET.A.PORTER.ET.ACCESSOIRES\/?locale=fr_FR\" \/>\n<meta property=\"article:modified_time\" content=\"2026-04-26T17:46:41+00:00\" \/>\n<meta property=\"og:image\" content=\"https:\/\/elu.com.tn\/wp-content\/uploads\/2026\/04\/DSC04632.jpg\" \/>\n\t<meta property=\"og:image:width\" content=\"1371\" \/>\n\t<meta property=\"og:image:height\" content=\"1920\" \/>\n\t<meta property=\"og:image:type\" content=\"image\/jpeg\" \/>\n<meta name=\"twitter:card\" content=\"summary_large_image\" \/>\n<meta name=\"twitter:label1\" content=\"Disponibilit\u00e9\" \/>\n\t<meta name=\"twitter:data1\" content=\"En stock\" \/>\n<script type=\"application\/ld+json\" class=\"yoast-schema-graph\">{\"@context\":\"https:\\\/\\\/schema.org\",\"@graph\":[{\"@type\":\"WebPage\",\"@id\":\"https:\\\/\\\/elu.com.tn\\\/index.php\\\/produit\\\/t-shirt-a-imprime-graphique-style-minimaliste-artistique\\\/\",\"url\":\"https:\\\/\\\/elu.com.tn\\\/index.php\\\/produit\\\/t-shirt-a-imprime-graphique-style-minimaliste-artistique\\\/\",\"name\":\"T-shirt \u00e0 imprim\u00e9 graphique \u2013 Style minimaliste artistique - Elu\",\"isPartOf\":{\"@id\":\"https:\\\/\\\/elu.com.tn\\\/#website\"},\"primaryImageOfPage\":{\"@id\":\"https:\\\/\\\/elu.com.tn\\\/index.php\\\/produit\\\/t-shirt-a-imprime-graphique-style-minimaliste-artistique\\\/#primaryimage\"},\"image\":{\"@id\":\"https:\\\/\\\/elu.com.tn\\\/index.php\\\/produit\\\/t-shirt-a-imprime-graphique-style-minimaliste-artistique\\\/#primaryimage\"},\"thumbnailUrl\":\"https:\\\/\\\/elu.com.tn\\\/wp-content\\\/uploads\\\/2026\\\/04\\\/DSC04632.jpg\",\"datePublished\":\"2026-04-24T15:21:26+00:00\",\"dateModified\":\"2026-04-26T17:46:41+00:00\",\"breadcrumb\":{\"@id\":\"https:\\\/\\\/elu.com.tn\\\/index.php\\\/produit\\\/t-shirt-a-imprime-graphique-style-minimaliste-artistique\\\/#breadcrumb\"},\"inLanguage\":\"fr-FR\",\"potentialAction\":[{\"@type\":\"ReadAction\",\"target\":[\"https:\\\/\\\/elu.com.tn\\\/index.php\\\/produit\\\/t-shirt-a-imprime-graphique-style-minimaliste-artistique\\\/\"]}]},{\"@type\":\"ImageObject\",\"inLanguage\":\"fr-FR\",\"@id\":\"https:\\\/\\\/elu.com.tn\\\/index.php\\\/produit\\\/t-shirt-a-imprime-graphique-style-minimaliste-artistique\\\/#primaryimage\",\"url\":\"https:\\\/\\\/elu.com.tn\\\/wp-content\\\/uploads\\\/2026\\\/04\\\/DSC04632.jpg\",\"contentUrl\":\"https:\\\/\\\/elu.com.tn\\\/wp-content\\\/uploads\\\/2026\\\/04\\\/DSC04632.jpg\",\"width\":1371,\"height\":1920},{\"@type\":\"BreadcrumbList\",\"@id\":\"https:\\\/\\\/elu.com.tn\\\/index.php\\\/produit\\\/t-shirt-a-imprime-graphique-style-minimaliste-artistique\\\/#breadcrumb\",\"itemListElement\":[{\"@type\":\"ListItem\",\"position\":1,\"name\":\"Accueil\",\"item\":\"https:\\\/\\\/elu.com.tn\\\/\"},{\"@type\":\"ListItem\",\"position\":2,\"name\":\"Boutique\",\"item\":\"https:\\\/\\\/elu.com.tn\\\/index.php\\\/shop\\\/\"},{\"@type\":\"ListItem\",\"position\":3,\"name\":\"T-shirt \u00e0 imprim\u00e9 graphique \u2013 Style minimaliste artistique\"}]},{\"@type\":\"WebSite\",\"@id\":\"https:\\\/\\\/elu.com.tn\\\/#website\",\"url\":\"https:\\\/\\\/elu.com.tn\\\/\",\"name\":\"Elu\",\"description\":\"\",\"publisher\":{\"@id\":\"https:\\\/\\\/elu.com.tn\\\/#organization\"},\"potentialAction\":[{\"@type\":\"SearchAction\",\"target\":{\"@type\":\"EntryPoint\",\"urlTemplate\":\"https:\\\/\\\/elu.com.tn\\\/?s={search_term_string}\"},\"query-input\":{\"@type\":\"PropertyValueSpecification\",\"valueRequired\":true,\"valueName\":\"search_term_string\"}}],\"inLanguage\":\"fr-FR\"},{\"@type\":[\"Organization\",\"Place\"],\"@id\":\"https:\\\/\\\/elu.com.tn\\\/#organization\",\"name\":\"Elu\",\"url\":\"https:\\\/\\\/elu.com.tn\\\/\",\"logo\":{\"@type\":\"ImageObject\",\"inLanguage\":\"fr-FR\",\"@id\":\"https:\\\/\\\/elu.com.tn\\\/#\\\/schema\\\/logo\\\/image\\\/\",\"url\":\"https:\\\/\\\/elu.com.tn\\\/wp-content\\\/uploads\\\/2024\\\/12\\\/1-stores_default.png\",\"contentUrl\":\"https:\\\/\\\/elu.com.tn\\\/wp-content\\\/uploads\\\/2024\\\/12\\\/1-stores_default.png\",\"width\":170,\"height\":115,\"caption\":\"Elu\"},\"image\":{\"@id\":\"https:\\\/\\\/elu.com.tn\\\/#\\\/schema\\\/logo\\\/image\\\/\"},\"sameAs\":[\"https:\\\/\\\/www.facebook.com\\\/ELU.PRET.A.PORTER.ET.ACCESSOIRES\\\/?locale=fr_FR\",\"https:\\\/\\\/www.instagram.com\\\/elu_insta\\\/?hl=fr\"],\"mainEntityOfPage\":{\"@id\":\"https:\\\/\\\/elu.com.tn\\\/index.php\\\/produit\\\/t-shirt-a-imprime-graphique-style-minimaliste-artistique\\\/\"}}]}<\/script>\n<meta property=\"og:availability\" content=\"instock\" \/>\n<meta property=\"product:availability\" content=\"instock\" \/>\n<meta property=\"product:retailer_item_id\" content=\"PUH2726\" \/>\n<meta property=\"product:condition\" content=\"new\" \/>\n<meta name=\"geo.placename\" content=\"sousse\" \/>\n<meta name=\"geo.position\" content=\"35.831322690284125;10.633209332900613\" \/>\n<meta name=\"geo.region\" content=\"Tunisie\" \/>\n<!-- \/ Yoast SEO Premium plugin. -->","yoast_head_json":{"title":"T-shirt \u00e0 imprim\u00e9 graphique \u2013 Style minimaliste artistique - Elu","robots":{"index":"index","follow":"follow","max-snippet":"max-snippet:-1","max-image-preview":"max-image-preview:large","max-video-preview":"max-video-preview:-1"},"canonical":"https:\/\/elu.com.tn\/index.php\/produit\/t-shirt-a-imprime-graphique-style-minimaliste-artistique\/","og_locale":"fr_FR","og_type":"article","og_title":"T-shirt \u00e0 imprim\u00e9 graphique \u2013 Style minimaliste artistique","og_description":"Optez pour un look moderne et expressif avec ce t-shirt\u00a0 \u00e0 manches courtes. Con\u00e7u dans une coupe confortable et l\u00e9g\u00e8rement","og_url":"https:\/\/elu.com.tn\/index.php\/produit\/t-shirt-a-imprime-graphique-style-minimaliste-artistique\/","og_site_name":"Elu","article_publisher":"https:\/\/www.facebook.com\/ELU.PRET.A.PORTER.ET.ACCESSOIRES\/?locale=fr_FR","article_modified_time":"2026-04-26T17:46:41+00:00","og_image":[{"width":1371,"height":1920,"url":"https:\/\/elu.com.tn\/wp-content\/uploads\/2026\/04\/DSC04632.jpg","type":"image\/jpeg"}],"twitter_card":"summary_large_image","twitter_misc":{"Disponibilit\u00e9":"En stock"},"schema":{"@context":"https:\/\/schema.org","@graph":[{"@type":"WebPage","@id":"https:\/\/elu.com.tn\/index.php\/produit\/t-shirt-a-imprime-graphique-style-minimaliste-artistique\/","url":"https:\/\/elu.com.tn\/index.php\/produit\/t-shirt-a-imprime-graphique-style-minimaliste-artistique\/","name":"T-shirt \u00e0 imprim\u00e9 graphique \u2013 Style minimaliste artistique - Elu","isPartOf":{"@id":"https:\/\/elu.com.tn\/#website"},"primaryImageOfPage":{"@id":"https:\/\/elu.com.tn\/index.php\/produit\/t-shirt-a-imprime-graphique-style-minimaliste-artistique\/#primaryimage"},"image":{"@id":"https:\/\/elu.com.tn\/index.php\/produit\/t-shirt-a-imprime-graphique-style-minimaliste-artistique\/#primaryimage"},"thumbnailUrl":"https:\/\/elu.com.tn\/wp-content\/uploads\/2026\/04\/DSC04632.jpg","datePublished":"2026-04-24T15:21:26+00:00","dateModified":"2026-04-26T17:46:41+00:00","breadcrumb":{"@id":"https:\/\/elu.com.tn\/index.php\/produit\/t-shirt-a-imprime-graphique-style-minimaliste-artistique\/#breadcrumb"},"inLanguage":"fr-FR","potentialAction":[{"@type":"ReadAction","target":["https:\/\/elu.com.tn\/index.php\/produit\/t-shirt-a-imprime-graphique-style-minimaliste-artistique\/"]}]},{"@type":"ImageObject","inLanguage":"fr-FR","@id":"https:\/\/elu.com.tn\/index.php\/produit\/t-shirt-a-imprime-graphique-style-minimaliste-artistique\/#primaryimage","url":"https:\/\/elu.com.tn\/wp-content\/uploads\/2026\/04\/DSC04632.jpg","contentUrl":"https:\/\/elu.com.tn\/wp-content\/uploads\/2026\/04\/DSC04632.jpg","width":1371,"height":1920},{"@type":"BreadcrumbList","@id":"https:\/\/elu.com.tn\/index.php\/produit\/t-shirt-a-imprime-graphique-style-minimaliste-artistique\/#breadcrumb","itemListElement":[{"@type":"ListItem","position":1,"name":"Accueil","item":"https:\/\/elu.com.tn\/"},{"@type":"ListItem","position":2,"name":"Boutique","item":"https:\/\/elu.com.tn\/index.php\/shop\/"},{"@type":"ListItem","position":3,"name":"T-shirt \u00e0 imprim\u00e9 graphique \u2013 Style minimaliste artistique"}]},{"@type":"WebSite","@id":"https:\/\/elu.com.tn\/#website","url":"https:\/\/elu.com.tn\/","name":"Elu","description":"","publisher":{"@id":"https:\/\/elu.com.tn\/#organization"},"potentialAction":[{"@type":"SearchAction","target":{"@type":"EntryPoint","urlTemplate":"https:\/\/elu.com.tn\/?s={search_term_string}"},"query-input":{"@type":"PropertyValueSpecification","valueRequired":true,"valueName":"search_term_string"}}],"inLanguage":"fr-FR"},{"@type":["Organization","Place"],"@id":"https:\/\/elu.com.tn\/#organization","name":"Elu","url":"https:\/\/elu.com.tn\/","logo":{"@type":"ImageObject","inLanguage":"fr-FR","@id":"https:\/\/elu.com.tn\/#\/schema\/logo\/image\/","url":"https:\/\/elu.com.tn\/wp-content\/uploads\/2024\/12\/1-stores_default.png","contentUrl":"https:\/\/elu.com.tn\/wp-content\/uploads\/2024\/12\/1-stores_default.png","width":170,"height":115,"caption":"Elu"},"image":{"@id":"https:\/\/elu.com.tn\/#\/schema\/logo\/image\/"},"sameAs":["https:\/\/www.facebook.com\/ELU.PRET.A.PORTER.ET.ACCESSOIRES\/?locale=fr_FR","https:\/\/www.instagram.com\/elu_insta\/?hl=fr"],"mainEntityOfPage":{"@id":"https:\/\/elu.com.tn\/index.php\/produit\/t-shirt-a-imprime-graphique-style-minimaliste-artistique\/"}}]},"og_availability":"instock","product_availability":"instock","product_retailer_item_id":"PUH2726","product_condition":"new","geo.placename":"sousse","geo.position":{"lat":"35.831322690284125","long":"10.633209332900613"},"geo.region":"Tunisie"},"jetpack_sharing_enabled":true,"_links":{"self":[{"href":"https:\/\/elu.com.tn\/index.php\/wp-json\/wp\/v2\/product\/36009","targetHints":{"allow":["GET"]}}],"collection":[{"href":"https:\/\/elu.com.tn\/index.php\/wp-json\/wp\/v2\/product"}],"about":[{"href":"https:\/\/elu.com.tn\/index.php\/wp-json\/wp\/v2\/types\/product"}],"replies":[{"embeddable":true,"href":"https:\/\/elu.com.tn\/index.php\/wp-json\/wp\/v2\/comments?post=36009"}],"version-history":[{"count":1,"href":"https:\/\/elu.com.tn\/index.php\/wp-json\/wp\/v2\/product\/36009\/revisions"}],"predecessor-version":[{"id":36026,"href":"https:\/\/elu.com.tn\/index.php\/wp-json\/wp\/v2\/product\/36009\/revisions\/36026"}],"wp:featuredmedia":[{"embeddable":true,"href":"https:\/\/elu.com.tn\/index.php\/wp-json\/wp\/v2\/media\/36014"}],"wp:attachment":[{"href":"https:\/\/elu.com.tn\/index.php\/wp-json\/wp\/v2\/media?parent=36009"}],"wp:term":[{"taxonomy":"product_brand","embeddable":true,"href":"https:\/\/elu.com.tn\/index.php\/wp-json\/wp\/v2\/product_brand?post=36009"},{"taxonomy":"product_cat","embeddable":true,"href":"https:\/\/elu.com.tn\/index.php\/wp-json\/wp\/v2\/product_cat?post=36009"},{"taxonomy":"product_tag","embeddable":true,"href":"https:\/\/elu.com.tn\/index.php\/wp-json\/wp\/v2\/product_tag?post=36009"}],"curies":[{"name":"wp","href":"https:\/\/api.w.org\/{rel}","templated":true}]}}